{"id":4624,"date":"2021-01-26T09:13:40","date_gmt":"2021-01-26T08:13:40","guid":{"rendered":"https:\/\/hotel-marcopolo.com\/?page_id=4624"},"modified":"2024-10-18T17:57:15","modified_gmt":"2024-10-18T15:57:15","slug":"heritage-vila-nobile","status":"publish","type":"page","link":"https:\/\/hotel-marcopolo.com\/hr\/heritage-vila-nobile\/","title":{"rendered":"Heritage Vila Nobile"},"content":{"rendered":"<div class=\"wpb-content-wrapper\">[vc_row full_width=&#8221;stretch_row_content&#8221; css=&#8221;.vc_custom_1581952388479{padding-top: 50px !important;background-color: #d2cdae !important;}&#8221;][vc_column parallax=&#8221;content-moving-fade&#8221; parallax_image=&#8221;2351&#8243; css=&#8221;.vc_custom_1581945136318{padding-right: 0px !important;padding-left: 0px !important;}&#8221;]<h1 class=\"calluna-heading calluna-heading-single-line text-align-center \" style=\"font-size: 40px;\"><span>NA\u0160A PRI\u010cA I IDEJA<\/span><\/h1>[vc_column_text]\n<p style=\"text-align: center;\">Dobrodo\u0161li u &#8220;na\u0161u&#8221; Heritage Villa Nobile!<br \/>\nOd sada, mo\u017eete se osje\u0107ati kao plemi\u0107!<br \/>\nZa mnoge koji su ovdje bIli prije vas<br \/>\nBili su uistinu plemi\u0107kog duha ili plemi\u0107kog podrijetla:<br \/>\nMuzi\u010dar Rubricius, Doktor Pugliesi,Admiral Ohmu\u010devi\u0107, Pisac Vojnovi\u0107 i Prosvjetitelj Haler<br \/>\nSvaka soba se prisje\u0107a \u017eivota,naslje\u0111a i postignu\u0107a jedne osobe,<br \/>\nDonose\u0107i slavnu pro\u0161lost ove Vile u sada\u0161njost.<\/p>\n[\/vc_column_text][\/vc_column][\/vc_row][vc_row full_width=&#8221;stretch_row_content_no_spaces&#8221;][vc_column css=&#8221;.vc_custom_1582453426809{padding-top: 150px !important;padding-right: 0px !important;padding-bottom: 115px !important;padding-left: 0px !important;background-image: url(https:\/\/hotel-marcopolo.com\/wp-content\/uploads\/2020\/02\/pile_010.jpg?id=3321) !important;background-position: center !important;background-repeat: no-repeat !important;background-size: cover !important;}&#8221;][vc_column_text]\n<p style=\"text-align: center;\">\t<a class=\"paoc-popup-click paoc-popup-cust-4741 paoc-popup-button paoc-popup-btn \" href=\"javascript:void(0);\">Read More<\/a>\r\n\n[\/vc_column_text][\/vc_column][\/vc_row][vc_row full_width=&#8221;stretch_row_content&#8221; css=&#8221;.vc_custom_1582203518658{padding-top: 50px !important;}&#8221; el_class=&#8221;accent-background&#8221;][vc_column]<h2 class=\"calluna-heading calluna-heading-single-line text-align-center \" ><span>SADR\u017dAJI I USLUGE<\/span><\/h2>[\/vc_column][vc_column width=&#8221;1\/3&#8243;][vc_column_text css=&#8221;.vc_custom_1582365427754{padding-right: 20px !important;padding-bottom: 50px !important;padding-left: 20px !important;}&#8221;]\n<ul>\n<li>6 LUKSUZNIH SOBA<\/li>\n<li>Sve sobe kao i hotel su za nepu\u0161a\u010de<\/li>\n<li>Zdravi i bogati doru\u010dak<\/li>\n<li>Izolirani vrt s pogledom na Stari grad i more<\/li>\n<li>Samo 50 m do glavnog ulaza u Stari grad<\/li>\n<li>Concierge Service<\/li>\n<\/ul>\n[\/vc_column_text][\/vc_column][vc_column width=&#8221;1\/3&#8243;][vc_column_text css=&#8221;.vc_custom_1582365455762{padding-right: 20px !important;padding-bottom: 50px !important;padding-left: 20px !important;}&#8221;]\n<ul>\n<li>Personalizirana usluga<\/li>\n<li>Besplatan WiFi u cijelom hotelu i vrtu<\/li>\n<li>Iznajmljivanje auta\/brodica\/bicikli<\/li>\n<li>Jedinstveni lokalni izleti<\/li>\n<li>Besplatni \u0161ugamani za pla\u017eu<\/li>\n<li>Usluge pranja i peglanja<\/li>\n<\/ul>\n[\/vc_column_text][\/vc_column][vc_column width=&#8221;1\/3&#8243;][vc_column_text css=&#8221;.vc_custom_1582365464729{padding-right: 20px !important;padding-bottom: 50px !important;padding-left: 20px !important;}&#8221;]\n<ul>\n<li>TV\/SatTV<\/li>\n<li>InternetTV<\/li>\n<li>Transfer od &#8211; do Zra\u010dne luke<\/li>\n<li>Grijanje \/ klima ure\u0111aji<\/li>\n<li>Minibar\/aparat za kavu ili \u010daj u sobi<\/li>\n<li>Papu\u010de\/Ogrta\u010d\/Su\u0161ilo za kosu\/mekani ru\u010dnici<\/li>\n<li>Sefovi u svim sobama za Laptop<\/li>\n<\/ul>\n[\/vc_column_text][\/vc_column][\/vc_row][vc_row full_width=&#8221;stretch_row_content_no_spaces&#8221; css=&#8221;.vc_custom_1582366558870{background-position: center !important;background-repeat: no-repeat !important;background-size: cover !important;}&#8221;][vc_column css=&#8221;.vc_custom_1582366694639{padding-top: 0px !important;}&#8221;][vc_column_text css=&#8221;.vc_custom_1612253321622{margin-bottom: 0px !important;padding-bottom: 0px !important;}&#8221;]\n\t\t<!-- MasterSlider -->\n\t\t<div id=\"P_MS69d28cd90e063\" class=\"master-slider-parent ms-parent-id-33\"  >\n\n\t\t\t\n\t\t\t<!-- MasterSlider Main -->\n\t\t\t<div id=\"MS69d28cd90e063\" class=\"master-slider ms-skin-calluna\" >\n\t\t\t\t \t\t\t\t \n\n\t\t\t<div  class=\"ms-slide\" data-delay=\"2.8\" data-fill-mode=\"fill\"   >\n\t\t\t\t\t<img decoding=\"async\" src=\"https:\/\/hotel-marcopolo.com\/wp-content\/plugins\/masterslider\/public\/assets\/css\/blank.gif\" alt=\"m1  \" title=\"Heritage Vila Nobile  \" data-src=\"https:\/\/hotel-marcopolo.com\/wp-content\/uploads\/2020\/06\/m1.jpg\" \/>\n\n\t\t\t\t\t<div  class=\"ms-layer  msp-cn-8-22\" style=\"width:800px;\"   data-effect=\"t(true,n,n,-500,n,n,n,n,n,n,n,n,n,n,n)\" data-duration=\"1500\" data-delay=\"1012\" data-ease=\"easeOutQuint\"                data-offset-x=\"1\" data-offset-y=\"100\" data-origin=\"mc\" data-position=\"normal\"  >\n<h3 style=\"color: #fff; text-shadow: 0 2px 2px #000;\">Overlooking the walls and sea\u00a0<\/h3><\/div>\n\n\n\t\t\t\t<\/div>\n\t\t\t<div  class=\"ms-slide\" data-delay=\"2.8\" data-fill-mode=\"fill\"   >\n\t\t\t\t\t<img decoding=\"async\" src=\"https:\/\/hotel-marcopolo.com\/wp-content\/plugins\/masterslider\/public\/assets\/css\/blank.gif\" alt=\"m2  \" title=\"Heritage Vila Nobile  \" data-src=\"https:\/\/hotel-marcopolo.com\/wp-content\/uploads\/2020\/06\/m2.jpg\" \/>\n\n\t\t\t\t\t<div  class=\"ms-layer  msp-cn-1-43\" style=\"width:800px;\"   data-effect=\"t(true,n,n,-500,n,n,n,n,n,n,n,n,n,n,n)\" data-duration=\"1500\" data-delay=\"1000\" data-ease=\"easeOutQuint\"                data-offset-x=\"1\" data-offset-y=\"100\" data-origin=\"mc\" data-position=\"normal\"  >\n<h3 style=\"color: #fff; text-shadow: 0 2px 2px #000;\">like a Museum\u2026<\/h3><\/div>\n\n\n\t\t\t\t<\/div>\n\t\t\t<div  class=\"ms-slide\" data-delay=\"2.8\" data-fill-mode=\"fill\"   >\n\t\t\t\t\t<img decoding=\"async\" src=\"https:\/\/hotel-marcopolo.com\/wp-content\/plugins\/masterslider\/public\/assets\/css\/blank.gif\" alt=\"m3  \" title=\"Heritage Vila Nobile  \" data-src=\"https:\/\/hotel-marcopolo.com\/wp-content\/uploads\/2020\/06\/m3.jpg\" \/>\n\n\t\t\t\t\t<div  class=\"ms-layer  msp-cn-11-48\" style=\"width:800px;\"   data-effect=\"t(true,n,n,-500,n,n,n,n,n,n,n,n,n,n,n)\" data-duration=\"1500\" data-delay=\"1000\" data-ease=\"easeOutQuint\"                data-offset-x=\"1\" data-offset-y=\"100\" data-origin=\"mc\" data-position=\"normal\"  >\n<h3 style=\"color: #fff; text-shadow: 0 2px 2px #000;\">6 remarkeble persons and their profession<\/h3><\/div>\n\n\n\t\t\t\t<\/div>\n\n\t\t\t<\/div>\n\t\t\t<!-- END MasterSlider Main -->\n\n\t\t\t \n\t\t<\/div>\n\t\t<!-- END MasterSlider -->\n\n\t\t<script>\n\t\t( window.MSReady = window.MSReady || [] ).push( function( $ ) {\n\n\t\t\t\"use strict\";\n\t\t\tvar masterslider_e063 = new MasterSlider();\n\n\t\t\t\/\/ slider controls\n\t\t\tmasterslider_e063.control('arrows'     ,{ autohide:true, overVideo:true  });\n\t\t\tmasterslider_e063.control('bullets'    ,{ autohide:false, overVideo:true, dir:'h', align:'bottom', space:11 , margin:16  });\n\t\t\tmasterslider_e063.control('timebar'    ,{ autohide:false, overVideo:true, align:'top', color:'#0b1d42'  , width:4 });\n\t\t\t\/\/ slider setup\n\t\t\tmasterslider_e063.setup(\"MS69d28cd90e063\", {\n\t\t\t\twidth           : 1180,\n\t\t\t\theight          : 525,\n\t\t\t\tminHeight       : 0,\n\t\t\t\tspace           : 0,\n\t\t\t\tstart           : 1,\n\t\t\t\tgrabCursor      : true,\n\t\t\t\tswipe           : true,\n\t\t\t\tmouse           : true,\n\t\t\t\tkeyboard        : false,\n\t\t\t\tlayout          : \"fullwidth\",\n\t\t\t\twheel           : false,\n\t\t\t\tautoplay        : true,\n                instantStartLayers:true,\n\t\t\t\tmobileBGVideo:false,\n\t\t\t\tloop            : false,\n\t\t\t\tshuffle         : false,\n\t\t\t\tpreload         : 0,\n\t\t\t\theightLimit     : true,\n\t\t\t\tautoHeight      : false,\n\t\t\t\tsmoothHeight    : true,\n\t\t\t\tendPause        : false,\n\t\t\t\toverPause       : true,\n\t\t\t\tfillMode        : \"fill\",\n\t\t\t\tcenterControls  : false,\n\t\t\t\tstartOnAppear   : false,\n\t\t\t\tlayersMode      : \"center\",\n\t\t\t\tautofillTarget  : \"\",\n\t\t\t\thideLayers      : false,\n\t\t\t\tfullscreenMargin: 0,\n\t\t\t\tspeed           : 20,\n\t\t\t\tdir             : \"h\",\n\t\t\t\tparallaxMode    : 'swipe',\n\t\t\t\tview            : \"scale\"\n\t\t\t});\n\n\t\t\t\n\t\t\t$(\"head\").append( \"<link rel='stylesheet' id='ms-fonts'  href='\/\/fonts.googleapis.com\/css?family=Raleway:regular' type='text\/css' media='all' \/>\" );\n\n\t\t\twindow.masterslider_instances = window.masterslider_instances || [];\n\t\t\twindow.masterslider_instances.push( masterslider_e063 );\n\t\t});\n\t\t<\/script>\n\n[\/vc_column_text][\/vc_column][\/vc_row][vc_row full_width=&#8221;stretch_row_content_no_spaces&#8221; css=&#8221;.vc_custom_1581972331751{padding-bottom: 50px !important;background-color: #0f2453 !important;background-position: center !important;background-repeat: no-repeat !important;background-size: cover !important;}&#8221;][vc_column]<h2 class=\"calluna-heading calluna-heading-single-line text-align-center \" style=\"color: #967a50;\"><span>OSOBE, ZANIMANJA, SOBE<\/span><\/h2>[vc_column_text css=&#8221;.vc_custom_1593439265113{padding-right: 5% !important;padding-left: 5% !important;}&#8221;]\n<p style=\"text-align: center; color: #fff;\">U svom vrhuncu krajem 19. stolje\u0107a, na\u0161a vila i njezin bujni vrt bili su okupljali\u0161te gradskih intelektualnih elita. Postignu\u0107a i na\u010din \u017eivota \u0161est uglednih pojedinaca \u010diji su se putevi ukr\u0161tali izme\u0111u ovih zidova nadahnuli su <span style=\"font-size: 1.125rem;\">menitog podrijetla, a neki plemenitog duha, svaki je imao razli\u010dito zanimanje i u svom je podru\u010dju predvodio kulturni, ekonomski i dru\u0161tveni napredak grada i zemlje.Svaka na\u0161a soba posve\u0107ena je jednoj izuzetnoj osobi i njihovoj profesiji. U\u017eivajte u pri\u010di svoje sobe i probudite svog unutarnjeg plemi\u0107a!<\/span><\/p>\n[\/vc_column_text][\/vc_column][\/vc_row][vc_row full_width=&#8221;stretch_row_content_no_spaces&#8221; el_class=&#8221;sobe6&#8243;][vc_column width=&#8221;1\/3&#8243; css=&#8221;.vc_custom_1593440670295{padding-top: 0px !important;}&#8221;][vc_hoverbox image=&#8221;4167&#8243; primary_title=&#8221;The Musicians Room: Concertino di Rubricius&#8221; hover_title=&#8221;The Musicians Room&#8221; shape=&#8221;square&#8221;]<strong>Maria Rubricius &#8211; <\/strong><strong>This room is perfect for musicians, music-lovers, bridge games and friendship.<\/strong><\/p>\n\t<a class=\"paoc-popup-click paoc-popup-cust-4186 paoc-popup-button paoc-popup-btn \" href=\"javascript:void(0);\">Read more<\/a>\r\n[\/vc_hoverbox][\/vc_column][vc_column width=&#8221;1\/3&#8243; css=&#8221;.vc_custom_1593440697392{padding-top: 0px !important;}&#8221;][vc_hoverbox image=&#8221;4164&#8243; primary_title=&#8221;The Writers Room: Ivo Vojnovi\u0107&#8221; hover_title=&#8221;The Writers Room&#8221; shape=&#8221;square&#8221;]<strong>Ivo Vojnovi\u0107<\/strong><strong> (9.10.1857 \u2013 30.08.1929), playwright, novelist, poet, translator. <\/strong><strong style=\"font-size: 1.125rem;\">This is the perfect room for friends, writers, admirers and lovers<\/strong><\/p>\n\t<a class=\"paoc-popup-click paoc-popup-cust-4189 paoc-popup-button paoc-popup-btn \" href=\"javascript:void(0);\">Read more<\/a>\r\n[\/vc_hoverbox][\/vc_column][vc_column width=&#8221;1\/3&#8243; css=&#8221;.vc_custom_1593440704948{padding-top: 0px !important;}&#8221;][vc_hoverbox image=&#8221;4170&#8243; primary_title=&#8221;The Artists Room: Mato Celestin Medovi\u0107&#8221; hover_title=&#8221;The Artists Room&#8221; shape=&#8221;square&#8221;]<strong>Mato Celestin Medovi\u0107 <\/strong><strong>(<\/strong><strong>17.11.<\/strong><strong>1857<\/strong><strong> &#8211; <\/strong><strong>20.01.<\/strong><strong>1920<\/strong><strong>)<\/strong><strong>, painter<br \/>\n<\/strong><strong>This is the perfect room for artists and art lovers, letter-writers and wine <\/strong><strong>connoisseurs to enjoy fine Pelje\u0161ac wines. <\/strong><\/p>\n\t<a class=\"paoc-popup-click paoc-popup-cust-4190 paoc-popup-button paoc-popup-btn \" href=\"javascript:void(0);\">Read more<\/a>\r\n[\/vc_hoverbox][\/vc_column][\/vc_row][vc_row full_width=&#8221;stretch_row_content_no_spaces&#8221; el_class=&#8221;sobe6&#8243;][vc_column width=&#8221;1\/3&#8243; css=&#8221;.vc_custom_1593440670295{padding-top: 0px !important;}&#8221;][vc_hoverbox image=&#8221;4173&#8243; primary_title=&#8221;The Captains Room: Admiral Ohmu\u010devi\u0107&#8221; hover_title=&#8221;The Captains Room&#8221; shape=&#8221;square&#8221;]<strong>Admiral Ohmu\u010devi\u0107 (-1599) , sea captain<br \/>\n<\/strong><strong style=\"font-size: 1.125rem;\">This is the perfect room for those who love power and sea, as it offers splendid views of the Adriatic, and the mighty city walls and St. Lawrence fort.<\/strong><\/p>\n\t<a class=\"paoc-popup-click paoc-popup-cust-4191 paoc-popup-button paoc-popup-btn \" href=\"javascript:void(0);\">Read more<\/a>\r\n[\/vc_hoverbox][\/vc_column][vc_column width=&#8221;1\/3&#8243; css=&#8221;.vc_custom_1593440697392{padding-top: 0px !important;}&#8221;][vc_hoverbox image=&#8221;4176&#8243; primary_title=&#8221;The Doctors Room: Dr. Jero Pugliesi&#8221; hover_title=&#8221;The Doctors Room&#8221; shape=&#8221;square&#8221;]<strong>Dr. Jero Pugliesi<\/strong> <strong>(30.12.1862 \u201312.01.1907), doctor, politician, musician, benefactor<br \/>\n<\/strong><strong style=\"font-size: 1.125rem;\">This room is <\/strong><strong style=\"font-size: 1.125rem;\">the perfect room for learning, reading, letter or e-mail writing, thinking and resting.<\/strong><\/p>\n\t<a class=\"paoc-popup-click paoc-popup-cust-4192 paoc-popup-button paoc-popup-btn \" href=\"javascript:void(0);\">Read more<\/a>\r\n[\/vc_hoverbox][\/vc_column][vc_column width=&#8221;1\/3&#8243; css=&#8221;.vc_custom_1593440704948{padding-top: 0px !important;}&#8221;][vc_hoverbox image=&#8221;4161&#8243; primary_title=&#8221;The Educators Room: Albert Stipan Haler, Ph.D.&#8221; hover_title=&#8221;The Educators Room&#8221; shape=&#8221;square&#8221;]<strong>Albert Stipan Haler, Ph.D. (03.08.1883 \u2013 05.1945)<em>, <\/em>literary critic and historian, essayist<br \/>\n<\/strong><strong style=\"font-size: 1.125rem;\">This is the perfect room for great ideas, widening of the horizons, paradigm shifting and stargazing.<\/strong><\/p>\n\t<a class=\"paoc-popup-click paoc-popup-cust-4193 paoc-popup-button paoc-popup-btn \" href=\"javascript:void(0);\">Read more<\/a>\r\n[\/vc_hoverbox][\/vc_column][\/vc_row][vc_row full_width=&#8221;stretch_row_content_no_spaces&#8221; css=&#8221;.vc_custom_1582020771086{background-color: #0f2453 !important;}&#8221;][vc_column][vc_raw_html css=&#8221;&#8221;]JTNDaWZyYW1lJTIwc2FuZGJveCUzRCUyMmFsbG93LXNjcmlwdHMlMjBhbGxvdy1zYW1lLW9yaWdpbiUyMGFsbG93LXBvcHVwcyUyMiUyMHNyYyUzRCUyMmh0dHBzJTNBJTJGJTJGd3d3Lmdvb2dsZS5jb20lMkZtYXBzJTJGZW1iZWQlM0ZwYiUzRCUyMTFtMTglMjExbTEyJTIxMW0zJTIxMWQxNjczMjQuNjI5NzU0MzM5NSUyMTJkMTguMDIxMDg1MjUyOTM2NzE0JTIxM2Q0Mi42NDgyNTA4MjU2NzU1JTIxMm0zJTIxMWYwJTIxMmYwJTIxM2YwJTIxM20yJTIxMWkxMDI0JTIxMmk3NjglMjE0ZjEzLjElMjEzbTMlMjExbTIlMjExczB4MTM0YzBiMmQ1ZDU0ZGI2OSUyNTNBMHgzNzA0NzRlMzA3ZGFmZjVkJTIxMnNVbC4lMjUyMEl6bWUlMjVDNCUyNTkxdSUyNTIwdnJ0YSUyNTIwNiUyNTJDJTI1MjAyMDAwMCUyNTJDJTI1MjBEdWJyb3ZuaWslMjE1ZTAlMjEzbTIlMjExc2VuJTIxMnNociUyMTR2MTU4MjIwNTU3OTk3MyUyMTVtMiUyMTFzZW4lMjEyc2hyJTIyJTIwd2lkdGglM0QlMjIxMDAlMjUlMjIlMjBoZWlnaHQlM0QlMjI0NTAlMjIlMjBmcmFtZWJvcmRlciUzRCUyMjAlMjIlMjBzdHlsZSUzRCUyMmJvcmRlciUzQTAlM0IlMjIlMjBhbGxvd2Z1bGxzY3JlZW4lM0QlMjIlMjIlM0UlM0MlMkZpZnJhbWUlM0U=[\/vc_raw_html][\/vc_column][\/vc_row]\n<\/div>","protected":false},"excerpt":{"rendered":"<p>[vc_row full_width=&#8221;stretch_row_content&#8221; css=&#8221;.vc_custom_1581952388479{padding-top: 50px !important;background-color: #d2cdae !important;}&#8221;][vc_column parallax=&#8221;content-moving-fade&#8221; parallax_image=&#8221;2351&#8243; css=&#8221;.vc_custom_1581945136318{padding-right: 0px !important;padding-left: 0px !important;}&#8221;][vc_column_text] Dobrodo\u0161li u &#8220;na\u0161u&#8221; Heritage Villa Nobile! Od sada, mo\u017eete se osje\u0107ati kao plemi\u0107! Za mnoge koji su ovdje bIli prije vas Bili su uistinu plemi\u0107kog duha ili plemi\u0107kog podrijetla: Muzi\u010dar Rubricius, Doktor Pugliesi,Admiral Ohmu\u010devi\u0107, Pisac Vojnovi\u0107 i Prosvjetitelj Haler Svaka soba [&hellip;]<\/p>\n","protected":false},"author":2,"featured_media":0,"parent":0,"menu_order":0,"comment_status":"closed","ping_status":"closed","template":"","meta":{"footnotes":""},"class_list":["post-4624","page","type-page","status-publish","hentry"],"yoast_head":"<!-- This site is optimized with the Yoast SEO plugin v26.7 - https:\/\/yoast.com\/wordpress\/plugins\/seo\/ -->\n<title>Heritage Hotel Nobile - Dubrovnik, Stari Grad<\/title>\n<meta name=\"description\" content=\"Novi mali Ba\u0161tinski Hotel na ulazu u stari grad Dubrovnik. Villa Nobile je renoviran 2020 godine i jedinstven primjer malog hotela sa pri\u010dom.\" \/>\n<meta name=\"robots\" content=\"index, follow, max-snippet:-1, max-image-preview:large, max-video-preview:-1\" \/>\n<link rel=\"canonical\" href=\"https:\/\/hotel-marcopolo.com\/hr\/heritage-vila-nobile\/\" \/>\n<meta property=\"og:locale\" content=\"hr_HR\" \/>\n<meta property=\"og:type\" content=\"article\" \/>\n<meta property=\"og:title\" content=\"Heritage Hotel Nobile - Dubrovnik, Stari Grad\" \/>\n<meta property=\"og:description\" content=\"Novi mali Ba\u0161tinski Hotel na ulazu u stari grad Dubrovnik. Villa Nobile je renoviran 2020 godine i jedinstven primjer malog hotela sa pri\u010dom.\" \/>\n<meta property=\"og:url\" content=\"https:\/\/hotel-marcopolo.com\/hr\/heritage-vila-nobile\/\" \/>\n<meta property=\"og:site_name\" content=\"Hotel Marco Polo\" \/>\n<meta property=\"article:publisher\" content=\"https:\/\/www.facebook.com\/Boutiquehotelmarcopolo\" \/>\n<meta property=\"article:modified_time\" content=\"2024-10-18T15:57:15+00:00\" \/>\n<meta property=\"og:image\" content=\"https:\/\/hotel-marcopolo.com\/wp-content\/uploads\/2021\/02\/NNobile0001-3-1.jpg\" \/>\n<meta name=\"twitter:label1\" content=\"Procijenjeno vrijeme \u010ditanja\" \/>\n\t<meta name=\"twitter:data1\" content=\"3 minute\" \/>\n<script type=\"application\/ld+json\" class=\"yoast-schema-graph\">{\"@context\":\"https:\/\/schema.org\",\"@graph\":[{\"@type\":\"WebPage\",\"@id\":\"https:\/\/hotel-marcopolo.com\/hr\/heritage-vila-nobile\/\",\"url\":\"https:\/\/hotel-marcopolo.com\/hr\/heritage-vila-nobile\/\",\"name\":\"Heritage Hotel Nobile - Dubrovnik, Stari Grad\",\"isPartOf\":{\"@id\":\"https:\/\/hotel-marcopolo.com\/hr\/#website\"},\"datePublished\":\"2021-01-26T08:13:40+00:00\",\"dateModified\":\"2024-10-18T15:57:15+00:00\",\"description\":\"Novi mali Ba\u0161tinski Hotel na ulazu u stari grad Dubrovnik. Villa Nobile je renoviran 2020 godine i jedinstven primjer malog hotela sa pri\u010dom.\",\"breadcrumb\":{\"@id\":\"https:\/\/hotel-marcopolo.com\/hr\/heritage-vila-nobile\/#breadcrumb\"},\"inLanguage\":\"hr\",\"potentialAction\":[{\"@type\":\"ReadAction\",\"target\":[\"https:\/\/hotel-marcopolo.com\/hr\/heritage-vila-nobile\/\"]}]},{\"@type\":\"BreadcrumbList\",\"@id\":\"https:\/\/hotel-marcopolo.com\/hr\/heritage-vila-nobile\/#breadcrumb\",\"itemListElement\":[{\"@type\":\"ListItem\",\"position\":1,\"name\":\"Home\",\"item\":\"https:\/\/hotel-marcopolo.com\/hr\/\"},{\"@type\":\"ListItem\",\"position\":2,\"name\":\"Heritage Vila Nobile\"}]},{\"@type\":\"WebSite\",\"@id\":\"https:\/\/hotel-marcopolo.com\/hr\/#website\",\"url\":\"https:\/\/hotel-marcopolo.com\/hr\/\",\"name\":\"Hotel Marco Polo\",\"description\":\"Boutique Hotel Marco Polo\",\"publisher\":{\"@id\":\"https:\/\/hotel-marcopolo.com\/hr\/#organization\"},\"potentialAction\":[{\"@type\":\"SearchAction\",\"target\":{\"@type\":\"EntryPoint\",\"urlTemplate\":\"https:\/\/hotel-marcopolo.com\/hr\/?s={search_term_string}\"},\"query-input\":{\"@type\":\"PropertyValueSpecification\",\"valueRequired\":true,\"valueName\":\"search_term_string\"}}],\"inLanguage\":\"hr\"},{\"@type\":\"Organization\",\"@id\":\"https:\/\/hotel-marcopolo.com\/hr\/#organization\",\"name\":\"Hotel Marco Polo\",\"url\":\"https:\/\/hotel-marcopolo.com\/hr\/\",\"logo\":{\"@type\":\"ImageObject\",\"inLanguage\":\"hr\",\"@id\":\"https:\/\/hotel-marcopolo.com\/hr\/#\/schema\/logo\/image\/\",\"url\":\"https:\/\/hotel-marcopolo.com\/wp-content\/uploads\/2020\/02\/cropped-logo_512.png\",\"contentUrl\":\"https:\/\/hotel-marcopolo.com\/wp-content\/uploads\/2020\/02\/cropped-logo_512.png\",\"width\":512,\"height\":512,\"caption\":\"Hotel Marco Polo\"},\"image\":{\"@id\":\"https:\/\/hotel-marcopolo.com\/hr\/#\/schema\/logo\/image\/\"},\"sameAs\":[\"https:\/\/www.facebook.com\/Boutiquehotelmarcopolo\",\"https:\/\/www.instagram.com\/boutiquehotelmarcopolo\/\",\"https:\/\/youtube.com\/user\/HotelMarcoPoloCRO\"]}]}<\/script>\n<!-- \/ Yoast SEO plugin. -->","yoast_head_json":{"title":"Heritage Hotel Nobile - Dubrovnik, Stari Grad","description":"Novi mali Ba\u0161tinski Hotel na ulazu u stari grad Dubrovnik. Villa Nobile je renoviran 2020 godine i jedinstven primjer malog hotela sa pri\u010dom.","robots":{"index":"index","follow":"follow","max-snippet":"max-snippet:-1","max-image-preview":"max-image-preview:large","max-video-preview":"max-video-preview:-1"},"canonical":"https:\/\/hotel-marcopolo.com\/hr\/heritage-vila-nobile\/","og_locale":"hr_HR","og_type":"article","og_title":"Heritage Hotel Nobile - Dubrovnik, Stari Grad","og_description":"Novi mali Ba\u0161tinski Hotel na ulazu u stari grad Dubrovnik. Villa Nobile je renoviran 2020 godine i jedinstven primjer malog hotela sa pri\u010dom.","og_url":"https:\/\/hotel-marcopolo.com\/hr\/heritage-vila-nobile\/","og_site_name":"Hotel Marco Polo","article_publisher":"https:\/\/www.facebook.com\/Boutiquehotelmarcopolo","article_modified_time":"2024-10-18T15:57:15+00:00","og_image":[{"url":"https:\/\/hotel-marcopolo.com\/wp-content\/uploads\/2021\/02\/NNobile0001-3-1.jpg","type":"","width":"","height":""}],"twitter_misc":{"Procijenjeno vrijeme \u010ditanja":"3 minute"},"schema":{"@context":"https:\/\/schema.org","@graph":[{"@type":"WebPage","@id":"https:\/\/hotel-marcopolo.com\/hr\/heritage-vila-nobile\/","url":"https:\/\/hotel-marcopolo.com\/hr\/heritage-vila-nobile\/","name":"Heritage Hotel Nobile - Dubrovnik, Stari Grad","isPartOf":{"@id":"https:\/\/hotel-marcopolo.com\/hr\/#website"},"datePublished":"2021-01-26T08:13:40+00:00","dateModified":"2024-10-18T15:57:15+00:00","description":"Novi mali Ba\u0161tinski Hotel na ulazu u stari grad Dubrovnik. Villa Nobile je renoviran 2020 godine i jedinstven primjer malog hotela sa pri\u010dom.","breadcrumb":{"@id":"https:\/\/hotel-marcopolo.com\/hr\/heritage-vila-nobile\/#breadcrumb"},"inLanguage":"hr","potentialAction":[{"@type":"ReadAction","target":["https:\/\/hotel-marcopolo.com\/hr\/heritage-vila-nobile\/"]}]},{"@type":"BreadcrumbList","@id":"https:\/\/hotel-marcopolo.com\/hr\/heritage-vila-nobile\/#breadcrumb","itemListElement":[{"@type":"ListItem","position":1,"name":"Home","item":"https:\/\/hotel-marcopolo.com\/hr\/"},{"@type":"ListItem","position":2,"name":"Heritage Vila Nobile"}]},{"@type":"WebSite","@id":"https:\/\/hotel-marcopolo.com\/hr\/#website","url":"https:\/\/hotel-marcopolo.com\/hr\/","name":"Hotel Marco Polo","description":"Boutique Hotel Marco Polo","publisher":{"@id":"https:\/\/hotel-marcopolo.com\/hr\/#organization"},"potentialAction":[{"@type":"SearchAction","target":{"@type":"EntryPoint","urlTemplate":"https:\/\/hotel-marcopolo.com\/hr\/?s={search_term_string}"},"query-input":{"@type":"PropertyValueSpecification","valueRequired":true,"valueName":"search_term_string"}}],"inLanguage":"hr"},{"@type":"Organization","@id":"https:\/\/hotel-marcopolo.com\/hr\/#organization","name":"Hotel Marco Polo","url":"https:\/\/hotel-marcopolo.com\/hr\/","logo":{"@type":"ImageObject","inLanguage":"hr","@id":"https:\/\/hotel-marcopolo.com\/hr\/#\/schema\/logo\/image\/","url":"https:\/\/hotel-marcopolo.com\/wp-content\/uploads\/2020\/02\/cropped-logo_512.png","contentUrl":"https:\/\/hotel-marcopolo.com\/wp-content\/uploads\/2020\/02\/cropped-logo_512.png","width":512,"height":512,"caption":"Hotel Marco Polo"},"image":{"@id":"https:\/\/hotel-marcopolo.com\/hr\/#\/schema\/logo\/image\/"},"sameAs":["https:\/\/www.facebook.com\/Boutiquehotelmarcopolo","https:\/\/www.instagram.com\/boutiquehotelmarcopolo\/","https:\/\/youtube.com\/user\/HotelMarcoPoloCRO"]}]}},"_links":{"self":[{"href":"https:\/\/hotel-marcopolo.com\/hr\/wp-json\/wp\/v2\/pages\/4624","targetHints":{"allow":["GET"]}}],"collection":[{"href":"https:\/\/hotel-marcopolo.com\/hr\/wp-json\/wp\/v2\/pages"}],"about":[{"href":"https:\/\/hotel-marcopolo.com\/hr\/wp-json\/wp\/v2\/types\/page"}],"author":[{"embeddable":true,"href":"https:\/\/hotel-marcopolo.com\/hr\/wp-json\/wp\/v2\/users\/2"}],"replies":[{"embeddable":true,"href":"https:\/\/hotel-marcopolo.com\/hr\/wp-json\/wp\/v2\/comments?post=4624"}],"version-history":[{"count":10,"href":"https:\/\/hotel-marcopolo.com\/hr\/wp-json\/wp\/v2\/pages\/4624\/revisions"}],"predecessor-version":[{"id":5231,"href":"https:\/\/hotel-marcopolo.com\/hr\/wp-json\/wp\/v2\/pages\/4624\/revisions\/5231"}],"wp:attachment":[{"href":"https:\/\/hotel-marcopolo.com\/hr\/wp-json\/wp\/v2\/media?parent=4624"}],"curies":[{"name":"wp","href":"https:\/\/api.w.org\/{rel}","templated":true}]}}