{"id":3890,"date":"2020-02-24T18:29:46","date_gmt":"2020-02-24T17:29:46","guid":{"rendered":"http:\/\/dev.hotel-marcopolo.com\/?page_id=3890"},"modified":"2024-10-18T18:04:44","modified_gmt":"2024-10-18T16:04:44","slug":"contact-us","status":"publish","type":"page","link":"https:\/\/hotel-marcopolo.com\/hr\/contact-us\/","title":{"rendered":"Kontakt"},"content":{"rendered":"<div class=\"wpb-content-wrapper\">[vc_row full_width=&#8221;stretch_row&#8221; css=&#8221;.vc_custom_1582563334235{padding-top: 3% !important;padding-bottom: 3% !important;}&#8221;][vc_column width=&#8221;1\/4&#8243;]<h5 class=\"calluna-heading calluna-heading-single-line text-align-left \" ><span>Boutique Hotel Marco Polo<\/span><\/h5>[vc_column_text]Obala 15, 21 330 Gradac<br \/>\nMakarska Riviera<br \/>\nCroatia<\/p>\n<p>Tel: + 385 21 695 060<br \/>\nFax: + 385 21\u00a0697 502<br \/>\nEmail: <a href=\"mailto:info@hotel-marcopolo.com\">info@hotel-marcopolo.com<\/a><\/p>\n[\/vc_column_text][\/vc_column][vc_column width=&#8221;1\/4&#8243;]<h5 class=\"calluna-heading calluna-heading-single-line text-align-left \" ><span>A-la-Carte restaurant Nicolo Polo<\/span><\/h5>[vc_column_text]Tel: + 385 21 697 185<br \/>\nFood &amp; Beverage Manager Nenad Prpic<br \/>\nEmail: <a href=\"mailto:nprpic@hotel-marcopolo.com\">nprpic@hotel-marcopolo.com <\/a><\/p>\n[\/vc_column_text][\/vc_column][vc_column width=&#8221;1\/4&#8243;]<h5 class=\"calluna-heading calluna-heading-single-line text-align-left \" ><span>General Manager<\/span><\/h5>[vc_column_text]Stipe Mili\u0161ic<br \/>\nEmail: <a href=\"mailto:smilisic@hotel-marcopolo.com\">smilisic@hotel-marcopolo.com<\/a><\/p>\n[\/vc_column_text][\/vc_column][vc_column width=&#8221;1\/4&#8243;]<h5 class=\"calluna-heading calluna-heading-single-line text-align-left \" ><span>Sales &amp; Marketing<\/span><\/h5>[vc_column_text]Tina Mili\u0161ic<br \/>\nEmail: <a href=\"mailto:tina@hotel-marcopolo.com\">tina@hotel-marcopolo.com<\/a>[\/vc_column_text][\/vc_column][\/vc_row][vc_row full_width=&#8221;stretch_row&#8221; css=&#8221;.vc_custom_1582563334235{padding-top: 3% !important;padding-bottom: 3% !important;}&#8221;][vc_column width=&#8221;1\/2&#8243;]\n<div class=\"wpcf7 no-js\" id=\"wpcf7-f2257-o1\" lang=\"en-US\" dir=\"ltr\" data-wpcf7-id=\"2257\">\n<div class=\"screen-reader-response\"><p role=\"status\" aria-live=\"polite\" aria-atomic=\"true\"><\/p> <ul><\/ul><\/div>\n<form action=\"\/hr\/wp-json\/wp\/v2\/pages\/3890#wpcf7-f2257-o1\" method=\"post\" class=\"wpcf7-form init\" aria-label=\"Contact form\" novalidate=\"novalidate\" data-status=\"init\">\n<fieldset class=\"hidden-fields-container\"><input type=\"hidden\" name=\"_wpcf7\" value=\"2257\" \/><input type=\"hidden\" name=\"_wpcf7_version\" value=\"6.1.4\" \/><input type=\"hidden\" name=\"_wpcf7_locale\" value=\"en_US\" \/><input type=\"hidden\" name=\"_wpcf7_unit_tag\" value=\"wpcf7-f2257-o1\" \/><input type=\"hidden\" name=\"_wpcf7_container_post\" value=\"0\" \/><input type=\"hidden\" name=\"_wpcf7_posted_data_hash\" value=\"\" \/><input type=\"hidden\" name=\"_wpcf7_recaptcha_response\" value=\"\" \/>\n<\/fieldset>\n<div class=\"row\">\n  <div class=\"col-sm-6\">\n    <div class=\"form-group your-name\"><label class=\"\">Ime i prezime <span class=\"required\">*<\/span><\/label><input class=\"wpcf7-form-control wpcf7-text wpcf7-validates-as-required form-control\" name=\"your-name\" type=\"text\" value=\"\" aria-invalid=\"false\" aria-required=\"true\" required><\/div>\n  <\/div>\n  <div class=\"col-sm-6\">\n    <div class=\"form-group your-phone\"><label class=\"\">Telefon <span class=\"required\">*<\/span><\/label><input class=\"wpcf7-form-control wpcf7-text wpcf7-validates-as-required form-control\" name=\"your-phone\" type=\"text\" value=\"\" aria-invalid=\"false\" aria-required=\"true\" required><\/div>\n  <\/div>\n<\/div>\n\n<div class=\"row\">\n  <div class=\"col-sm-6\">\n    <div class=\"form-group your-email\"><label class=\"\">E-Mail adresa <span class=\"required\">*<\/span><\/label><input class=\"wpcf7-form-control wpcf7-email wpcf7-validates-as-required wpcf7-text wpcf7-validates-as-email form-control\" name=\"your-email\" type=\"email\" value=\"\" aria-invalid=\"false\" aria-required=\"true\" required><\/div> \n  <\/div>\n  <div class=\"col-sm-6\">\n    <div class=\"form-group your-subject\"><label class=\"\">Predmet <span class=\"required\">*<\/span><\/label><input class=\"wpcf7-form-control wpcf7-text wpcf7-validates-as-required form-control\" name=\"your-subject\" type=\"text\" value=\"\" aria-invalid=\"false\" aria-required=\"true\" required><\/div>\n  <\/div>\n<\/div>\n\n<div class=\"row\">\n  <div class=\"col-sm-12\">\n<div class=\"form-group your-message\"><label class=\"\">Va\u0161a poruka <span class=\"required\">*<\/span><\/label><textarea class=\"wpcf7-form-control wpcf7-textarea wpcf7-validates-as-required form-control\" name=\"your-message\" rows=\"4\" aria-invalid=\"false\" aria-required=\"true\" required><\/textarea><\/div>\n  <\/div>\n<\/div>\n\n<div class=\"row\">\n  <div class=\"col-sm-6\">\n    <div class=\"btn-primary-container\">\n     <div class=\"form-group\"><div><input class=\"wpcf7-form-control wpcf7-submit btn btn-primary style-1\" type=\"submit\" value=\"Po\u0161alji\"><\/div><\/div>\n    <\/div>\n  <\/div>\n<\/div>\n<div class=\"row\">\n  <div class=\"col-sm-12\">\nVa\u0161i podaci pohraniti \u0107e se na email serveru i koristit \u0107e se isklju\u010divo u svrhu komunikacije s\nVama nastavno na poslani upit, te se ne\u0107e dijeliti s tre\u0107im stranama bez Va\u0161e izri\u010dite privole.\n  <\/div>\n<\/div><input type='hidden' class='wpcf7-pum' value='{\"closepopup\":false,\"closedelay\":0,\"openpopup\":false,\"openpopup_id\":0}' \/><div class=\"wpcf7-response-output alert alert-warning\"><\/div>\n<\/form>\n<\/div>\n[\/vc_column][vc_column width=&#8221;1\/2&#8243;][vc_raw_html css=&#8221;&#8221;]JTNDaWZyYW1lJTIwc2FuZGJveCUzRCUyMmFsbG93LXNjcmlwdHMlMjBhbGxvdy1zYW1lLW9yaWdpbiUyMGFsbG93LXBvcHVwcyUyMiUyMHNyYyUzRCUyMmh0dHBzJTNBJTJGJTJGd3d3Lmdvb2dsZS5jb20lMkZtYXBzJTJGZW1iZWQlM0ZwYiUzRCUyMTFtMTglMjExbTEyJTIxMW0zJTIxMWQyOTEzLjAxNDg4MDE5NzM0NiUyMTJkMTcuMzQyMDM2MTE0Nzg2NDE3JTIxM2Q0My4xMDQyMDIxNzkxNDM5OTYlMjEybTMlMjExZjAlMjEyZjAlMjEzZjAlMjEzbTIlMjExaTEwMjQlMjEyaTc2OCUyMTRmMTMuMSUyMTNtMyUyMTFtMiUyMTFzMHgxMzRiMDEwMjI3ZGNjYjgzJTI1M0EweDdhN2JiYjA1NTRmYWIzNGIlMjEyc0JvdXRpcXVlJTI1MjBIb3RlbCUyNTIwTWFyY28lMjUyMFBvbG8lMjE1ZTAlMjEzbTIlMjExc2VuJTIxMnNociUyMTR2MTU4MjU2MzU1MDEwMyUyMTVtMiUyMTFzZW4lMjEyc2hyJTIyJTIwd2lkdGglM0QlMjIxMDAlMjUlMjIlMjBoZWlnaHQlM0QlMjI0NTAlMjIlMjBmcmFtZWJvcmRlciUzRCUyMjAlMjIlMjBzdHlsZSUzRCUyMmJvcmRlciUzQTAlM0IlMjIlMjBhbGxvd2Z1bGxzY3JlZW4lM0QlMjIlMjIlM0UlM0MlMkZpZnJhbWUlM0U=[\/vc_raw_html][\/vc_column][\/vc_row]\n<\/div>","protected":false},"excerpt":{"rendered":"<p>[vc_row full_width=&#8221;stretch_row&#8221; css=&#8221;.vc_custom_1582563334235{padding-top: 3% !important;padding-bottom: 3% !important;}&#8221;][vc_column width=&#8221;1\/4&#8243;][vc_column_text]Obala 15, 21 330 Gradac Makarska Riviera Croatia Tel: + 385 21 695 060 Fax: + 385 21\u00a0697 502 Email: info@hotel-marcopolo.com [\/vc_column_text][\/vc_column][vc_column width=&#8221;1\/4&#8243;][vc_column_text]Tel: + 385 21 697 185 Food &amp; Beverage Manager Nenad Prpic Email: nprpic@hotel-marcopolo.com [\/vc_column_text][\/vc_column][vc_column width=&#8221;1\/4&#8243;][vc_column_text]Stipe Mili\u0161ic Email: smilisic@hotel-marcopolo.com [\/vc_column_text][\/vc_column][vc_column width=&#8221;1\/4&#8243;][vc_column_text]Tina Mili\u0161ic Email: tina@hotel-marcopolo.com[\/vc_column_text][\/vc_column][\/vc_row][vc_row full_width=&#8221;stretch_row&#8221; css=&#8221;.vc_custom_1582563334235{padding-top: [&hellip;]<\/p>\n","protected":false},"author":1,"featured_media":0,"parent":0,"menu_order":0,"comment_status":"closed","ping_status":"closed","template":"","meta":{"footnotes":""},"class_list":["post-3890","page","type-page","status-publish","hentry"],"yoast_head":"<!-- This site is optimized with the Yoast SEO plugin v26.7 - https:\/\/yoast.com\/wordpress\/plugins\/seo\/ -->\n<title>Kontakt &#8211; Hotel Marco Polo<\/title>\n<meta name=\"description\" content=\"Hotel Marco Polo kontakti\" \/>\n<meta name=\"robots\" content=\"index, follow, max-snippet:-1, max-image-preview:large, max-video-preview:-1\" \/>\n<link rel=\"canonical\" href=\"https:\/\/hotel-marcopolo.com\/hr\/contact-us\/\" \/>\n<meta property=\"og:locale\" content=\"hr_HR\" \/>\n<meta property=\"og:type\" content=\"article\" \/>\n<meta property=\"og:title\" content=\"Kontakt &#8211; Hotel Marco Polo\" \/>\n<meta property=\"og:description\" content=\"Hotel Marco Polo kontakti\" \/>\n<meta property=\"og:url\" content=\"https:\/\/hotel-marcopolo.com\/hr\/contact-us\/\" \/>\n<meta property=\"og:site_name\" content=\"Hotel Marco Polo\" \/>\n<meta property=\"article:publisher\" content=\"https:\/\/www.facebook.com\/Boutiquehotelmarcopolo\" \/>\n<meta property=\"article:modified_time\" content=\"2024-10-18T16:04:44+00:00\" \/>\n<meta name=\"twitter:label1\" content=\"Procijenjeno vrijeme \u010ditanja\" \/>\n\t<meta name=\"twitter:data1\" content=\"1 minuta\" \/>\n<script type=\"application\/ld+json\" class=\"yoast-schema-graph\">{\"@context\":\"https:\/\/schema.org\",\"@graph\":[{\"@type\":\"WebPage\",\"@id\":\"https:\/\/hotel-marcopolo.com\/hr\/contact-us\/\",\"url\":\"https:\/\/hotel-marcopolo.com\/hr\/contact-us\/\",\"name\":\"Kontakt &#8211; Hotel Marco Polo\",\"isPartOf\":{\"@id\":\"https:\/\/hotel-marcopolo.com\/hr\/#website\"},\"datePublished\":\"2020-02-24T17:29:46+00:00\",\"dateModified\":\"2024-10-18T16:04:44+00:00\",\"description\":\"Hotel Marco Polo kontakti\",\"breadcrumb\":{\"@id\":\"https:\/\/hotel-marcopolo.com\/hr\/contact-us\/#breadcrumb\"},\"inLanguage\":\"hr\",\"potentialAction\":[{\"@type\":\"ReadAction\",\"target\":[\"https:\/\/hotel-marcopolo.com\/hr\/contact-us\/\"]}]},{\"@type\":\"BreadcrumbList\",\"@id\":\"https:\/\/hotel-marcopolo.com\/hr\/contact-us\/#breadcrumb\",\"itemListElement\":[{\"@type\":\"ListItem\",\"position\":1,\"name\":\"Home\",\"item\":\"https:\/\/hotel-marcopolo.com\/hr\/\"},{\"@type\":\"ListItem\",\"position\":2,\"name\":\"Kontakt\"}]},{\"@type\":\"WebSite\",\"@id\":\"https:\/\/hotel-marcopolo.com\/hr\/#website\",\"url\":\"https:\/\/hotel-marcopolo.com\/hr\/\",\"name\":\"Hotel Marco Polo\",\"description\":\"Boutique Hotel Marco Polo\",\"publisher\":{\"@id\":\"https:\/\/hotel-marcopolo.com\/hr\/#organization\"},\"potentialAction\":[{\"@type\":\"SearchAction\",\"target\":{\"@type\":\"EntryPoint\",\"urlTemplate\":\"https:\/\/hotel-marcopolo.com\/hr\/?s={search_term_string}\"},\"query-input\":{\"@type\":\"PropertyValueSpecification\",\"valueRequired\":true,\"valueName\":\"search_term_string\"}}],\"inLanguage\":\"hr\"},{\"@type\":\"Organization\",\"@id\":\"https:\/\/hotel-marcopolo.com\/hr\/#organization\",\"name\":\"Hotel Marco Polo\",\"url\":\"https:\/\/hotel-marcopolo.com\/hr\/\",\"logo\":{\"@type\":\"ImageObject\",\"inLanguage\":\"hr\",\"@id\":\"https:\/\/hotel-marcopolo.com\/hr\/#\/schema\/logo\/image\/\",\"url\":\"https:\/\/hotel-marcopolo.com\/wp-content\/uploads\/2020\/02\/cropped-logo_512.png\",\"contentUrl\":\"https:\/\/hotel-marcopolo.com\/wp-content\/uploads\/2020\/02\/cropped-logo_512.png\",\"width\":512,\"height\":512,\"caption\":\"Hotel Marco Polo\"},\"image\":{\"@id\":\"https:\/\/hotel-marcopolo.com\/hr\/#\/schema\/logo\/image\/\"},\"sameAs\":[\"https:\/\/www.facebook.com\/Boutiquehotelmarcopolo\",\"https:\/\/www.instagram.com\/boutiquehotelmarcopolo\/\",\"https:\/\/youtube.com\/user\/HotelMarcoPoloCRO\"]}]}<\/script>\n<!-- \/ Yoast SEO plugin. -->","yoast_head_json":{"title":"Kontakt &#8211; Hotel Marco Polo","description":"Hotel Marco Polo kontakti","robots":{"index":"index","follow":"follow","max-snippet":"max-snippet:-1","max-image-preview":"max-image-preview:large","max-video-preview":"max-video-preview:-1"},"canonical":"https:\/\/hotel-marcopolo.com\/hr\/contact-us\/","og_locale":"hr_HR","og_type":"article","og_title":"Kontakt &#8211; Hotel Marco Polo","og_description":"Hotel Marco Polo kontakti","og_url":"https:\/\/hotel-marcopolo.com\/hr\/contact-us\/","og_site_name":"Hotel Marco Polo","article_publisher":"https:\/\/www.facebook.com\/Boutiquehotelmarcopolo","article_modified_time":"2024-10-18T16:04:44+00:00","twitter_misc":{"Procijenjeno vrijeme \u010ditanja":"1 minuta"},"schema":{"@context":"https:\/\/schema.org","@graph":[{"@type":"WebPage","@id":"https:\/\/hotel-marcopolo.com\/hr\/contact-us\/","url":"https:\/\/hotel-marcopolo.com\/hr\/contact-us\/","name":"Kontakt &#8211; Hotel Marco Polo","isPartOf":{"@id":"https:\/\/hotel-marcopolo.com\/hr\/#website"},"datePublished":"2020-02-24T17:29:46+00:00","dateModified":"2024-10-18T16:04:44+00:00","description":"Hotel Marco Polo kontakti","breadcrumb":{"@id":"https:\/\/hotel-marcopolo.com\/hr\/contact-us\/#breadcrumb"},"inLanguage":"hr","potentialAction":[{"@type":"ReadAction","target":["https:\/\/hotel-marcopolo.com\/hr\/contact-us\/"]}]},{"@type":"BreadcrumbList","@id":"https:\/\/hotel-marcopolo.com\/hr\/contact-us\/#breadcrumb","itemListElement":[{"@type":"ListItem","position":1,"name":"Home","item":"https:\/\/hotel-marcopolo.com\/hr\/"},{"@type":"ListItem","position":2,"name":"Kontakt"}]},{"@type":"WebSite","@id":"https:\/\/hotel-marcopolo.com\/hr\/#website","url":"https:\/\/hotel-marcopolo.com\/hr\/","name":"Hotel Marco Polo","description":"Boutique Hotel Marco Polo","publisher":{"@id":"https:\/\/hotel-marcopolo.com\/hr\/#organization"},"potentialAction":[{"@type":"SearchAction","target":{"@type":"EntryPoint","urlTemplate":"https:\/\/hotel-marcopolo.com\/hr\/?s={search_term_string}"},"query-input":{"@type":"PropertyValueSpecification","valueRequired":true,"valueName":"search_term_string"}}],"inLanguage":"hr"},{"@type":"Organization","@id":"https:\/\/hotel-marcopolo.com\/hr\/#organization","name":"Hotel Marco Polo","url":"https:\/\/hotel-marcopolo.com\/hr\/","logo":{"@type":"ImageObject","inLanguage":"hr","@id":"https:\/\/hotel-marcopolo.com\/hr\/#\/schema\/logo\/image\/","url":"https:\/\/hotel-marcopolo.com\/wp-content\/uploads\/2020\/02\/cropped-logo_512.png","contentUrl":"https:\/\/hotel-marcopolo.com\/wp-content\/uploads\/2020\/02\/cropped-logo_512.png","width":512,"height":512,"caption":"Hotel Marco Polo"},"image":{"@id":"https:\/\/hotel-marcopolo.com\/hr\/#\/schema\/logo\/image\/"},"sameAs":["https:\/\/www.facebook.com\/Boutiquehotelmarcopolo","https:\/\/www.instagram.com\/boutiquehotelmarcopolo\/","https:\/\/youtube.com\/user\/HotelMarcoPoloCRO"]}]}},"_links":{"self":[{"href":"https:\/\/hotel-marcopolo.com\/hr\/wp-json\/wp\/v2\/pages\/3890","targetHints":{"allow":["GET"]}}],"collection":[{"href":"https:\/\/hotel-marcopolo.com\/hr\/wp-json\/wp\/v2\/pages"}],"about":[{"href":"https:\/\/hotel-marcopolo.com\/hr\/wp-json\/wp\/v2\/types\/page"}],"author":[{"embeddable":true,"href":"https:\/\/hotel-marcopolo.com\/hr\/wp-json\/wp\/v2\/users\/1"}],"replies":[{"embeddable":true,"href":"https:\/\/hotel-marcopolo.com\/hr\/wp-json\/wp\/v2\/comments?post=3890"}],"version-history":[{"count":4,"href":"https:\/\/hotel-marcopolo.com\/hr\/wp-json\/wp\/v2\/pages\/3890\/revisions"}],"predecessor-version":[{"id":5242,"href":"https:\/\/hotel-marcopolo.com\/hr\/wp-json\/wp\/v2\/pages\/3890\/revisions\/5242"}],"wp:attachment":[{"href":"https:\/\/hotel-marcopolo.com\/hr\/wp-json\/wp\/v2\/media?parent=3890"}],"curies":[{"name":"wp","href":"https:\/\/api.w.org\/{rel}","templated":true}]}}