{"id":3789,"date":"2020-02-24T14:18:04","date_gmt":"2020-02-24T13:18:04","guid":{"rendered":"http:\/\/dev.hotel-marcopolo.com\/?page_id=3789"},"modified":"2024-10-18T18:02:25","modified_gmt":"2024-10-18T16:02:25","slug":"nasa-destinacija","status":"publish","type":"page","link":"https:\/\/hotel-marcopolo.com\/hr\/nasa-destinacija\/","title":{"rendered":"Na\u0161a Destinacija"},"content":{"rendered":"<div class=\"wpb-content-wrapper\">[vc_row full_width=&#8221;stretch_row_content_no_spaces&#8221; css=&#8221;.vc_custom_1582229591402{background-color: #0f2453 !important;background-position: center !important;background-repeat: no-repeat !important;background-size: cover !important;}&#8221;][vc_column]<h1 class=\"calluna-heading calluna-heading-single-line text-align-center \" style=\"font-size: 40px;color: #967a50;\"><span>Na\u0161e mjesto<\/span><\/h1>[\/vc_column][\/vc_row][vc_row full_width=&#8221;stretch_row_content_no_spaces&#8221;][vc_column css=&#8221;.vc_custom_1582549425206{padding-top: 150px !important;padding-right: 150px !important;padding-bottom: 150px !important;padding-left: 150px !important;background-image: url(https:\/\/hotel-marcopolo.com\/wp-content\/uploads\/2020\/02\/our-destination2.jpg?id=3765) !important;background-position: center !important;background-repeat: no-repeat !important;background-size: cover !important;}&#8221;][vc_column_text css=&#8221;.vc_custom_1582550376558{padding-top: 0px !important;padding-bottom: 0px !important;}&#8221;]\n<p style=\"text-align: center;\">\t<a class=\"paoc-popup-click paoc-popup-cust-3793 paoc-popup-button paoc-popup-btn \" href=\"javascript:void(0);\">Saznajte vi\u0161e<\/a>\r\n\n[\/vc_column_text][\/vc_column][\/vc_row][vc_row full_width=&#8221;stretch_row_content_no_spaces&#8221; css=&#8221;.vc_custom_1582229591402{background-color: #0f2453 !important;background-position: center !important;background-repeat: no-repeat !important;background-size: cover !important;}&#8221;][vc_column]<h2 class=\"calluna-heading calluna-heading-single-line text-align-center \" style=\"color: #967a50;\"><span>U srcu Dalmacije<\/span><\/h2>[\/vc_column][\/vc_row][vc_row full_width=&#8221;stretch_row_content_no_spaces&#8221;][vc_column css=&#8221;.vc_custom_1582549754096{padding-top: 150px !important;padding-right: 150px !important;padding-bottom: 150px !important;padding-left: 150px !important;background-image: url(https:\/\/hotel-marcopolo.com\/wp-content\/uploads\/2020\/02\/inheart.jpg?id=3778) !important;background-position: center !important;background-repeat: no-repeat !important;background-size: cover !important;}&#8221;][vc_column_text css=&#8221;.vc_custom_1582550436296{padding-top: 0px !important;padding-bottom: 0px !important;}&#8221;]\n<p style=\"text-align: center;\">\t<a class=\"paoc-popup-click paoc-popup-cust-3794 paoc-popup-button paoc-popup-btn \" href=\"javascript:void(0);\">Saznajte vi\u0161e<\/a>\r\n\n[\/vc_column_text][\/vc_column][\/vc_row][vc_row full_width=&#8221;stretch_row_content_no_spaces&#8221; css=&#8221;.vc_custom_1582229591402{background-color: #0f2453 !important;background-position: center !important;background-repeat: no-repeat !important;background-size: cover !important;}&#8221;][vc_column]<h2 class=\"calluna-heading calluna-heading-single-line text-align-center \" style=\"color: #967a50;\"><span>Na\u0161a rivijera<\/span><\/h2>[\/vc_column][\/vc_row][vc_row full_width=&#8221;stretch_row_content_no_spaces&#8221;][vc_column css=&#8221;.vc_custom_1582549789368{padding-top: 150px !important;padding-right: 150px !important;padding-bottom: 150px !important;padding-left: 150px !important;background-image: url(https:\/\/hotel-marcopolo.com\/wp-content\/uploads\/2020\/02\/riviera.jpg?id=3782) !important;background-position: center !important;background-repeat: no-repeat !important;background-size: cover !important;}&#8221;][vc_column_text css=&#8221;.vc_custom_1582550509360{padding-top: 0px !important;padding-bottom: 0px !important;}&#8221;]\n<p style=\"text-align: center;\">\t<a class=\"paoc-popup-click paoc-popup-cust-3796 paoc-popup-button paoc-popup-btn \" href=\"javascript:void(0);\">Saznajte vi\u0161e<\/a>\r\n\n[\/vc_column_text][\/vc_column][\/vc_row][vc_row full_width=&#8221;stretch_row_content&#8221; el_class=&#8221;accent-background&#8221; css=&#8221;.vc_custom_1582550718455{padding-top: 50px !important;}&#8221;][vc_column][vc_raw_html css=&#8221;&#8221;]JTNDaWZyYW1lJTIwc2FuZGJveCUzRCUyMmFsbG93LXNjcmlwdHMlMjBhbGxvdy1zYW1lLW9yaWdpbiUyMGFsbG93LXBvcHVwcyUyMiUyMHNyYyUzRCUyMmh0dHBzJTNBJTJGJTJGd3d3Lmdvb2dsZS5jb20lMkZtYXBzJTJGZCUyRmVtYmVkJTNGbWlkJTNEMXIwUWI0bXVGSVJWQkNCRjBLZm5WLU0tNGJTYyUyMiUyMHdpZHRoJTNEJTIyMTAwJTI1JTIyJTIwaGVpZ2h0JTNEJTIyNDgwJTIyJTNFJTNDJTJGaWZyYW1lJTNF[\/vc_raw_html][\/vc_column][vc_column width=&#8221;1\/3&#8243;][vc_column_text]\n<p><strong>Poznata mjesta <\/strong><\/p>\n<p>1. Dubrovnik \u2013 98km<\/p>\n<p>2. Sveti\u0161te Me\u0111ugorje (Hercegovina) &#8211; 45km<\/p>\n<p>3. Mostar &#8211; 80km<\/p>\n<p>4. Korcula Town \u2013 50km by boat \u2013 100km by car<\/p>\n<p>5. Hvar Town \u2013 64km by boat \u2013 100km by car<\/p>\n<p>6. Split \u2013 100km<\/p>\n<p>7. Trogir \u2013 125km<\/p>\n<p>8. Nacionalni park Otok Mljet \u2013 105 km<\/p>\n<p>9. Nacionalni park Slapovi Krka \u2013 190km<\/p>\n<p>10. Sarajevo \u2013 Glavni grad Bosne i Hercegovine \u2013 210km<\/p>\n[\/vc_column_text][\/vc_column][vc_column width=&#8221;1\/3&#8243;][vc_column_text]\n<p><strong>Lokalne znamenitosti<\/strong><\/p>\n<p>11. Etno Selo Kokori\u0107i \u201310km pje\u0161ke preko planine \u2013 35km autom<\/p>\n<p>12. Ba\u0107inska Jezera \u2013 8km;<\/p>\n<p>13. Rijeka Neretva Mo\u010dvara \u201eSafari\u201c \u201325km<\/p>\n<p>14. Delta Rijeke Neretva \u2013 20km<\/p>\n<p>15. Narona\u2013 30km<\/p>\n<p>16. Drasnice \u2013 FreeclimbingZone \u2013 30km<\/p>\n<p>17. Makarska \u2013 Administrativni centar Makarske Rivijere 35km<\/p>\n<p>18. Omi\u0161 \u2013 80km<\/p>\n<p>19. Park Prirode Biokovo \u2013 40km<\/p>\n<p>20. Park prirode Blidinje (Hercegovina) &#8211; 130km<\/p>\n[\/vc_column_text][\/vc_column][vc_column width=&#8221;1\/3&#8243;][vc_column_text]\n<p><strong>Lokalne Znamenitosti<\/strong><\/p>\n<p>21. Slapovi Kravica (Hercegovina) &#8211; 43km<\/p>\n<p>22. Ston &#8211; 50km<\/p>\n<p>23. Kanjon Cetina &#8211; 65km<\/p>\n<p>24. Vjetrenica (Hercegovina) \u201395km<\/p>\n<p>25. Vinski puti Peljesac 15kmby boat \u2013 50km by car<\/p>\n<p>26. Vinski puti Hercegovina \u2013 45km<\/p>\n<p>27. Vinski puti Imotski \u2013 75km<\/p>\n<p>28. Vinski puti Konavle \u2013 120km<\/p>\n<p>29. HutovoBlato (Herzegovina) \u201350km<\/p>\n<p>30. Pocitelji (Herzegovina) \u2013 65km<\/p>\n<p>31. Lolni planinski vrhovi Sv.Paskal, Vrisje, St. Ilja, Viter 3km-10km<\/p>\n[\/vc_column_text][\/vc_column][\/vc_row]\n<\/div>","protected":false},"excerpt":{"rendered":"<p>[vc_row full_width=&#8221;stretch_row_content_no_spaces&#8221; css=&#8221;.vc_custom_1582229591402{background-color: #0f2453 !important;background-position: center !important;background-repeat: no-repeat !important;background-size: cover !important;}&#8221;][vc_column][\/vc_column][\/vc_row][vc_row full_width=&#8221;stretch_row_content_no_spaces&#8221;][vc_column css=&#8221;.vc_custom_1582549425206{padding-top: 150px !important;padding-right: 150px !important;padding-bottom: 150px !important;padding-left: 150px !important;background-image: url(https:\/\/hotel-marcopolo.com\/wp-content\/uploads\/2020\/02\/our-destination2.jpg?id=3765) !important;background-position: center !important;background-repeat: no-repeat !important;background-size: cover !important;}&#8221;][vc_column_text css=&#8221;.vc_custom_1582550376558{padding-top: 0px !important;padding-bottom: 0px !important;}&#8221;] [\/vc_column_text][\/vc_column][\/vc_row][vc_row full_width=&#8221;stretch_row_content_no_spaces&#8221; css=&#8221;.vc_custom_1582229591402{background-color: #0f2453 !important;background-position: center !important;background-repeat: no-repeat !important;background-size: cover !important;}&#8221;][vc_column][\/vc_column][\/vc_row][vc_row full_width=&#8221;stretch_row_content_no_spaces&#8221;][vc_column css=&#8221;.vc_custom_1582549754096{padding-top: 150px !important;padding-right: 150px !important;padding-bottom: 150px !important;padding-left: 150px !important;background-image: [&hellip;]<\/p>\n","protected":false},"author":1,"featured_media":0,"parent":0,"menu_order":0,"comment_status":"closed","ping_status":"closed","template":"","meta":{"footnotes":""},"class_list":["post-3789","page","type-page","status-publish","hentry"],"yoast_head":"<!-- This site is optimized with the Yoast SEO plugin v26.7 - https:\/\/yoast.com\/wordpress\/plugins\/seo\/ -->\n<title>Na\u0161a Destinacija &#8211; Hotel Marco Polo<\/title>\n<meta name=\"description\" content=\"Nevjerojatna kombinacija planina koje se obru\u0161avaju u more i 12 km dugih \u0161etnica uz obalu nudi vam veliku raznolikost za odmor i odmor.\" \/>\n<meta name=\"robots\" content=\"index, follow, max-snippet:-1, max-image-preview:large, max-video-preview:-1\" \/>\n<link rel=\"canonical\" href=\"https:\/\/hotel-marcopolo.com\/hr\/nasa-destinacija\/\" \/>\n<meta property=\"og:locale\" content=\"hr_HR\" \/>\n<meta property=\"og:type\" content=\"article\" \/>\n<meta property=\"og:title\" content=\"Na\u0161a Destinacija &#8211; Hotel Marco Polo\" \/>\n<meta property=\"og:description\" content=\"Nevjerojatna kombinacija planina koje se obru\u0161avaju u more i 12 km dugih \u0161etnica uz obalu nudi vam veliku raznolikost za odmor i odmor.\" \/>\n<meta property=\"og:url\" content=\"https:\/\/hotel-marcopolo.com\/hr\/nasa-destinacija\/\" \/>\n<meta property=\"og:site_name\" content=\"Hotel Marco Polo\" \/>\n<meta property=\"article:publisher\" content=\"https:\/\/www.facebook.com\/Boutiquehotelmarcopolo\" \/>\n<meta property=\"article:modified_time\" content=\"2024-10-18T16:02:25+00:00\" \/>\n<meta name=\"twitter:label1\" content=\"Procijenjeno vrijeme \u010ditanja\" \/>\n\t<meta name=\"twitter:data1\" content=\"2 minute\" \/>\n<script type=\"application\/ld+json\" class=\"yoast-schema-graph\">{\"@context\":\"https:\/\/schema.org\",\"@graph\":[{\"@type\":\"WebPage\",\"@id\":\"https:\/\/hotel-marcopolo.com\/hr\/nasa-destinacija\/\",\"url\":\"https:\/\/hotel-marcopolo.com\/hr\/nasa-destinacija\/\",\"name\":\"Na\u0161a Destinacija &#8211; Hotel Marco Polo\",\"isPartOf\":{\"@id\":\"https:\/\/hotel-marcopolo.com\/hr\/#website\"},\"datePublished\":\"2020-02-24T13:18:04+00:00\",\"dateModified\":\"2024-10-18T16:02:25+00:00\",\"description\":\"Nevjerojatna kombinacija planina koje se obru\u0161avaju u more i 12 km dugih \u0161etnica uz obalu nudi vam veliku raznolikost za odmor i odmor.\",\"breadcrumb\":{\"@id\":\"https:\/\/hotel-marcopolo.com\/hr\/nasa-destinacija\/#breadcrumb\"},\"inLanguage\":\"hr\",\"potentialAction\":[{\"@type\":\"ReadAction\",\"target\":[\"https:\/\/hotel-marcopolo.com\/hr\/nasa-destinacija\/\"]}]},{\"@type\":\"BreadcrumbList\",\"@id\":\"https:\/\/hotel-marcopolo.com\/hr\/nasa-destinacija\/#breadcrumb\",\"itemListElement\":[{\"@type\":\"ListItem\",\"position\":1,\"name\":\"Home\",\"item\":\"https:\/\/hotel-marcopolo.com\/hr\/\"},{\"@type\":\"ListItem\",\"position\":2,\"name\":\"Na\u0161a Destinacija\"}]},{\"@type\":\"WebSite\",\"@id\":\"https:\/\/hotel-marcopolo.com\/hr\/#website\",\"url\":\"https:\/\/hotel-marcopolo.com\/hr\/\",\"name\":\"Hotel Marco Polo\",\"description\":\"Boutique Hotel Marco Polo\",\"publisher\":{\"@id\":\"https:\/\/hotel-marcopolo.com\/hr\/#organization\"},\"potentialAction\":[{\"@type\":\"SearchAction\",\"target\":{\"@type\":\"EntryPoint\",\"urlTemplate\":\"https:\/\/hotel-marcopolo.com\/hr\/?s={search_term_string}\"},\"query-input\":{\"@type\":\"PropertyValueSpecification\",\"valueRequired\":true,\"valueName\":\"search_term_string\"}}],\"inLanguage\":\"hr\"},{\"@type\":\"Organization\",\"@id\":\"https:\/\/hotel-marcopolo.com\/hr\/#organization\",\"name\":\"Hotel Marco Polo\",\"url\":\"https:\/\/hotel-marcopolo.com\/hr\/\",\"logo\":{\"@type\":\"ImageObject\",\"inLanguage\":\"hr\",\"@id\":\"https:\/\/hotel-marcopolo.com\/hr\/#\/schema\/logo\/image\/\",\"url\":\"https:\/\/hotel-marcopolo.com\/wp-content\/uploads\/2020\/02\/cropped-logo_512.png\",\"contentUrl\":\"https:\/\/hotel-marcopolo.com\/wp-content\/uploads\/2020\/02\/cropped-logo_512.png\",\"width\":512,\"height\":512,\"caption\":\"Hotel Marco Polo\"},\"image\":{\"@id\":\"https:\/\/hotel-marcopolo.com\/hr\/#\/schema\/logo\/image\/\"},\"sameAs\":[\"https:\/\/www.facebook.com\/Boutiquehotelmarcopolo\",\"https:\/\/www.instagram.com\/boutiquehotelmarcopolo\/\",\"https:\/\/youtube.com\/user\/HotelMarcoPoloCRO\"]}]}<\/script>\n<!-- \/ Yoast SEO plugin. -->","yoast_head_json":{"title":"Na\u0161a Destinacija &#8211; Hotel Marco Polo","description":"Nevjerojatna kombinacija planina koje se obru\u0161avaju u more i 12 km dugih \u0161etnica uz obalu nudi vam veliku raznolikost za odmor i odmor.","robots":{"index":"index","follow":"follow","max-snippet":"max-snippet:-1","max-image-preview":"max-image-preview:large","max-video-preview":"max-video-preview:-1"},"canonical":"https:\/\/hotel-marcopolo.com\/hr\/nasa-destinacija\/","og_locale":"hr_HR","og_type":"article","og_title":"Na\u0161a Destinacija &#8211; Hotel Marco Polo","og_description":"Nevjerojatna kombinacija planina koje se obru\u0161avaju u more i 12 km dugih \u0161etnica uz obalu nudi vam veliku raznolikost za odmor i odmor.","og_url":"https:\/\/hotel-marcopolo.com\/hr\/nasa-destinacija\/","og_site_name":"Hotel Marco Polo","article_publisher":"https:\/\/www.facebook.com\/Boutiquehotelmarcopolo","article_modified_time":"2024-10-18T16:02:25+00:00","twitter_misc":{"Procijenjeno vrijeme \u010ditanja":"2 minute"},"schema":{"@context":"https:\/\/schema.org","@graph":[{"@type":"WebPage","@id":"https:\/\/hotel-marcopolo.com\/hr\/nasa-destinacija\/","url":"https:\/\/hotel-marcopolo.com\/hr\/nasa-destinacija\/","name":"Na\u0161a Destinacija &#8211; Hotel Marco Polo","isPartOf":{"@id":"https:\/\/hotel-marcopolo.com\/hr\/#website"},"datePublished":"2020-02-24T13:18:04+00:00","dateModified":"2024-10-18T16:02:25+00:00","description":"Nevjerojatna kombinacija planina koje se obru\u0161avaju u more i 12 km dugih \u0161etnica uz obalu nudi vam veliku raznolikost za odmor i odmor.","breadcrumb":{"@id":"https:\/\/hotel-marcopolo.com\/hr\/nasa-destinacija\/#breadcrumb"},"inLanguage":"hr","potentialAction":[{"@type":"ReadAction","target":["https:\/\/hotel-marcopolo.com\/hr\/nasa-destinacija\/"]}]},{"@type":"BreadcrumbList","@id":"https:\/\/hotel-marcopolo.com\/hr\/nasa-destinacija\/#breadcrumb","itemListElement":[{"@type":"ListItem","position":1,"name":"Home","item":"https:\/\/hotel-marcopolo.com\/hr\/"},{"@type":"ListItem","position":2,"name":"Na\u0161a Destinacija"}]},{"@type":"WebSite","@id":"https:\/\/hotel-marcopolo.com\/hr\/#website","url":"https:\/\/hotel-marcopolo.com\/hr\/","name":"Hotel Marco Polo","description":"Boutique Hotel Marco Polo","publisher":{"@id":"https:\/\/hotel-marcopolo.com\/hr\/#organization"},"potentialAction":[{"@type":"SearchAction","target":{"@type":"EntryPoint","urlTemplate":"https:\/\/hotel-marcopolo.com\/hr\/?s={search_term_string}"},"query-input":{"@type":"PropertyValueSpecification","valueRequired":true,"valueName":"search_term_string"}}],"inLanguage":"hr"},{"@type":"Organization","@id":"https:\/\/hotel-marcopolo.com\/hr\/#organization","name":"Hotel Marco Polo","url":"https:\/\/hotel-marcopolo.com\/hr\/","logo":{"@type":"ImageObject","inLanguage":"hr","@id":"https:\/\/hotel-marcopolo.com\/hr\/#\/schema\/logo\/image\/","url":"https:\/\/hotel-marcopolo.com\/wp-content\/uploads\/2020\/02\/cropped-logo_512.png","contentUrl":"https:\/\/hotel-marcopolo.com\/wp-content\/uploads\/2020\/02\/cropped-logo_512.png","width":512,"height":512,"caption":"Hotel Marco Polo"},"image":{"@id":"https:\/\/hotel-marcopolo.com\/hr\/#\/schema\/logo\/image\/"},"sameAs":["https:\/\/www.facebook.com\/Boutiquehotelmarcopolo","https:\/\/www.instagram.com\/boutiquehotelmarcopolo\/","https:\/\/youtube.com\/user\/HotelMarcoPoloCRO"]}]}},"_links":{"self":[{"href":"https:\/\/hotel-marcopolo.com\/hr\/wp-json\/wp\/v2\/pages\/3789","targetHints":{"allow":["GET"]}}],"collection":[{"href":"https:\/\/hotel-marcopolo.com\/hr\/wp-json\/wp\/v2\/pages"}],"about":[{"href":"https:\/\/hotel-marcopolo.com\/hr\/wp-json\/wp\/v2\/types\/page"}],"author":[{"embeddable":true,"href":"https:\/\/hotel-marcopolo.com\/hr\/wp-json\/wp\/v2\/users\/1"}],"replies":[{"embeddable":true,"href":"https:\/\/hotel-marcopolo.com\/hr\/wp-json\/wp\/v2\/comments?post=3789"}],"version-history":[{"count":10,"href":"https:\/\/hotel-marcopolo.com\/hr\/wp-json\/wp\/v2\/pages\/3789\/revisions"}],"predecessor-version":[{"id":5237,"href":"https:\/\/hotel-marcopolo.com\/hr\/wp-json\/wp\/v2\/pages\/3789\/revisions\/5237"}],"wp:attachment":[{"href":"https:\/\/hotel-marcopolo.com\/hr\/wp-json\/wp\/v2\/media?parent=3789"}],"curies":[{"name":"wp","href":"https:\/\/api.w.org\/{rel}","templated":true}]}}