{"id":3722,"date":"2020-02-24T11:30:57","date_gmt":"2020-02-24T10:30:57","guid":{"rendered":"http:\/\/dev.hotel-marcopolo.com\/?page_id=3722"},"modified":"2020-02-24T11:30:57","modified_gmt":"2020-02-24T10:30:57","slug":"get-the-whole-story","status":"publish","type":"page","link":"https:\/\/hotel-marcopolo.com\/hr\/get-the-whole-story\/","title":{"rendered":"Pri\u010da O Marco Polo"},"content":{"rendered":"<div class=\"wpb-content-wrapper\">[vc_row][vc_column][vc_column_text css=&#8221;.vc_custom_1582540239873{padding-top: 5% !important;padding-right: 5% !important;padding-bottom: 5% !important;padding-left: 5% !important;}&#8221;]\n<p>Marco Polo je ime svjetski poznatog moreplovca i pustolova iznimne hrabrosti i osobnosti. Zahvaljuju\u0107i tim kvalitete uspio je na svojim putovanjim da usvoji nova iskustva i donese nove izume, tkanine, mirodije i za\u010dine u svoju domovinu.Marco Polo ro\u0111en je na nama bliskom otoku Kor\u010duli gdje je proveo i dio svog \u017eivota.On je istinski predstavnik dalmatinske povijesti i tradicije koja je utjelovljena u mnogim dijelovima na\u0161eg hotela.<\/p>\n<p>Osniva\u010d i otac na\u0161e\u201c Marco Polo obitelji\u201c, Nikola Mili\u0161i\u0107 (umro 2005.) i sam veliki putnik i pustolov i \u0161to je najva\u017enije \u010dovjek sa VIZIJOM, o\u010daran ljepotom Dalmacije ulo\u017eio je srca i truda da izgradi jedan od prvih privatnih obiteljsko vo\u0111enih hotela na ponos svoje obitelji i ujedno na ponos hrvatskom turizmu.Njegova vizija trajala je godinama. Sa samo 20 godina, 60tih Nikola je oti\u0161ao u svijet slijede\u0107i snove stigao u \u0160vedsku. San koji je oduvijek sanjao da se vrati u domovinu se ostvario tijekom po\u010detka te\u0161kih vremena rata u Hrvatskoj. Njegova vizija se sastojala u velikom htjenju da uvijek ponudi ne\u0161to novo i orginalno. Iznenaditi goste konstantnim uvo\u0111enjem novih detalja inspiriranih pri\u010dom o Marcu Polo, doma\u0107im obi\u010dajima i dalmatinskom prirodom.Kao umjetnik imao je smisla za detalje , mnoga njegova ulja na platnu mo\u017eete vidjeti po hotelu. Stoga slobodno mo\u017eemo re\u0107i da je on bio na\u0161 Marco Polo za na\u0161eg \u201eMarco Pola\u201c.<\/p>\n<p>Stara dalmatinska ku\u0107a sa po\u010detka 19.stolje\u0107a okru\u017eena vinogradima poznata kao \u201ePopova ku\u0107a\u201c renovirana je u ku\u0107u za odmor kasnih 70-tih pro\u0161log stolje\u0107a od strane Stjepana Mili\u0161i\u0107a (Pepo).Od po\u010detka devedesetih obiteljska ku\u0107a sa poznatim restoranom pretvorena je u prelijepi mali obiteljski hotel koji svojim stilom utjelovljuje dalmatinsku povijest i na\u010din \u017eivljenja sa pogledom i idejama za budu\u0107nost.Po\u010detkom 2000. vo\u0111enje hotela preuzima Stjepan (Stipe) Mili\u0161i\u0107 direktno sa Turisti\u010dkog Fakultetasvojom mlado\u0161\u0107u i kreativno\u0161\u0107u po\u010dinje stvarati novu vrijednost.<\/p>\n<p>Do 2004. hotel je dogra\u0111ivando njegovog sada\u0161njeg kapaciteta.Od 2005. konstantno se investiralo u svim sferama hotela \u0161to je rezultiralo najvi\u0161om nagradom za najbolji Boutique mali obiteljski hotel u Hrvatskoj 2008. i 2009. Slijede dvije internacionalne nagrade 2012,2014. za najbolju uslugu, od strane najve\u0107e Thomas Cook turisti\u010dke agencije na skandinvskom tr\u017ei\u0161tu. Hotel je izabrani nalazi se me\u0111u top 10 hotela od 800 ocjenivanih hotela u svijetu .Tina(Stipina \u017eena) pridru\u017eila se obitelji 2007. donose\u0107i ogroman doprinos svojim iskustvom u vode\u0107oj dubrova\u010dkoj turisti\u010dkoj industriji sada vodi prodaju hotela.<\/p>\n<p>Na\u0161a misija je konstantno nadopunjavati Nikolinu MISIJU sanovim idejama u godinama koje dolaze i svojim radom postati prepoznatljivom i nezaobilaznom karikom hrvatskog turizma. Tako nakon duge pri\u010de koju nije bilo obavezno \u010ditati, ovdje su obja\u0161njenja na\u0161ih imena.<br \/>\nRestoran Nikolo Polo je dobio ime po osniva\u010du Nikoli koji zapo\u010deo svoju hotelsku pri\u010du u restoranskom biznisu. Stipin i Tinin sin , tako\u0111er nosi ime Nikola i ve\u0107 je prisutan svugdje po hotelu. Na\u0161 Fitness &amp; Relax odjel nazvan je po Nikolinom ocu Pepi koji je imao 95 godina dug i aktivan \u017eivot. I kona\u010dno Roberto Polo dolazi od dugogodi\u0161njeg prijateljstva sa na\u0161im avaturisti\u010dkim mornarom Robertom koji se godinama brine o gostima na na\u0161im morskim putovanjima.<\/p>\n[\/vc_column_text][\/vc_column][\/vc_row]\n<\/div>","protected":false},"excerpt":{"rendered":"<p>[vc_row][vc_column][vc_column_text css=&#8221;.vc_custom_1582540239873{padding-top: 5% !important;padding-right: 5% !important;padding-bottom: 5% !important;padding-left: 5% !important;}&#8221;] Marco Polo je ime svjetski poznatog moreplovca i pustolova iznimne hrabrosti i osobnosti. Zahvaljuju\u0107i tim kvalitete uspio je na svojim putovanjim da usvoji nova iskustva i donese nove izume, tkanine, mirodije i za\u010dine u svoju domovinu.Marco Polo ro\u0111en je na nama bliskom otoku Kor\u010duli gdje [&hellip;]<\/p>\n","protected":false},"author":1,"featured_media":0,"parent":0,"menu_order":0,"comment_status":"closed","ping_status":"closed","template":"","meta":{"footnotes":""},"class_list":["post-3722","page","type-page","status-publish","hentry"],"yoast_head":"<!-- This site is optimized with the Yoast SEO plugin v26.7 - https:\/\/yoast.com\/wordpress\/plugins\/seo\/ -->\n<title>Pri\u010da O Marco Polo &#8211; Hotel Marco Polo<\/title>\n<meta name=\"robots\" content=\"index, follow, max-snippet:-1, max-image-preview:large, max-video-preview:-1\" \/>\n<link rel=\"canonical\" href=\"https:\/\/hotel-marcopolo.com\/hr\/get-the-whole-story\/\" \/>\n<meta property=\"og:locale\" content=\"hr_HR\" \/>\n<meta property=\"og:type\" content=\"article\" \/>\n<meta property=\"og:title\" content=\"Pri\u010da O Marco Polo &#8211; Hotel Marco Polo\" \/>\n<meta property=\"og:description\" content=\"[vc_row][vc_column][vc_column_text css=&#8221;.vc_custom_1582540239873{padding-top: 5% !important;padding-right: 5% !important;padding-bottom: 5% !important;padding-left: 5% !important;}&#8221;] Marco Polo je ime svjetski poznatog moreplovca i pustolova iznimne hrabrosti i osobnosti. Zahvaljuju\u0107i tim kvalitete uspio je na svojim putovanjim da usvoji nova iskustva i donese nove izume, tkanine, mirodije i za\u010dine u svoju domovinu.Marco Polo ro\u0111en je na nama bliskom otoku Kor\u010duli gdje [&hellip;]\" \/>\n<meta property=\"og:url\" content=\"https:\/\/hotel-marcopolo.com\/hr\/get-the-whole-story\/\" \/>\n<meta property=\"og:site_name\" content=\"Hotel Marco Polo\" \/>\n<meta property=\"article:publisher\" content=\"https:\/\/www.facebook.com\/Boutiquehotelmarcopolo\" \/>\n<meta name=\"twitter:label1\" content=\"Procijenjeno vrijeme \u010ditanja\" \/>\n\t<meta name=\"twitter:data1\" content=\"3 minute\" \/>\n<script type=\"application\/ld+json\" class=\"yoast-schema-graph\">{\"@context\":\"https:\/\/schema.org\",\"@graph\":[{\"@type\":\"WebPage\",\"@id\":\"https:\/\/hotel-marcopolo.com\/hr\/get-the-whole-story\/\",\"url\":\"https:\/\/hotel-marcopolo.com\/hr\/get-the-whole-story\/\",\"name\":\"Pri\u010da O Marco Polo &#8211; Hotel Marco Polo\",\"isPartOf\":{\"@id\":\"https:\/\/hotel-marcopolo.com\/hr\/#website\"},\"datePublished\":\"2020-02-24T10:30:57+00:00\",\"breadcrumb\":{\"@id\":\"https:\/\/hotel-marcopolo.com\/hr\/get-the-whole-story\/#breadcrumb\"},\"inLanguage\":\"hr\",\"potentialAction\":[{\"@type\":\"ReadAction\",\"target\":[\"https:\/\/hotel-marcopolo.com\/hr\/get-the-whole-story\/\"]}]},{\"@type\":\"BreadcrumbList\",\"@id\":\"https:\/\/hotel-marcopolo.com\/hr\/get-the-whole-story\/#breadcrumb\",\"itemListElement\":[{\"@type\":\"ListItem\",\"position\":1,\"name\":\"Home\",\"item\":\"https:\/\/hotel-marcopolo.com\/hr\/\"},{\"@type\":\"ListItem\",\"position\":2,\"name\":\"Pri\u010da O Marco Polo\"}]},{\"@type\":\"WebSite\",\"@id\":\"https:\/\/hotel-marcopolo.com\/hr\/#website\",\"url\":\"https:\/\/hotel-marcopolo.com\/hr\/\",\"name\":\"Hotel Marco Polo\",\"description\":\"Boutique Hotel Marco Polo\",\"publisher\":{\"@id\":\"https:\/\/hotel-marcopolo.com\/hr\/#organization\"},\"potentialAction\":[{\"@type\":\"SearchAction\",\"target\":{\"@type\":\"EntryPoint\",\"urlTemplate\":\"https:\/\/hotel-marcopolo.com\/hr\/?s={search_term_string}\"},\"query-input\":{\"@type\":\"PropertyValueSpecification\",\"valueRequired\":true,\"valueName\":\"search_term_string\"}}],\"inLanguage\":\"hr\"},{\"@type\":\"Organization\",\"@id\":\"https:\/\/hotel-marcopolo.com\/hr\/#organization\",\"name\":\"Hotel Marco Polo\",\"url\":\"https:\/\/hotel-marcopolo.com\/hr\/\",\"logo\":{\"@type\":\"ImageObject\",\"inLanguage\":\"hr\",\"@id\":\"https:\/\/hotel-marcopolo.com\/hr\/#\/schema\/logo\/image\/\",\"url\":\"https:\/\/hotel-marcopolo.com\/wp-content\/uploads\/2020\/02\/cropped-logo_512.png\",\"contentUrl\":\"https:\/\/hotel-marcopolo.com\/wp-content\/uploads\/2020\/02\/cropped-logo_512.png\",\"width\":512,\"height\":512,\"caption\":\"Hotel Marco Polo\"},\"image\":{\"@id\":\"https:\/\/hotel-marcopolo.com\/hr\/#\/schema\/logo\/image\/\"},\"sameAs\":[\"https:\/\/www.facebook.com\/Boutiquehotelmarcopolo\",\"https:\/\/www.instagram.com\/boutiquehotelmarcopolo\/\",\"https:\/\/youtube.com\/user\/HotelMarcoPoloCRO\"]}]}<\/script>\n<!-- \/ Yoast SEO plugin. -->","yoast_head_json":{"title":"Pri\u010da O Marco Polo &#8211; Hotel Marco Polo","robots":{"index":"index","follow":"follow","max-snippet":"max-snippet:-1","max-image-preview":"max-image-preview:large","max-video-preview":"max-video-preview:-1"},"canonical":"https:\/\/hotel-marcopolo.com\/hr\/get-the-whole-story\/","og_locale":"hr_HR","og_type":"article","og_title":"Pri\u010da O Marco Polo &#8211; Hotel Marco Polo","og_description":"[vc_row][vc_column][vc_column_text css=&#8221;.vc_custom_1582540239873{padding-top: 5% !important;padding-right: 5% !important;padding-bottom: 5% !important;padding-left: 5% !important;}&#8221;] Marco Polo je ime svjetski poznatog moreplovca i pustolova iznimne hrabrosti i osobnosti. Zahvaljuju\u0107i tim kvalitete uspio je na svojim putovanjim da usvoji nova iskustva i donese nove izume, tkanine, mirodije i za\u010dine u svoju domovinu.Marco Polo ro\u0111en je na nama bliskom otoku Kor\u010duli gdje [&hellip;]","og_url":"https:\/\/hotel-marcopolo.com\/hr\/get-the-whole-story\/","og_site_name":"Hotel Marco Polo","article_publisher":"https:\/\/www.facebook.com\/Boutiquehotelmarcopolo","twitter_misc":{"Procijenjeno vrijeme \u010ditanja":"3 minute"},"schema":{"@context":"https:\/\/schema.org","@graph":[{"@type":"WebPage","@id":"https:\/\/hotel-marcopolo.com\/hr\/get-the-whole-story\/","url":"https:\/\/hotel-marcopolo.com\/hr\/get-the-whole-story\/","name":"Pri\u010da O Marco Polo &#8211; Hotel Marco Polo","isPartOf":{"@id":"https:\/\/hotel-marcopolo.com\/hr\/#website"},"datePublished":"2020-02-24T10:30:57+00:00","breadcrumb":{"@id":"https:\/\/hotel-marcopolo.com\/hr\/get-the-whole-story\/#breadcrumb"},"inLanguage":"hr","potentialAction":[{"@type":"ReadAction","target":["https:\/\/hotel-marcopolo.com\/hr\/get-the-whole-story\/"]}]},{"@type":"BreadcrumbList","@id":"https:\/\/hotel-marcopolo.com\/hr\/get-the-whole-story\/#breadcrumb","itemListElement":[{"@type":"ListItem","position":1,"name":"Home","item":"https:\/\/hotel-marcopolo.com\/hr\/"},{"@type":"ListItem","position":2,"name":"Pri\u010da O Marco Polo"}]},{"@type":"WebSite","@id":"https:\/\/hotel-marcopolo.com\/hr\/#website","url":"https:\/\/hotel-marcopolo.com\/hr\/","name":"Hotel Marco Polo","description":"Boutique Hotel Marco Polo","publisher":{"@id":"https:\/\/hotel-marcopolo.com\/hr\/#organization"},"potentialAction":[{"@type":"SearchAction","target":{"@type":"EntryPoint","urlTemplate":"https:\/\/hotel-marcopolo.com\/hr\/?s={search_term_string}"},"query-input":{"@type":"PropertyValueSpecification","valueRequired":true,"valueName":"search_term_string"}}],"inLanguage":"hr"},{"@type":"Organization","@id":"https:\/\/hotel-marcopolo.com\/hr\/#organization","name":"Hotel Marco Polo","url":"https:\/\/hotel-marcopolo.com\/hr\/","logo":{"@type":"ImageObject","inLanguage":"hr","@id":"https:\/\/hotel-marcopolo.com\/hr\/#\/schema\/logo\/image\/","url":"https:\/\/hotel-marcopolo.com\/wp-content\/uploads\/2020\/02\/cropped-logo_512.png","contentUrl":"https:\/\/hotel-marcopolo.com\/wp-content\/uploads\/2020\/02\/cropped-logo_512.png","width":512,"height":512,"caption":"Hotel Marco Polo"},"image":{"@id":"https:\/\/hotel-marcopolo.com\/hr\/#\/schema\/logo\/image\/"},"sameAs":["https:\/\/www.facebook.com\/Boutiquehotelmarcopolo","https:\/\/www.instagram.com\/boutiquehotelmarcopolo\/","https:\/\/youtube.com\/user\/HotelMarcoPoloCRO"]}]}},"_links":{"self":[{"href":"https:\/\/hotel-marcopolo.com\/hr\/wp-json\/wp\/v2\/pages\/3722","targetHints":{"allow":["GET"]}}],"collection":[{"href":"https:\/\/hotel-marcopolo.com\/hr\/wp-json\/wp\/v2\/pages"}],"about":[{"href":"https:\/\/hotel-marcopolo.com\/hr\/wp-json\/wp\/v2\/types\/page"}],"author":[{"embeddable":true,"href":"https:\/\/hotel-marcopolo.com\/hr\/wp-json\/wp\/v2\/users\/1"}],"replies":[{"embeddable":true,"href":"https:\/\/hotel-marcopolo.com\/hr\/wp-json\/wp\/v2\/comments?post=3722"}],"version-history":[{"count":1,"href":"https:\/\/hotel-marcopolo.com\/hr\/wp-json\/wp\/v2\/pages\/3722\/revisions"}],"predecessor-version":[{"id":3723,"href":"https:\/\/hotel-marcopolo.com\/hr\/wp-json\/wp\/v2\/pages\/3722\/revisions\/3723"}],"wp:attachment":[{"href":"https:\/\/hotel-marcopolo.com\/hr\/wp-json\/wp\/v2\/media?parent=3722"}],"curies":[{"name":"wp","href":"https:\/\/api.w.org\/{rel}","templated":true}]}}