	{"id":3500,"date":"2020-02-23T17:07:32","date_gmt":"2020-02-23T16:07:32","guid":{"rendered":"http:\/\/dev.hotel-marcopolo.com\/?page_id=3500"},"modified":"2020-09-18T13:22:32","modified_gmt":"2020-09-18T11:22:32","slug":"ekskluzivna-vinska-tura","status":"publish","type":"page","link":"https:\/\/hotel-marcopolo.com\/hr\/ekskluzivna-vinska-tura\/","title":{"rendered":"Ekskluzivna vinska tura"},"content":{"rendered":"<div class=\"wpb-content-wrapper\">[vc_row][vc_column]<h1 class=\"calluna-heading calluna-heading-single-line text-align-left \" style=\"font-size: 40px;\"><span>Ekskluzivna vinska tura<\/span><\/h1>[\/vc_column][vc_column width=&#8221;1\/2&#8243;][vc_column_text]\n<p>Izlet posjeduje sve, ali nemojte i\u0107i ukoliko ne u\u017eivate u vinu! Nakon kratke vo\u017enje preko kanala sti\u017eemo u staru ribarsku luku u Trpnju, sa malim klimatiziranim busem po\u010dinje na\u0161a avantura preko vinskih bre\u017euljaka. Saznat \u0107ete o hrvatskim vinima, kulturi i povijesti, po \u010demu su Pelje\u0161ac i Hrvatska toliko druga\u010diji u vinskom svijetu. Neke od na\u0161ih destinacija su; farma kamenca gdje ku\u0161amo i u\u010dimo o kamenicama, posjetit \u0107emo 3 razli\u010dita interesantna vinska podruma i u\u017eivati u fantasti\u010dnom eno-gastro iskustvu. Planine, vidikovci, \u0161etnje, pri\u010de i gdje zaklju\u010dujemo ovaj prekrasan dan? Sa popodnevnim sun\u010danjem i \u00a0kupanjem na najljep\u0161im pla\u017eama Dalmacije uz kavu i doma\u0107i kola\u010d sa jo\u0161 malo vina ili piva.<\/p>\n<p><strong><strong><strong>Aktivnosti\/\u0160etnja<\/strong>:\u00a0<\/strong><\/strong>Nisko<strong><strong>\u00a0\u00a0 \u00a0\u00a0<strong>\u00a0Povijest\/Kultura**** \u00a0 \u00a0\u00a0<\/strong>\u00a0<strong>Priroda***** \u00a0 \u00a0\u00a0<\/strong>\u00a0<strong>Cijena<\/strong>: kn<\/strong><br \/>\n<strong>Vo\u0111enje<\/strong>: <\/strong>\u0160ve\/Nor\/Dan\/ Eng\/Njem<strong> \u00a0 \u00a0 \u00a0<strong>Vrijeme trajanja<\/strong>: <\/strong>9h<strong> \u00a0 \u00a0 \u00a0<strong>Uklju\u010deno<\/strong>:\u00a0<\/strong>Ekskluzivni ru\u010dak + 3\u00a0 odvojena ku\u0161anja vino\/pi\u0107e\/kava &amp; kola\u010d na brodu<\/p>\n[\/vc_column_text][\/vc_column][vc_column width=&#8221;1\/2&#8243;]\t<div class=\"image-gallery\">\n            <div id=\"69f1a58798b2e-carousel\" class=\"carousel slide\" data-ride=\"carousel\">\n            \t                                \t<div class=\"carousel-inner\">\n\t\t\t\t\t\t\t\t\t\t\t\t\t\t\t                                <div class=\"item active\">\n\t\t\t\t\t\t\t\t\t\t\t\t\t\t\t\t\t\t\t<!-- Image -->\n\t\t\t\t\t\t\t\t\t\t<img title=\"wine tour exclusive  \"loading=\"lazy\" decoding=\"async\" width=\"800\" height=\"533\" src=\"https:\/\/hotel-marcopolo.com\/wp-content\/uploads\/2020\/02\/wine-tour-exclusive.jpg\" class=\"attachment-full size-full\" alt=\"wine-tour-exclusive  \" srcset=\"https:\/\/hotel-marcopolo.com\/wp-content\/uploads\/2020\/02\/wine-tour-exclusive.jpg 800w, https:\/\/hotel-marcopolo.com\/wp-content\/uploads\/2020\/02\/wine-tour-exclusive-300x200.jpg 300w, https:\/\/hotel-marcopolo.com\/wp-content\/uploads\/2020\/02\/wine-tour-exclusive-768x512.jpg 768w\" sizes=\"auto, (max-width: 800px) 100vw, 800px\" \/>\t\t\t\t\t\t\t\t\t\t\t\t\t\t\t\t\t\t\t\t\t\t\t\t\t\t\t                                <\/div>\n                                \n\t\t\t\t\t\t\t\t\t\t\t\t\t\t                     <\/div>\n                     <div class=\"gallery_button_wrapper\">\n                    <a class=\"left carousel-control\" href=\"#69f1a58798b2e-carousel\" data-slide=\"prev\">\n                    <span class=\"icon-left\"><\/span>\n                <\/a>\n                <\/div>\n                <div class=\"gallery_button_wrapper\">\n                    <a class=\"right carousel-control\" href=\"#69f1a58798b2e-carousel\" data-slide=\"next\">\n                    <span class=\"icon-right\"><\/span>\n                <\/a>\n                <\/div>\n\t\t\t\t\t                \n           <\/div>\n  \t\t  <\/div>\n\t\n\t[vc_empty_space height=&#8221;50px&#8221;][\/vc_column][\/vc_row]\n<\/div>","protected":false},"excerpt":{"rendered":"<p>[vc_row][vc_column][\/vc_column][vc_column width=&#8221;1\/2&#8243;][vc_column_text] Izlet posjeduje sve, ali nemojte i\u0107i ukoliko ne u\u017eivate u vinu! Nakon kratke vo\u017enje preko kanala sti\u017eemo u staru ribarsku luku u Trpnju, sa malim klimatiziranim busem po\u010dinje na\u0161a avantura preko vinskih bre\u017euljaka. Saznat \u0107ete o hrvatskim vinima, kulturi i povijesti, po \u010demu su Pelje\u0161ac i Hrvatska toliko druga\u010diji u vinskom svijetu. Neke [&hellip;]<\/p>\n","protected":false},"author":1,"featured_media":0,"parent":0,"menu_order":0,"comment_status":"closed","ping_status":"closed","template":"","meta":{"footnotes":""},"class_list":["post-3500","page","type-page","status-publish","hentry"],"yoast_head":"<!-- This site is optimized with the Yoast SEO plugin v27.4 - https:\/\/yoast.com\/product\/yoast-seo-wordpress\/ -->\n<title>Ekskluzivna vinska tura &#8211; Hotel Marco Polo<\/title>\n<meta name=\"robots\" content=\"index, follow, max-snippet:-1, max-image-preview:large, max-video-preview:-1\" \/>\n<link rel=\"canonical\" href=\"https:\/\/hotel-marcopolo.com\/hr\/ekskluzivna-vinska-tura\/\" \/>\n<meta property=\"og:locale\" content=\"hr_HR\" \/>\n<meta property=\"og:type\" content=\"article\" \/>\n<meta property=\"og:title\" content=\"Ekskluzivna vinska tura &#8211; Hotel Marco Polo\" \/>\n<meta property=\"og:description\" content=\"[vc_row][vc_column][\/vc_column][vc_column width=&#8221;1\/2&#8243;][vc_column_text] Izlet posjeduje sve, ali nemojte i\u0107i ukoliko ne u\u017eivate u vinu! Nakon kratke vo\u017enje preko kanala sti\u017eemo u staru ribarsku luku u Trpnju, sa malim klimatiziranim busem po\u010dinje na\u0161a avantura preko vinskih bre\u017euljaka. Saznat \u0107ete o hrvatskim vinima, kulturi i povijesti, po \u010demu su Pelje\u0161ac i Hrvatska toliko druga\u010diji u vinskom svijetu. Neke [&hellip;]\" \/>\n<meta property=\"og:url\" content=\"https:\/\/hotel-marcopolo.com\/hr\/ekskluzivna-vinska-tura\/\" \/>\n<meta property=\"og:site_name\" content=\"Hotel Marco Polo\" \/>\n<meta property=\"article:publisher\" content=\"https:\/\/www.facebook.com\/Boutiquehotelmarcopolo\" \/>\n<meta property=\"article:modified_time\" content=\"2020-09-18T11:22:32+00:00\" \/>\n<meta name=\"twitter:label1\" content=\"Procijenjeno vrijeme \u010ditanja\" \/>\n\t<meta name=\"twitter:data1\" content=\"1 minuta\" \/>\n<script type=\"application\/ld+json\" class=\"yoast-schema-graph\">{\"@context\":\"https:\\\/\\\/schema.org\",\"@graph\":[{\"@type\":\"WebPage\",\"@id\":\"https:\\\/\\\/hotel-marcopolo.com\\\/hr\\\/ekskluzivna-vinska-tura\\\/\",\"url\":\"https:\\\/\\\/hotel-marcopolo.com\\\/hr\\\/ekskluzivna-vinska-tura\\\/\",\"name\":\"Ekskluzivna vinska tura &#8211; Hotel Marco Polo\",\"isPartOf\":{\"@id\":\"https:\\\/\\\/hotel-marcopolo.com\\\/hr\\\/#website\"},\"datePublished\":\"2020-02-23T16:07:32+00:00\",\"dateModified\":\"2020-09-18T11:22:32+00:00\",\"breadcrumb\":{\"@id\":\"https:\\\/\\\/hotel-marcopolo.com\\\/hr\\\/ekskluzivna-vinska-tura\\\/#breadcrumb\"},\"inLanguage\":\"hr\",\"potentialAction\":[{\"@type\":\"ReadAction\",\"target\":[\"https:\\\/\\\/hotel-marcopolo.com\\\/hr\\\/ekskluzivna-vinska-tura\\\/\"]}]},{\"@type\":\"BreadcrumbList\",\"@id\":\"https:\\\/\\\/hotel-marcopolo.com\\\/hr\\\/ekskluzivna-vinska-tura\\\/#breadcrumb\",\"itemListElement\":[{\"@type\":\"ListItem\",\"position\":1,\"name\":\"Home\",\"item\":\"https:\\\/\\\/hotel-marcopolo.com\\\/hr\\\/\"},{\"@type\":\"ListItem\",\"position\":2,\"name\":\"Ekskluzivna vinska tura\"}]},{\"@type\":\"WebSite\",\"@id\":\"https:\\\/\\\/hotel-marcopolo.com\\\/hr\\\/#website\",\"url\":\"https:\\\/\\\/hotel-marcopolo.com\\\/hr\\\/\",\"name\":\"Hotel Marco Polo\",\"description\":\"Boutique Hotel Marco Polo\",\"publisher\":{\"@id\":\"https:\\\/\\\/hotel-marcopolo.com\\\/hr\\\/#organization\"},\"potentialAction\":[{\"@type\":\"SearchAction\",\"target\":{\"@type\":\"EntryPoint\",\"urlTemplate\":\"https:\\\/\\\/hotel-marcopolo.com\\\/hr\\\/?s={search_term_string}\"},\"query-input\":{\"@type\":\"PropertyValueSpecification\",\"valueRequired\":true,\"valueName\":\"search_term_string\"}}],\"inLanguage\":\"hr\"},{\"@type\":\"Organization\",\"@id\":\"https:\\\/\\\/hotel-marcopolo.com\\\/hr\\\/#organization\",\"name\":\"Hotel Marco Polo\",\"url\":\"https:\\\/\\\/hotel-marcopolo.com\\\/hr\\\/\",\"logo\":{\"@type\":\"ImageObject\",\"inLanguage\":\"hr\",\"@id\":\"https:\\\/\\\/hotel-marcopolo.com\\\/hr\\\/#\\\/schema\\\/logo\\\/image\\\/\",\"url\":\"https:\\\/\\\/hotel-marcopolo.com\\\/wp-content\\\/uploads\\\/2020\\\/02\\\/cropped-logo_512.png\",\"contentUrl\":\"https:\\\/\\\/hotel-marcopolo.com\\\/wp-content\\\/uploads\\\/2020\\\/02\\\/cropped-logo_512.png\",\"width\":512,\"height\":512,\"caption\":\"Hotel Marco Polo\"},\"image\":{\"@id\":\"https:\\\/\\\/hotel-marcopolo.com\\\/hr\\\/#\\\/schema\\\/logo\\\/image\\\/\"},\"sameAs\":[\"https:\\\/\\\/www.facebook.com\\\/Boutiquehotelmarcopolo\",\"https:\\\/\\\/www.instagram.com\\\/boutiquehotelmarcopolo\\\/\",\"https:\\\/\\\/youtube.com\\\/user\\\/HotelMarcoPoloCRO\"]}]}<\/script>\n<!-- \/ Yoast SEO plugin. -->","yoast_head_json":{"title":"Ekskluzivna vinska tura &#8211; Hotel Marco Polo","robots":{"index":"index","follow":"follow","max-snippet":"max-snippet:-1","max-image-preview":"max-image-preview:large","max-video-preview":"max-video-preview:-1"},"canonical":"https:\/\/hotel-marcopolo.com\/hr\/ekskluzivna-vinska-tura\/","og_locale":"hr_HR","og_type":"article","og_title":"Ekskluzivna vinska tura &#8211; Hotel Marco Polo","og_description":"[vc_row][vc_column][\/vc_column][vc_column width=&#8221;1\/2&#8243;][vc_column_text] Izlet posjeduje sve, ali nemojte i\u0107i ukoliko ne u\u017eivate u vinu! Nakon kratke vo\u017enje preko kanala sti\u017eemo u staru ribarsku luku u Trpnju, sa malim klimatiziranim busem po\u010dinje na\u0161a avantura preko vinskih bre\u017euljaka. Saznat \u0107ete o hrvatskim vinima, kulturi i povijesti, po \u010demu su Pelje\u0161ac i Hrvatska toliko druga\u010diji u vinskom svijetu. Neke [&hellip;]","og_url":"https:\/\/hotel-marcopolo.com\/hr\/ekskluzivna-vinska-tura\/","og_site_name":"Hotel Marco Polo","article_publisher":"https:\/\/www.facebook.com\/Boutiquehotelmarcopolo","article_modified_time":"2020-09-18T11:22:32+00:00","twitter_misc":{"Procijenjeno vrijeme \u010ditanja":"1 minuta"},"schema":{"@context":"https:\/\/schema.org","@graph":[{"@type":"WebPage","@id":"https:\/\/hotel-marcopolo.com\/hr\/ekskluzivna-vinska-tura\/","url":"https:\/\/hotel-marcopolo.com\/hr\/ekskluzivna-vinska-tura\/","name":"Ekskluzivna vinska tura &#8211; Hotel Marco Polo","isPartOf":{"@id":"https:\/\/hotel-marcopolo.com\/hr\/#website"},"datePublished":"2020-02-23T16:07:32+00:00","dateModified":"2020-09-18T11:22:32+00:00","breadcrumb":{"@id":"https:\/\/hotel-marcopolo.com\/hr\/ekskluzivna-vinska-tura\/#breadcrumb"},"inLanguage":"hr","potentialAction":[{"@type":"ReadAction","target":["https:\/\/hotel-marcopolo.com\/hr\/ekskluzivna-vinska-tura\/"]}]},{"@type":"BreadcrumbList","@id":"https:\/\/hotel-marcopolo.com\/hr\/ekskluzivna-vinska-tura\/#breadcrumb","itemListElement":[{"@type":"ListItem","position":1,"name":"Home","item":"https:\/\/hotel-marcopolo.com\/hr\/"},{"@type":"ListItem","position":2,"name":"Ekskluzivna vinska tura"}]},{"@type":"WebSite","@id":"https:\/\/hotel-marcopolo.com\/hr\/#website","url":"https:\/\/hotel-marcopolo.com\/hr\/","name":"Hotel Marco Polo","description":"Boutique Hotel Marco Polo","publisher":{"@id":"https:\/\/hotel-marcopolo.com\/hr\/#organization"},"potentialAction":[{"@type":"SearchAction","target":{"@type":"EntryPoint","urlTemplate":"https:\/\/hotel-marcopolo.com\/hr\/?s={search_term_string}"},"query-input":{"@type":"PropertyValueSpecification","valueRequired":true,"valueName":"search_term_string"}}],"inLanguage":"hr"},{"@type":"Organization","@id":"https:\/\/hotel-marcopolo.com\/hr\/#organization","name":"Hotel Marco Polo","url":"https:\/\/hotel-marcopolo.com\/hr\/","logo":{"@type":"ImageObject","inLanguage":"hr","@id":"https:\/\/hotel-marcopolo.com\/hr\/#\/schema\/logo\/image\/","url":"https:\/\/hotel-marcopolo.com\/wp-content\/uploads\/2020\/02\/cropped-logo_512.png","contentUrl":"https:\/\/hotel-marcopolo.com\/wp-content\/uploads\/2020\/02\/cropped-logo_512.png","width":512,"height":512,"caption":"Hotel Marco Polo"},"image":{"@id":"https:\/\/hotel-marcopolo.com\/hr\/#\/schema\/logo\/image\/"},"sameAs":["https:\/\/www.facebook.com\/Boutiquehotelmarcopolo","https:\/\/www.instagram.com\/boutiquehotelmarcopolo\/","https:\/\/youtube.com\/user\/HotelMarcoPoloCRO"]}]}},"_links":{"self":[{"href":"https:\/\/hotel-marcopolo.com\/hr\/wp-json\/wp\/v2\/pages\/3500","targetHints":{"allow":["GET"]}}],"collection":[{"href":"https:\/\/hotel-marcopolo.com\/hr\/wp-json\/wp\/v2\/pages"}],"about":[{"href":"https:\/\/hotel-marcopolo.com\/hr\/wp-json\/wp\/v2\/types\/page"}],"author":[{"embeddable":true,"href":"https:\/\/hotel-marcopolo.com\/hr\/wp-json\/wp\/v2\/users\/1"}],"replies":[{"embeddable":true,"href":"https:\/\/hotel-marcopolo.com\/hr\/wp-json\/wp\/v2\/comments?post=3500"}],"version-history":[{"count":2,"href":"https:\/\/hotel-marcopolo.com\/hr\/wp-json\/wp\/v2\/pages\/3500\/revisions"}],"predecessor-version":[{"id":4278,"href":"https:\/\/hotel-marcopolo.com\/hr\/wp-json\/wp\/v2\/pages\/3500\/revisions\/4278"}],"wp:attachment":[{"href":"https:\/\/hotel-marcopolo.com\/hr\/wp-json\/wp\/v2\/media?parent=3500"}],"curies":[{"name":"wp","href":"https:\/\/api.w.org\/{rel}","templated":true}]}}