	{"id":3494,"date":"2020-02-23T17:03:47","date_gmt":"2020-02-23T16:03:47","guid":{"rendered":"http:\/\/dev.hotel-marcopolo.com\/?page_id=3494"},"modified":"2024-05-29T15:10:02","modified_gmt":"2024-05-29T13:10:02","slug":"autenticni-hvar","status":"publish","type":"page","link":"https:\/\/hotel-marcopolo.com\/hr\/autenticni-hvar\/","title":{"rendered":"Autenti\u010dni Hvar"},"content":{"rendered":"<div class=\"wpb-content-wrapper\">[vc_row][vc_column]<h1 class=\"calluna-heading calluna-heading-single-line text-align-left \" style=\"font-size: 40px;\"><span>Autenti\u010dni Hvar<\/span><\/h1>[\/vc_column][vc_column width=&#8221;1\/2&#8243;][vc_column_text]\n<p>Udaljen samo 12 km brodom od Graca nalazi se jedan od <strong>najpoznatijih i najljep\u0161ih otoka<\/strong> u Hrvatskoj,<strong> Hvar<\/strong> \u2013 \u00a0otok <strong>lavande i sunca<\/strong> tako\u0111er hvaljen po<strong> kvalitetnim vinima, prekrasnim pla\u017eama, kristalno bistrom moru i najve\u0107im broj sun\u010danih sati u Evropi<\/strong>. Ovo je svakako jedan od najboljih izleta koje na\u0161 hotel nudi. Vodimo Vas do <strong>skrivene male lagune<\/strong> gdje nas do\u010dekujepoznati ribar Gambo sa svije\u017eim delicijama iz mora.<\/p>\n<p>Laguna izgleda kao sa razglednica, Gambova \u00a0stara kamena ku\u0107a jedina u uvali, odli\u010dno doma\u0107e vino, riba direktno iz mre\u017ee uz istinsku dalmatinsku gostoljubivost. Ovdje vrijedi slogan: \u201c<strong>Mediteran kao \u0161to je nekad bio<\/strong>\u201c. Izlet je istinski do\u017eivljaj, nastavlja se se sa \u00a0kupanjem u <strong>dvije druge prekrasne pje\u0161\u010dane lagune<\/strong> i na kraju ture se jo\u0161 zaustavljamo u mali pitoreskni Su\u0107uraj, na sladoled. Na brodu imamo opremu za ronjenje na dah i dosta vremena za sun\u010danje tijekom \u010detiri zaustavljanja. Ovaj izlet dolazi u dvije opcije: sa ku\u0161anjem maslinova ulja u Bristu prije odlaska na Hvar ili bez.<\/p>\n<p><strong><strong>Aktivnosti\/\u0160etnja<\/strong>:\u00a0<\/strong>Nisko\u00a0<strong>\u00a0 \u00a0\u00a0<strong>\u00a0Povijest\/Kultura** \u00a0 \u00a0\u00a0<\/strong>\u00a0<strong>Priroda***** \u00a0 \u00a0\u00a0<\/strong> <\/strong><br \/>\n<strong>Vo\u0111enje:\u00a0<\/strong>\u0160ve\/Nor\/Dan\/ Eng\/Njem\u00a0 \u00a0 \u00a0<strong>Vrijeme trajanja<\/strong>: 8h \u00a0 \u00a0 \u00a0<strong>Uklju\u010deno<\/strong>: Sve vrste pi\u0107a i snack na brodu &#8211; Ru\u010dak uklju\u010duje 3 slijeda i vino<\/p>\n<p><strong>Cijena:690kn<\/strong><\/p>\n<p>Za sve koji \u017eele preno\u0107iti u usamljenoj laguni daleko od civilizacije na raspolaganju je 5 \u0161armantno ure\u0111enih soba koje se iznajmljuju.<\/p>\n[\/vc_column_text][\/vc_column][vc_column width=&#8221;1\/2&#8243;]\t<div class=\"image-gallery\">\n            <div id=\"69e17db57d7d7-carousel\" class=\"carousel slide\" data-ride=\"carousel\">\n            \t                                \t<div class=\"carousel-inner\">\n\t\t\t\t\t\t\t\t\t\t\t\t\t\t\t                                <div class=\"item active\">\n\t\t\t\t\t\t\t\t\t\t\t\t\t\t\t\t\t\t\t<!-- Image -->\n\t\t\t\t\t\t\t\t\t\t<img title=\"hvar3  \"loading=\"lazy\" decoding=\"async\" width=\"800\" height=\"533\" src=\"https:\/\/hotel-marcopolo.com\/wp-content\/uploads\/2020\/02\/hvar1.jpg\" class=\"attachment-full size-full\" alt=\"hvar1  \" srcset=\"https:\/\/hotel-marcopolo.com\/wp-content\/uploads\/2020\/02\/hvar1.jpg 800w, https:\/\/hotel-marcopolo.com\/wp-content\/uploads\/2020\/02\/hvar1-300x200.jpg 300w, https:\/\/hotel-marcopolo.com\/wp-content\/uploads\/2020\/02\/hvar1-768x512.jpg 768w\" sizes=\"auto, (max-width: 800px) 100vw, 800px\" \/>\t\t\t\t\t\t\t\t\t\t\t\t\t\t\t\t\t\t\t\t\t\t\t\t\t\t\t                                <\/div>\n                                \n\t\t\t\t\t\t\t\t\t\t\t\t\t\t\t                                <div class=\"item \">\n\t\t\t\t\t\t\t\t\t\t\t\t\t\t\t\t\t\t\t<!-- Image -->\n\t\t\t\t\t\t\t\t\t\t<img title=\"hvar3  \"loading=\"lazy\" decoding=\"async\" width=\"720\" height=\"481\" src=\"https:\/\/hotel-marcopolo.com\/wp-content\/uploads\/2020\/02\/hvar2.jpg\" class=\"attachment-full size-full\" alt=\"hvar2  \" srcset=\"https:\/\/hotel-marcopolo.com\/wp-content\/uploads\/2020\/02\/hvar2.jpg 720w, https:\/\/hotel-marcopolo.com\/wp-content\/uploads\/2020\/02\/hvar2-300x200.jpg 300w\" sizes=\"auto, (max-width: 720px) 100vw, 720px\" \/>\t\t\t\t\t\t\t\t\t\t\t\t\t\t\t\t\t\t\t\t\t\t\t\t\t\t\t                                <\/div>\n                                \n\t\t\t\t\t\t\t\t\t\t\t\t\t\t\t                                <div class=\"item \">\n\t\t\t\t\t\t\t\t\t\t\t\t\t\t\t\t\t\t\t<!-- Image -->\n\t\t\t\t\t\t\t\t\t\t<img title=\"hvar3  \"loading=\"lazy\" decoding=\"async\" width=\"2560\" height=\"1707\" src=\"https:\/\/hotel-marcopolo.com\/wp-content\/uploads\/2020\/02\/hvar3.jpg\" class=\"attachment-full size-full\" alt=\"hvar3  \" \/>\t\t\t\t\t\t\t\t\t\t\t\t\t\t\t\t\t\t\t\t\t\t\t\t\t\t\t                                <\/div>\n                                \n\t\t\t\t\t\t\t\t\t\t\t\t\t\t                     <\/div>\n                     <div class=\"gallery_button_wrapper\">\n                    <a class=\"left carousel-control\" href=\"#69e17db57d7d7-carousel\" data-slide=\"prev\">\n                    <span class=\"icon-left\"><\/span>\n                <\/a>\n                <\/div>\n                <div class=\"gallery_button_wrapper\">\n                    <a class=\"right carousel-control\" href=\"#69e17db57d7d7-carousel\" data-slide=\"next\">\n                    <span class=\"icon-right\"><\/span>\n                <\/a>\n                <\/div>\n\t\t\t\t\t                \n           <\/div>\n  \t\t  <\/div>\n\t\n\t[vc_empty_space height=&#8221;50px&#8221;][\/vc_column][\/vc_row]\n<\/div>","protected":false},"excerpt":{"rendered":"<p>[vc_row][vc_column][\/vc_column][vc_column width=&#8221;1\/2&#8243;][vc_column_text] Udaljen samo 12 km brodom od Graca nalazi se jedan od najpoznatijih i najljep\u0161ih otoka u Hrvatskoj, Hvar \u2013 \u00a0otok lavande i sunca tako\u0111er hvaljen po kvalitetnim vinima, prekrasnim pla\u017eama, kristalno bistrom moru i najve\u0107im broj sun\u010danih sati u Evropi. Ovo je svakako jedan od najboljih izleta koje na\u0161 hotel nudi. Vodimo Vas [&hellip;]<\/p>\n","protected":false},"author":1,"featured_media":0,"parent":0,"menu_order":0,"comment_status":"closed","ping_status":"closed","template":"","meta":{"footnotes":""},"class_list":["post-3494","page","type-page","status-publish","hentry"],"yoast_head":"<!-- This site is optimized with the Yoast SEO plugin v27.4 - https:\/\/yoast.com\/product\/yoast-seo-wordpress\/ -->\n<title>Autenti\u010dni Hvar &#8211; Hotel Marco Polo<\/title>\n<meta name=\"description\" content=\"Udaljen samo 12 km brodom od Graca nalazi se jedan od najpoznatijih i najljep\u0161ih otoka u Hrvatskoj, Hvar \u2013 otok lavande i sunca tako\u0111er hvaljen...\" \/>\n<meta name=\"robots\" content=\"index, follow, max-snippet:-1, max-image-preview:large, max-video-preview:-1\" \/>\n<link rel=\"canonical\" href=\"https:\/\/hotel-marcopolo.com\/hr\/autenticni-hvar\/\" \/>\n<meta property=\"og:locale\" content=\"hr_HR\" \/>\n<meta property=\"og:type\" content=\"article\" \/>\n<meta property=\"og:title\" content=\"Autenti\u010dni Hvar &#8211; Hotel Marco Polo\" \/>\n<meta property=\"og:description\" content=\"Udaljen samo 12 km brodom od Graca nalazi se jedan od najpoznatijih i najljep\u0161ih otoka u Hrvatskoj, Hvar \u2013 otok lavande i sunca tako\u0111er hvaljen...\" \/>\n<meta property=\"og:url\" content=\"https:\/\/hotel-marcopolo.com\/hr\/autenticni-hvar\/\" \/>\n<meta property=\"og:site_name\" content=\"Hotel Marco Polo\" \/>\n<meta property=\"article:publisher\" content=\"https:\/\/www.facebook.com\/Boutiquehotelmarcopolo\" \/>\n<meta property=\"article:modified_time\" content=\"2024-05-29T13:10:02+00:00\" \/>\n<meta name=\"twitter:label1\" content=\"Procijenjeno vrijeme \u010ditanja\" \/>\n\t<meta name=\"twitter:data1\" content=\"1 minuta\" \/>\n<script type=\"application\/ld+json\" class=\"yoast-schema-graph\">{\"@context\":\"https:\\\/\\\/schema.org\",\"@graph\":[{\"@type\":\"WebPage\",\"@id\":\"https:\\\/\\\/hotel-marcopolo.com\\\/hr\\\/autenticni-hvar\\\/\",\"url\":\"https:\\\/\\\/hotel-marcopolo.com\\\/hr\\\/autenticni-hvar\\\/\",\"name\":\"Autenti\u010dni Hvar &#8211; Hotel Marco Polo\",\"isPartOf\":{\"@id\":\"https:\\\/\\\/hotel-marcopolo.com\\\/hr\\\/#website\"},\"datePublished\":\"2020-02-23T16:03:47+00:00\",\"dateModified\":\"2024-05-29T13:10:02+00:00\",\"description\":\"Udaljen samo 12 km brodom od Graca nalazi se jedan od najpoznatijih i najljep\u0161ih otoka u Hrvatskoj, Hvar \u2013 otok lavande i sunca tako\u0111er hvaljen...\",\"breadcrumb\":{\"@id\":\"https:\\\/\\\/hotel-marcopolo.com\\\/hr\\\/autenticni-hvar\\\/#breadcrumb\"},\"inLanguage\":\"hr\",\"potentialAction\":[{\"@type\":\"ReadAction\",\"target\":[\"https:\\\/\\\/hotel-marcopolo.com\\\/hr\\\/autenticni-hvar\\\/\"]}]},{\"@type\":\"BreadcrumbList\",\"@id\":\"https:\\\/\\\/hotel-marcopolo.com\\\/hr\\\/autenticni-hvar\\\/#breadcrumb\",\"itemListElement\":[{\"@type\":\"ListItem\",\"position\":1,\"name\":\"Home\",\"item\":\"https:\\\/\\\/hotel-marcopolo.com\\\/hr\\\/\"},{\"@type\":\"ListItem\",\"position\":2,\"name\":\"Autenti\u010dni Hvar\"}]},{\"@type\":\"WebSite\",\"@id\":\"https:\\\/\\\/hotel-marcopolo.com\\\/hr\\\/#website\",\"url\":\"https:\\\/\\\/hotel-marcopolo.com\\\/hr\\\/\",\"name\":\"Hotel Marco Polo\",\"description\":\"Boutique Hotel Marco Polo\",\"publisher\":{\"@id\":\"https:\\\/\\\/hotel-marcopolo.com\\\/hr\\\/#organization\"},\"potentialAction\":[{\"@type\":\"SearchAction\",\"target\":{\"@type\":\"EntryPoint\",\"urlTemplate\":\"https:\\\/\\\/hotel-marcopolo.com\\\/hr\\\/?s={search_term_string}\"},\"query-input\":{\"@type\":\"PropertyValueSpecification\",\"valueRequired\":true,\"valueName\":\"search_term_string\"}}],\"inLanguage\":\"hr\"},{\"@type\":\"Organization\",\"@id\":\"https:\\\/\\\/hotel-marcopolo.com\\\/hr\\\/#organization\",\"name\":\"Hotel Marco Polo\",\"url\":\"https:\\\/\\\/hotel-marcopolo.com\\\/hr\\\/\",\"logo\":{\"@type\":\"ImageObject\",\"inLanguage\":\"hr\",\"@id\":\"https:\\\/\\\/hotel-marcopolo.com\\\/hr\\\/#\\\/schema\\\/logo\\\/image\\\/\",\"url\":\"https:\\\/\\\/hotel-marcopolo.com\\\/wp-content\\\/uploads\\\/2020\\\/02\\\/cropped-logo_512.png\",\"contentUrl\":\"https:\\\/\\\/hotel-marcopolo.com\\\/wp-content\\\/uploads\\\/2020\\\/02\\\/cropped-logo_512.png\",\"width\":512,\"height\":512,\"caption\":\"Hotel Marco Polo\"},\"image\":{\"@id\":\"https:\\\/\\\/hotel-marcopolo.com\\\/hr\\\/#\\\/schema\\\/logo\\\/image\\\/\"},\"sameAs\":[\"https:\\\/\\\/www.facebook.com\\\/Boutiquehotelmarcopolo\",\"https:\\\/\\\/www.instagram.com\\\/boutiquehotelmarcopolo\\\/\",\"https:\\\/\\\/youtube.com\\\/user\\\/HotelMarcoPoloCRO\"]}]}<\/script>\n<!-- \/ Yoast SEO plugin. -->","yoast_head_json":{"title":"Autenti\u010dni Hvar &#8211; Hotel Marco Polo","description":"Udaljen samo 12 km brodom od Graca nalazi se jedan od najpoznatijih i najljep\u0161ih otoka u Hrvatskoj, Hvar \u2013 otok lavande i sunca tako\u0111er hvaljen...","robots":{"index":"index","follow":"follow","max-snippet":"max-snippet:-1","max-image-preview":"max-image-preview:large","max-video-preview":"max-video-preview:-1"},"canonical":"https:\/\/hotel-marcopolo.com\/hr\/autenticni-hvar\/","og_locale":"hr_HR","og_type":"article","og_title":"Autenti\u010dni Hvar &#8211; Hotel Marco Polo","og_description":"Udaljen samo 12 km brodom od Graca nalazi se jedan od najpoznatijih i najljep\u0161ih otoka u Hrvatskoj, Hvar \u2013 otok lavande i sunca tako\u0111er hvaljen...","og_url":"https:\/\/hotel-marcopolo.com\/hr\/autenticni-hvar\/","og_site_name":"Hotel Marco Polo","article_publisher":"https:\/\/www.facebook.com\/Boutiquehotelmarcopolo","article_modified_time":"2024-05-29T13:10:02+00:00","twitter_misc":{"Procijenjeno vrijeme \u010ditanja":"1 minuta"},"schema":{"@context":"https:\/\/schema.org","@graph":[{"@type":"WebPage","@id":"https:\/\/hotel-marcopolo.com\/hr\/autenticni-hvar\/","url":"https:\/\/hotel-marcopolo.com\/hr\/autenticni-hvar\/","name":"Autenti\u010dni Hvar &#8211; Hotel Marco Polo","isPartOf":{"@id":"https:\/\/hotel-marcopolo.com\/hr\/#website"},"datePublished":"2020-02-23T16:03:47+00:00","dateModified":"2024-05-29T13:10:02+00:00","description":"Udaljen samo 12 km brodom od Graca nalazi se jedan od najpoznatijih i najljep\u0161ih otoka u Hrvatskoj, Hvar \u2013 otok lavande i sunca tako\u0111er hvaljen...","breadcrumb":{"@id":"https:\/\/hotel-marcopolo.com\/hr\/autenticni-hvar\/#breadcrumb"},"inLanguage":"hr","potentialAction":[{"@type":"ReadAction","target":["https:\/\/hotel-marcopolo.com\/hr\/autenticni-hvar\/"]}]},{"@type":"BreadcrumbList","@id":"https:\/\/hotel-marcopolo.com\/hr\/autenticni-hvar\/#breadcrumb","itemListElement":[{"@type":"ListItem","position":1,"name":"Home","item":"https:\/\/hotel-marcopolo.com\/hr\/"},{"@type":"ListItem","position":2,"name":"Autenti\u010dni Hvar"}]},{"@type":"WebSite","@id":"https:\/\/hotel-marcopolo.com\/hr\/#website","url":"https:\/\/hotel-marcopolo.com\/hr\/","name":"Hotel Marco Polo","description":"Boutique Hotel Marco Polo","publisher":{"@id":"https:\/\/hotel-marcopolo.com\/hr\/#organization"},"potentialAction":[{"@type":"SearchAction","target":{"@type":"EntryPoint","urlTemplate":"https:\/\/hotel-marcopolo.com\/hr\/?s={search_term_string}"},"query-input":{"@type":"PropertyValueSpecification","valueRequired":true,"valueName":"search_term_string"}}],"inLanguage":"hr"},{"@type":"Organization","@id":"https:\/\/hotel-marcopolo.com\/hr\/#organization","name":"Hotel Marco Polo","url":"https:\/\/hotel-marcopolo.com\/hr\/","logo":{"@type":"ImageObject","inLanguage":"hr","@id":"https:\/\/hotel-marcopolo.com\/hr\/#\/schema\/logo\/image\/","url":"https:\/\/hotel-marcopolo.com\/wp-content\/uploads\/2020\/02\/cropped-logo_512.png","contentUrl":"https:\/\/hotel-marcopolo.com\/wp-content\/uploads\/2020\/02\/cropped-logo_512.png","width":512,"height":512,"caption":"Hotel Marco Polo"},"image":{"@id":"https:\/\/hotel-marcopolo.com\/hr\/#\/schema\/logo\/image\/"},"sameAs":["https:\/\/www.facebook.com\/Boutiquehotelmarcopolo","https:\/\/www.instagram.com\/boutiquehotelmarcopolo\/","https:\/\/youtube.com\/user\/HotelMarcoPoloCRO"]}]}},"_links":{"self":[{"href":"https:\/\/hotel-marcopolo.com\/hr\/wp-json\/wp\/v2\/pages\/3494","targetHints":{"allow":["GET"]}}],"collection":[{"href":"https:\/\/hotel-marcopolo.com\/hr\/wp-json\/wp\/v2\/pages"}],"about":[{"href":"https:\/\/hotel-marcopolo.com\/hr\/wp-json\/wp\/v2\/types\/page"}],"author":[{"embeddable":true,"href":"https:\/\/hotel-marcopolo.com\/hr\/wp-json\/wp\/v2\/users\/1"}],"replies":[{"embeddable":true,"href":"https:\/\/hotel-marcopolo.com\/hr\/wp-json\/wp\/v2\/comments?post=3494"}],"version-history":[{"count":4,"href":"https:\/\/hotel-marcopolo.com\/hr\/wp-json\/wp\/v2\/pages\/3494\/revisions"}],"predecessor-version":[{"id":5200,"href":"https:\/\/hotel-marcopolo.com\/hr\/wp-json\/wp\/v2\/pages\/3494\/revisions\/5200"}],"wp:attachment":[{"href":"https:\/\/hotel-marcopolo.com\/hr\/wp-json\/wp\/v2\/media?parent=3494"}],"curies":[{"name":"wp","href":"https:\/\/api.w.org\/{rel}","templated":true}]}}