{"id":3463,"date":"2020-02-23T15:59:08","date_gmt":"2020-02-23T14:59:08","guid":{"rendered":"http:\/\/dev.hotel-marcopolo.com\/?page_id=3463"},"modified":"2024-10-18T17:59:55","modified_gmt":"2024-10-18T15:59:55","slug":"dozivljaji","status":"publish","type":"page","link":"https:\/\/hotel-marcopolo.com\/hr\/dozivljaji\/","title":{"rendered":"Do\u017eivljaji"},"content":{"rendered":"<div class=\"wpb-content-wrapper\">[vc_row full_width=&#8221;stretch_row_content_no_spaces&#8221; css=&#8221;.vc_custom_1582229591402{background-color: #0f2453 !important;background-position: center !important;background-repeat: no-repeat !important;background-size: cover !important;}&#8221;][vc_column]<h1 class=\"calluna-heading calluna-heading-single-line text-align-center \" style=\"font-size: 40px;color: #967a50;\"><span>Do\u017eivljaji i Slobodno Vrijeme<\/span><\/h1>[\/vc_column][\/vc_row][vc_row full_width=&#8221;stretch_row_content_no_spaces&#8221;][vc_column css=&#8221;.vc_custom_1582454331878{padding-top: 150px !important;padding-right: 150px !important;padding-bottom: 150px !important;padding-left: 150px !important;background-image: url(https:\/\/hotel-marcopolo.com\/wp-content\/uploads\/2020\/02\/experience.jpg?id=3340) !important;background-position: center !important;background-repeat: no-repeat !important;background-size: cover !important;}&#8221;][vc_column_text css=&#8221;.vc_custom_1582470053766{padding-top: 0px !important;padding-bottom: 0px !important;}&#8221;]\n<p style=\"text-align: center;\">\t<a class=\"paoc-popup-click paoc-popup-cust-3466 paoc-popup-button paoc-popup-btn \" href=\"javascript:void(0);\">Saznajte vi\u0161e<\/a>\r\n\n[\/vc_column_text][\/vc_column][\/vc_row][vc_row full_width=&#8221;stretch_row_content&#8221; css=&#8221;.vc_custom_1582236526774{background-color: #0f2453 !important;}&#8221; el_id=&#8221;packages&#8221;][vc_column][vc_column_text]\n<p style=\"color: #fff;\">Ukoliko \u017eelite biti aktivni tijekom Va\u0161eg boravka ovdje smo sastavili veliku listu zabavnih aktivnosti. Nije samo cilj gubitak kalorija ili odr\u017eavanje dnevne sportske rutine. Radi se o punjenju Va\u0161ih baterija i stvaranju posebnih uspomena. Garantiramo, nema boljeg punja\u010da energije od kristalno bistrog i slanog Jadranskog mora, \u010diste dalmatinske prirode i zraka u kombinaciji sa zdravom hranom.<\/p>\n[\/vc_column_text][\/vc_column][vc_column width=&#8221;1\/4&#8243;]<h2 class=\"calluna-heading calluna-heading-single-line text-align-left \" style=\"color: #967a50;\"><span>Budite aktivni<\/span><\/h2>[\/vc_column][vc_column width=&#8221;1\/4&#8243;][vc_hoverbox image=&#8221;3358&#8243; primary_title=&#8221;Fitness dvorana&#8221; hover_title=&#8221;&#8221; el_class=&#8221;text_shadow&#8221;]&#8221;DOBRO OPREMLJENA TERETANA&#8221;]\t<a class=\"paoc-popup-click paoc-popup-cust-3469 paoc-popup-button paoc-popup-btn \" href=\"javascript:void(0);\">Saznajte vi\u0161e<\/a>\r\n[\/vc_hoverbox][\/vc_column][vc_column width=&#8221;1\/4&#8243;][vc_hoverbox image=&#8221;3361&#8243; primary_title=&#8221;Biciklisti\u010dke ture&#8221; hover_title=&#8221;&#8221; el_class=&#8221;text_shadow&#8221;]BICIKLISTI\u010cKI HOTEL, BIKE HOTEL &#8211; KOMPLETNA LOGISTIKA I OPREMA\t<a class=\"paoc-popup-click paoc-popup-cust-3470 paoc-popup-button paoc-popup-btn \" href=\"javascript:void(0);\">Saznajte vi\u0161e<\/a>\r\n[\/vc_hoverbox][\/vc_column][vc_column width=&#8221;1\/4&#8243;][vc_hoverbox image=&#8221;3352&#8243; primary_title=&#8221;Planinarenje &amp; Trekking&#8221; hover_title=&#8221;&#8221; el_class=&#8221;text_shadow&#8221;]SATELITSKE KARTE ILI\u00a0 HOTELSKI VODI\u010c\t<a class=\"paoc-popup-click paoc-popup-cust-3471 paoc-popup-button paoc-popup-btn \" href=\"javascript:void(0);\">Saznajte vi\u0161e<\/a>\r\n[\/vc_hoverbox][\/vc_column][vc_column][\/vc_column][vc_column width=&#8221;1\/4&#8243;][vc_hoverbox image=&#8221;3349&#8243; primary_title=&#8221;Ribolov&#8221; hover_title=&#8221;&#8221; el_class=&#8221;text_shadow&#8221;]NEZABORAVNO\t<a class=\"paoc-popup-click paoc-popup-cust-3473 paoc-popup-button paoc-popup-btn \" href=\"javascript:void(0);\">Saznajte vi\u0161e<\/a>\r\n[\/vc_hoverbox][\/vc_column][vc_column width=&#8221;1\/4&#8243;][vc_hoverbox image=&#8221;2637&#8243; primary_title=&#8221;Iznamljivanje auta\/skutera&#8221; hover_title=&#8221;&#8221; el_class=&#8221;text_shadow&#8221;]POUZDANI IZNAMLJIVA\u010cI AUTA\t<a class=\"paoc-popup-click paoc-popup-cust-3474 paoc-popup-button paoc-popup-btn \" href=\"javascript:void(0);\">Saznajte vi\u0161e<\/a>\r\n[\/vc_hoverbox][\/vc_column][vc_column width=&#8221;1\/4&#8243;][vc_hoverbox image=&#8221;3355&#8243; primary_title=&#8221;Windsurfing &amp; Kitesurfing&#8221; hover_title=&#8221;&#8221; el_class=&#8221;text_shadow&#8221;]NAJBOLJE MJESTO NA JADRANU &#8211; U\u0160\u0106E NERETVA\t<a class=\"paoc-popup-click paoc-popup-cust-3475 paoc-popup-button paoc-popup-btn \" href=\"javascript:void(0);\">Saznajte vi\u0161e<\/a>\r\n[\/vc_hoverbox][\/vc_column][vc_column width=&#8221;1\/4&#8243;][vc_hoverbox image=&#8221;3364&#8243; primary_title=&#8221;Ustani i veslaj!&#8221; hover_title=&#8221;&#8221; el_class=&#8221;text_shadow&#8221;]SAFARI NA DASKAMA\t<a class=\"paoc-popup-click paoc-popup-cust-3476 paoc-popup-button paoc-popup-btn \" href=\"javascript:void(0);\">Saznajte vi\u0161e<\/a>\r\n[\/vc_hoverbox][\/vc_column][\/vc_row][vc_row full_width=&#8221;stretch_row_content&#8221; css=&#8221;.vc_custom_1582457641164{padding-bottom: 50px !important;background-color: #0f2453 !important;}&#8221;][vc_column]<h2 class=\"calluna-heading calluna-heading-single-line text-align-left \" style=\"color: #967a50;\"><span>Budite lijeni<\/span><\/h2>[vc_column_text]\n<p style=\"color: #fff;\">Punjenje baterija za neke zna\u010di ne tro\u0161iti energiju na sport i aktivnosti, ve\u0107 samo biti opu\u0161ten i lijen.Dopustite da budemo Va\u0161\u201ebatler\u201c, da za Vas napravimo coctail, ugrijemo saunu , razmazimo Va\u0161u du\u0161u i tijelo za vrijemeVa\u0161eg boravka u hotelu.<\/p>\n[\/vc_column_text][\/vc_column][vc_column width=&#8221;1\/3&#8243;][vc_hoverbox image=&#8221;3390&#8243; primary_title=&#8221;Le\u017ealjke&#8221; hover_title=&#8221;&#8221;]\t<a class=\"paoc-popup-click paoc-popup-cust-3480 paoc-popup-button paoc-popup-btn \" href=\"javascript:void(0);\">Saznajte vi\u0161e<\/a>\r\n[\/vc_hoverbox][\/vc_column][vc_column width=&#8221;1\/3&#8243;][vc_hoverbox image=&#8221;3387&#8243; primary_title=&#8221;Jacuzzi &amp; Sauna&#8221; hover_title=&#8221;&#8221;]\t<a class=\"paoc-popup-click paoc-popup-cust-3481 paoc-popup-button paoc-popup-btn \" href=\"javascript:void(0);\">Saznajte vi\u0161e<\/a>\r\n[\/vc_hoverbox][\/vc_column][vc_column width=&#8221;1\/3&#8243;][vc_hoverbox image=&#8221;3381&#8243; primary_title=&#8221;Masa\u017ee i Tretmani&#8221; hover_title=&#8221;&#8221;]\t<a class=\"paoc-popup-click paoc-popup-cust-3482 paoc-popup-button paoc-popup-btn \" href=\"javascript:void(0);\">Saznajte vi\u0161e<\/a>\r\n[\/vc_hoverbox][\/vc_column][vc_column width=&#8221;1\/3&#8243;][vc_hoverbox image=&#8221;3384&#8243; primary_title=&#8221;Pro\u010ditajte knjigu&#8221; hover_title=&#8221;&#8221;]\t<a class=\"paoc-popup-click paoc-popup-cust-3483 paoc-popup-button paoc-popup-btn \" href=\"javascript:void(0);\">Saznajte vi\u0161e<\/a>\r\n[\/vc_hoverbox][\/vc_column][vc_column width=&#8221;1\/3&#8243;][vc_hoverbox image=&#8221;3378&#8243; primary_title=&#8221;Opustite se&#8221; hover_title=&#8221;&#8221;]\t<a class=\"paoc-popup-click paoc-popup-cust-3484 paoc-popup-button paoc-popup-btn \" href=\"javascript:void(0);\">Saznajte vi\u0161e<\/a>\r\n[\/vc_hoverbox][\/vc_column][vc_column width=&#8221;1\/3&#8243;][vc_hoverbox image=&#8221;3393&#8243; primary_title=&#8221;Degustacija vina&#8221; hover_title=&#8221;&#8221;]\t<a class=\"paoc-popup-click paoc-popup-cust-3485 paoc-popup-button paoc-popup-btn \" href=\"javascript:void(0);\">Saznajte vi\u0161e<\/a>\r\n[\/vc_hoverbox][\/vc_column][\/vc_row][vc_row full_width=&#8221;stretch_row_content&#8221; css=&#8221;.vc_custom_1582457641164{padding-bottom: 50px !important;background-color: #0f2453 !important;}&#8221;][vc_column]<h2 class=\"calluna-heading calluna-heading-single-line text-align-left \" style=\"color: #967a50;\"><span>Budite avanturisti\/ Na\u0161i hotelski izleti<\/span><\/h2>[vc_column_text]\n<p style=\"color: #fff;\">U \u010dovjekovoj je prirodi da istra\u017euje nove kulture i granice. Jedno je sigurno &#8211; Marco Polo je najbolje u\u010dinio putuju\u0107i po svijetu prije 700 godina, a danas smo se mi u Marco Polo najvi\u0161e usredoto\u010dili da Vam pomognemo u stvaranju Va\u0161ih uspomena i do\u017eivljaja. Na\u0161i izleti su daleko od obi\u010dnih, najmanje u stilu pritisni i pusti ili kopiraj i zalijepi; oni su jedinstveni, zabavni sa individualnim pristupom uz ugodne do\u017eivljaje. Neki izleti mogu biti edukativne prirode i uzbudljivi kao dobra knjigu od koje se ne mo\u017ee\u0161 odvojiti.\u00a0Veoma se fokusiramo na na\u0161e \u201eglumce\u201c sudionike izleta jer Vi ne istra\u017eivate samo prekrasne pejza\u017ee Hrvatske ve\u0107 se tijekom svih izleta pribli\u017eavate toploj i autenti\u010dnoj gostoljubivosti doma\u0107ina.<\/p>\n<p style=\"color: #fff;\">Na\u0161i izleti su organizirani u malim grupama od 2-15osoba i vode Vas na mjesta gdje prosje\u010dan turist ne mo\u017ee do\u0107i. Zbog velike popularnosti izleta i malih grupa preporu\u010dujemo da unaprijed rezervirate ili bar pro\u010ditate o njima da saznate da li ste zainteresiraniili ne. Rezerviranje dok ste u hotelu tijekom nekih tjedana mo\u017ee biti prekasno.<\/p>\n[\/vc_column_text][\/vc_column][vc_column width=&#8221;1\/3&#8243;][vc_hoverbox image=&#8221;3407&#8243; primary_title=&#8221;Maslinovo ulje &#8211; Brodski&#8221; hover_title=&#8221;&#8221; el_class=&#8221;text_shadow&#8221;]\t<a class=\"paoc-popup-click paoc-popup-cust-3487 paoc-popup-button paoc-popup-btn \" href=\"javascript:void(0);\">Saznajte vi\u0161e<\/a>\r\n[\/vc_hoverbox][\/vc_column][vc_column width=&#8221;1\/3&#8243;][vc_hoverbox image=&#8221;3410&#8243; primary_title=&#8221;Maslina tura&#8221; hover_title=&#8221;&#8221; el_class=&#8221;text_shadow&#8221;]\t<a class=\"paoc-popup-click paoc-popup-cust-3488 paoc-popup-button paoc-popup-btn \" href=\"javascript:void(0);\">Saznajte vi\u0161e<\/a>\r\n[\/vc_hoverbox][\/vc_column][vc_column width=&#8221;1\/3&#8243;][vc_hoverbox image=&#8221;3419&#8243; primary_title=&#8221;Istra\u017eite Biokovo&#8221; hover_title=&#8221;&#8221; el_class=&#8221;text_shadow&#8221;]\t<a class=\"paoc-popup-click paoc-popup-cust-3489 paoc-popup-button paoc-popup-btn \" href=\"javascript:void(0);\">Saznajte vi\u0161e<\/a>\r\n[\/vc_hoverbox][\/vc_column][vc_column width=&#8221;1\/3&#8243;][vc_hoverbox image=&#8221;3404&#8243; primary_title=&#8221;Autenti\u010dni Hvar&#8221; hover_title=&#8221;&#8221; el_class=&#8221;text_shadow&#8221;]\t<a class=\"paoc-popup-click paoc-popup-cust-3497 paoc-popup-button paoc-popup-btn \" href=\"javascript:void(0);\">Saznajte vi\u0161e<\/a>\r\n[\/vc_hoverbox][\/vc_column][vc_column width=&#8221;1\/3&#8243;][vc_hoverbox image=&#8221;3413&#8243; primary_title=&#8221;Mala vinska tura&#8221; hover_title=&#8221;&#8221; el_class=&#8221;text_shadow&#8221;]NEZABORAVNO\t<a class=\"paoc-popup-click paoc-popup-cust-3498 paoc-popup-button paoc-popup-btn \" href=\"javascript:void(0);\">Saznajte vi\u0161e<\/a>\r\n[\/vc_hoverbox][\/vc_column][vc_column width=&#8221;1\/3&#8243;][vc_hoverbox image=&#8221;3416&#8243; primary_title=&#8221;Ekskluzivna vinska tura&#8221; hover_title=&#8221;&#8221; el_class=&#8221;text_shadow&#8221;]\t<a class=\"paoc-popup-click paoc-popup-cust-3499 paoc-popup-button paoc-popup-btn \" href=\"javascript:void(0);\">Saznajte vi\u0161e<\/a>\r\n[\/vc_hoverbox][\/vc_column][\/vc_row][vc_row full_width=&#8221;stretch_row_content&#8221; css=&#8221;.vc_custom_1582204839668{padding-top: 50px !important;}&#8221; el_class=&#8221;accent-background&#8221;][vc_column]<h2 class=\"calluna-heading calluna-heading-single-line text-align-center \" ><span>U srcu Dalmacije<\/span><\/h2>[\/vc_column][vc_column][vc_column_text css=&#8221;.vc_custom_1582474123886{padding-right: 20px !important;padding-bottom: 50px !important;padding-left: 20px !important;}&#8221;]Budu\u0107i da vjerujemo da je polo\u017eaj Gradca na\u0161a najve\u0107a prednost pogledajmo \u0161to se nalazi oko nas. Gledaju\u0107i zemljopisno, te\u0161ko je prona\u0107i bilo koje mjesto u cijeloj Hrvatskoj koje ima toliko poznatih znamenitosti unutar 1-2 sata. Ima toliko toga za \u010diniti i vidjeti da \u010dak 14 dana boravka u hotelu ne bi bilo dovoljno ukoliko biste sve htjeli vidjeti. Kulturno, prirodno, povijesno, ruralno, gastro, eno ili shopping, uvijek postoji ne\u0161to za sva\u010diji ukus. Ukoliko ste vidjeli najve\u0107e znamenitosti, mnoge male \u201etajne\u201c\u010dekaju na Vas. Gradac je savr\u0161ena kombinacija mirnog kupali\u0161nog ljetovali\u0161ta gdje se mo\u017eete opustiti i okrijepiti izme\u0111u Va\u0161ih ekspedicija, udobnost hotela i napokon individualan pristup koji dobivate od nas dok istra\u017eivate Hrvatsku garancija je da \u0107ete imati savr\u0161en odmor.[\/vc_column_text][\/vc_column][\/vc_row][vc_row full_width=&#8221;stretch_row_content&#8221; el_class=&#8221;accent-background&#8221;][vc_column][vc_raw_html css=&#8221;&#8221;]JTNDaWZyYW1lJTIwc2FuZGJveCUzRCUyMmFsbG93LXNjcmlwdHMlMjBhbGxvdy1zYW1lLW9yaWdpbiUyMGFsbG93LXBvcHVwcyUyMiUyMHNyYyUzRCUyMmh0dHBzJTNBJTJGJTJGd3d3Lmdvb2dsZS5jb20lMkZtYXBzJTJGZCUyRmVtYmVkJTNGbWlkJTNEMXIwUWI0bXVGSVJWQkNCRjBLZm5WLU0tNGJTYyUyMiUyMHdpZHRoJTNEJTIyMTAwJTI1JTIyJTIwaGVpZ2h0JTNEJTIyNDgwJTIyJTNFJTNDJTJGaWZyYW1lJTNF[\/vc_raw_html][\/vc_column][vc_column width=&#8221;1\/3&#8243;][vc_column_text]<strong>Poznata mjesta <\/strong><\/p>\n<p>1. Dubrovnik \u2013 98km<\/p>\n<p>2. Sveti\u0161te Me\u0111ugorje (Hercegovina) &#8211; 45km<\/p>\n<p>3. Mostar &#8211; 80km<\/p>\n<p>4. Korcula Town \u2013 50km by boat \u2013 100km by car<\/p>\n<p>5. Hvar Town \u2013 64km by boat \u2013 100km by car<\/p>\n<p>6. Split \u2013 100km<\/p>\n<p>7. Trogir \u2013 125km<\/p>\n<p>8. Nacionalni park Otok Mljet \u2013 105 km<\/p>\n<p>9. Nacionalni park Slapovi Krka \u2013 190km<\/p>\n<p>10. Sarajevo \u2013 Glavni grad Bosne i Hercegovine \u2013 210km[\/vc_column_text][\/vc_column][vc_column width=&#8221;1\/3&#8243;][vc_column_text]<strong>Lokalne znamenitosti<\/strong><\/p>\n<p>11. Etno Selo Kokori\u0107i \u201310km pje\u0161ke preko planine \u2013 35km autom<\/p>\n<p>12. Ba\u0107inska Jezera \u2013 8km;<\/p>\n<p>13. Rijeka Neretva Mo\u010dvara \u201eSafari\u201c \u201325km<\/p>\n<p>14. Delta Rijeke Neretva \u2013 20km<\/p>\n<p>15. Narona\u2013 30km<\/p>\n<p>16. Drasnice \u2013 FreeclimbingZone \u2013 30km<\/p>\n<p>17. Makarska \u2013 Administrativni centar Makarske Rivijere 35km<\/p>\n<p>18. Omi\u0161 \u2013 80km<\/p>\n<p>19. Park Prirode Biokovo \u2013 40km<\/p>\n<p>20. Park prirode Blidinje (Hercegovina) &#8211; 130km[\/vc_column_text][\/vc_column][vc_column width=&#8221;1\/3&#8243;][vc_column_text]<strong>Lokalne Znamenitosti<\/strong><\/p>\n<p>21. Slapovi Kravica (Hercegovina) &#8211; 43km<\/p>\n<p>22. Ston &#8211; 50km<\/p>\n<p>23. Kanjon Cetina &#8211; 65km<\/p>\n<p>24. Vjetrenica (Hercegovina) \u201395km<\/p>\n<p>25. Vinski puti Peljesac 15kmby boat \u2013 50km by car<\/p>\n<p>26. Vinski puti Hercegovina \u2013 45km<\/p>\n<p>27. Vinski puti Imotski \u2013 75km<\/p>\n<p>28. Vinski puti Konavle \u2013 120km<\/p>\n<p>29. HutovoBlato (Herzegovina) \u201350km<\/p>\n<p>30. Pocitelji (Herzegovina) \u2013 65km<\/p>\n<p>31. Lolni planinski vrhovi Sv.Paskal, Vrisje, St. Ilja, Viter 3km-10km[\/vc_column_text][\/vc_column][\/vc_row]\n<\/div>","protected":false},"excerpt":{"rendered":"<p>[vc_row full_width=&#8221;stretch_row_content_no_spaces&#8221; css=&#8221;.vc_custom_1582229591402{background-color: #0f2453 !important;background-position: center !important;background-repeat: no-repeat !important;background-size: cover !important;}&#8221;][vc_column][\/vc_column][\/vc_row][vc_row full_width=&#8221;stretch_row_content_no_spaces&#8221;][vc_column css=&#8221;.vc_custom_1582454331878{padding-top: 150px !important;padding-right: 150px !important;padding-bottom: 150px !important;padding-left: 150px !important;background-image: url(https:\/\/hotel-marcopolo.com\/wp-content\/uploads\/2020\/02\/experience.jpg?id=3340) !important;background-position: center !important;background-repeat: no-repeat !important;background-size: cover !important;}&#8221;][vc_column_text css=&#8221;.vc_custom_1582470053766{padding-top: 0px !important;padding-bottom: 0px !important;}&#8221;] [\/vc_column_text][\/vc_column][\/vc_row][vc_row full_width=&#8221;stretch_row_content&#8221; css=&#8221;.vc_custom_1582236526774{background-color: #0f2453 !important;}&#8221; el_id=&#8221;packages&#8221;][vc_column][vc_column_text] Ukoliko \u017eelite biti aktivni tijekom Va\u0161eg boravka ovdje smo sastavili veliku listu zabavnih aktivnosti. Nije [&hellip;]<\/p>\n","protected":false},"author":1,"featured_media":0,"parent":0,"menu_order":0,"comment_status":"closed","ping_status":"closed","template":"","meta":{"footnotes":""},"class_list":["post-3463","page","type-page","status-publish","hentry"],"yoast_head":"<!-- This site is optimized with the Yoast SEO plugin v27.4 - https:\/\/yoast.com\/product\/yoast-seo-wordpress\/ -->\n<title>Do\u017eivljaji &#8211; Hotel Marco Polo<\/title>\n<meta name=\"description\" content=\"Ukoliko \u017eelite biti aktivni tijekom Va\u0161eg boravka ovdje smo sastavili veliku listu zabavnih aktivnosti. Nije samo cilj gubitak kalorija ili odr\u017eavanje...\" \/>\n<meta name=\"robots\" content=\"index, follow, max-snippet:-1, max-image-preview:large, max-video-preview:-1\" \/>\n<link rel=\"canonical\" href=\"https:\/\/hotel-marcopolo.com\/hr\/dozivljaji\/\" \/>\n<meta property=\"og:locale\" content=\"hr_HR\" \/>\n<meta property=\"og:type\" content=\"article\" \/>\n<meta property=\"og:title\" content=\"Do\u017eivljaji &#8211; Hotel Marco Polo\" \/>\n<meta property=\"og:description\" content=\"Ukoliko \u017eelite biti aktivni tijekom Va\u0161eg boravka ovdje smo sastavili veliku listu zabavnih aktivnosti. Nije samo cilj gubitak kalorija ili odr\u017eavanje...\" \/>\n<meta property=\"og:url\" content=\"https:\/\/hotel-marcopolo.com\/hr\/dozivljaji\/\" \/>\n<meta property=\"og:site_name\" content=\"Hotel Marco Polo\" \/>\n<meta property=\"article:publisher\" content=\"https:\/\/www.facebook.com\/Boutiquehotelmarcopolo\" \/>\n<meta property=\"article:modified_time\" content=\"2024-10-18T15:59:55+00:00\" \/>\n<meta name=\"twitter:label1\" content=\"Procijenjeno vrijeme \u010ditanja\" \/>\n\t<meta name=\"twitter:data1\" content=\"4 minute\" \/>\n<script type=\"application\/ld+json\" class=\"yoast-schema-graph\">{\"@context\":\"https:\\\/\\\/schema.org\",\"@graph\":[{\"@type\":\"WebPage\",\"@id\":\"https:\\\/\\\/hotel-marcopolo.com\\\/hr\\\/dozivljaji\\\/\",\"url\":\"https:\\\/\\\/hotel-marcopolo.com\\\/hr\\\/dozivljaji\\\/\",\"name\":\"Do\u017eivljaji &#8211; Hotel Marco Polo\",\"isPartOf\":{\"@id\":\"https:\\\/\\\/hotel-marcopolo.com\\\/hr\\\/#website\"},\"datePublished\":\"2020-02-23T14:59:08+00:00\",\"dateModified\":\"2024-10-18T15:59:55+00:00\",\"description\":\"Ukoliko \u017eelite biti aktivni tijekom Va\u0161eg boravka ovdje smo sastavili veliku listu zabavnih aktivnosti. Nije samo cilj gubitak kalorija ili odr\u017eavanje...\",\"breadcrumb\":{\"@id\":\"https:\\\/\\\/hotel-marcopolo.com\\\/hr\\\/dozivljaji\\\/#breadcrumb\"},\"inLanguage\":\"hr\",\"potentialAction\":[{\"@type\":\"ReadAction\",\"target\":[\"https:\\\/\\\/hotel-marcopolo.com\\\/hr\\\/dozivljaji\\\/\"]}]},{\"@type\":\"BreadcrumbList\",\"@id\":\"https:\\\/\\\/hotel-marcopolo.com\\\/hr\\\/dozivljaji\\\/#breadcrumb\",\"itemListElement\":[{\"@type\":\"ListItem\",\"position\":1,\"name\":\"Home\",\"item\":\"https:\\\/\\\/hotel-marcopolo.com\\\/hr\\\/\"},{\"@type\":\"ListItem\",\"position\":2,\"name\":\"Do\u017eivljaji\"}]},{\"@type\":\"WebSite\",\"@id\":\"https:\\\/\\\/hotel-marcopolo.com\\\/hr\\\/#website\",\"url\":\"https:\\\/\\\/hotel-marcopolo.com\\\/hr\\\/\",\"name\":\"Hotel Marco Polo\",\"description\":\"Boutique Hotel Marco Polo\",\"publisher\":{\"@id\":\"https:\\\/\\\/hotel-marcopolo.com\\\/hr\\\/#organization\"},\"potentialAction\":[{\"@type\":\"SearchAction\",\"target\":{\"@type\":\"EntryPoint\",\"urlTemplate\":\"https:\\\/\\\/hotel-marcopolo.com\\\/hr\\\/?s={search_term_string}\"},\"query-input\":{\"@type\":\"PropertyValueSpecification\",\"valueRequired\":true,\"valueName\":\"search_term_string\"}}],\"inLanguage\":\"hr\"},{\"@type\":\"Organization\",\"@id\":\"https:\\\/\\\/hotel-marcopolo.com\\\/hr\\\/#organization\",\"name\":\"Hotel Marco Polo\",\"url\":\"https:\\\/\\\/hotel-marcopolo.com\\\/hr\\\/\",\"logo\":{\"@type\":\"ImageObject\",\"inLanguage\":\"hr\",\"@id\":\"https:\\\/\\\/hotel-marcopolo.com\\\/hr\\\/#\\\/schema\\\/logo\\\/image\\\/\",\"url\":\"https:\\\/\\\/hotel-marcopolo.com\\\/wp-content\\\/uploads\\\/2020\\\/02\\\/cropped-logo_512.png\",\"contentUrl\":\"https:\\\/\\\/hotel-marcopolo.com\\\/wp-content\\\/uploads\\\/2020\\\/02\\\/cropped-logo_512.png\",\"width\":512,\"height\":512,\"caption\":\"Hotel Marco Polo\"},\"image\":{\"@id\":\"https:\\\/\\\/hotel-marcopolo.com\\\/hr\\\/#\\\/schema\\\/logo\\\/image\\\/\"},\"sameAs\":[\"https:\\\/\\\/www.facebook.com\\\/Boutiquehotelmarcopolo\",\"https:\\\/\\\/www.instagram.com\\\/boutiquehotelmarcopolo\\\/\",\"https:\\\/\\\/youtube.com\\\/user\\\/HotelMarcoPoloCRO\"]}]}<\/script>\n<!-- \/ Yoast SEO plugin. -->","yoast_head_json":{"title":"Do\u017eivljaji &#8211; Hotel Marco Polo","description":"Ukoliko \u017eelite biti aktivni tijekom Va\u0161eg boravka ovdje smo sastavili veliku listu zabavnih aktivnosti. Nije samo cilj gubitak kalorija ili odr\u017eavanje...","robots":{"index":"index","follow":"follow","max-snippet":"max-snippet:-1","max-image-preview":"max-image-preview:large","max-video-preview":"max-video-preview:-1"},"canonical":"https:\/\/hotel-marcopolo.com\/hr\/dozivljaji\/","og_locale":"hr_HR","og_type":"article","og_title":"Do\u017eivljaji &#8211; Hotel Marco Polo","og_description":"Ukoliko \u017eelite biti aktivni tijekom Va\u0161eg boravka ovdje smo sastavili veliku listu zabavnih aktivnosti. Nije samo cilj gubitak kalorija ili odr\u017eavanje...","og_url":"https:\/\/hotel-marcopolo.com\/hr\/dozivljaji\/","og_site_name":"Hotel Marco Polo","article_publisher":"https:\/\/www.facebook.com\/Boutiquehotelmarcopolo","article_modified_time":"2024-10-18T15:59:55+00:00","twitter_misc":{"Procijenjeno vrijeme \u010ditanja":"4 minute"},"schema":{"@context":"https:\/\/schema.org","@graph":[{"@type":"WebPage","@id":"https:\/\/hotel-marcopolo.com\/hr\/dozivljaji\/","url":"https:\/\/hotel-marcopolo.com\/hr\/dozivljaji\/","name":"Do\u017eivljaji &#8211; Hotel Marco Polo","isPartOf":{"@id":"https:\/\/hotel-marcopolo.com\/hr\/#website"},"datePublished":"2020-02-23T14:59:08+00:00","dateModified":"2024-10-18T15:59:55+00:00","description":"Ukoliko \u017eelite biti aktivni tijekom Va\u0161eg boravka ovdje smo sastavili veliku listu zabavnih aktivnosti. Nije samo cilj gubitak kalorija ili odr\u017eavanje...","breadcrumb":{"@id":"https:\/\/hotel-marcopolo.com\/hr\/dozivljaji\/#breadcrumb"},"inLanguage":"hr","potentialAction":[{"@type":"ReadAction","target":["https:\/\/hotel-marcopolo.com\/hr\/dozivljaji\/"]}]},{"@type":"BreadcrumbList","@id":"https:\/\/hotel-marcopolo.com\/hr\/dozivljaji\/#breadcrumb","itemListElement":[{"@type":"ListItem","position":1,"name":"Home","item":"https:\/\/hotel-marcopolo.com\/hr\/"},{"@type":"ListItem","position":2,"name":"Do\u017eivljaji"}]},{"@type":"WebSite","@id":"https:\/\/hotel-marcopolo.com\/hr\/#website","url":"https:\/\/hotel-marcopolo.com\/hr\/","name":"Hotel Marco Polo","description":"Boutique Hotel Marco Polo","publisher":{"@id":"https:\/\/hotel-marcopolo.com\/hr\/#organization"},"potentialAction":[{"@type":"SearchAction","target":{"@type":"EntryPoint","urlTemplate":"https:\/\/hotel-marcopolo.com\/hr\/?s={search_term_string}"},"query-input":{"@type":"PropertyValueSpecification","valueRequired":true,"valueName":"search_term_string"}}],"inLanguage":"hr"},{"@type":"Organization","@id":"https:\/\/hotel-marcopolo.com\/hr\/#organization","name":"Hotel Marco Polo","url":"https:\/\/hotel-marcopolo.com\/hr\/","logo":{"@type":"ImageObject","inLanguage":"hr","@id":"https:\/\/hotel-marcopolo.com\/hr\/#\/schema\/logo\/image\/","url":"https:\/\/hotel-marcopolo.com\/wp-content\/uploads\/2020\/02\/cropped-logo_512.png","contentUrl":"https:\/\/hotel-marcopolo.com\/wp-content\/uploads\/2020\/02\/cropped-logo_512.png","width":512,"height":512,"caption":"Hotel Marco Polo"},"image":{"@id":"https:\/\/hotel-marcopolo.com\/hr\/#\/schema\/logo\/image\/"},"sameAs":["https:\/\/www.facebook.com\/Boutiquehotelmarcopolo","https:\/\/www.instagram.com\/boutiquehotelmarcopolo\/","https:\/\/youtube.com\/user\/HotelMarcoPoloCRO"]}]}},"_links":{"self":[{"href":"https:\/\/hotel-marcopolo.com\/hr\/wp-json\/wp\/v2\/pages\/3463","targetHints":{"allow":["GET"]}}],"collection":[{"href":"https:\/\/hotel-marcopolo.com\/hr\/wp-json\/wp\/v2\/pages"}],"about":[{"href":"https:\/\/hotel-marcopolo.com\/hr\/wp-json\/wp\/v2\/types\/page"}],"author":[{"embeddable":true,"href":"https:\/\/hotel-marcopolo.com\/hr\/wp-json\/wp\/v2\/users\/1"}],"replies":[{"embeddable":true,"href":"https:\/\/hotel-marcopolo.com\/hr\/wp-json\/wp\/v2\/comments?post=3463"}],"version-history":[{"count":24,"href":"https:\/\/hotel-marcopolo.com\/hr\/wp-json\/wp\/v2\/pages\/3463\/revisions"}],"predecessor-version":[{"id":5234,"href":"https:\/\/hotel-marcopolo.com\/hr\/wp-json\/wp\/v2\/pages\/3463\/revisions\/5234"}],"wp:attachment":[{"href":"https:\/\/hotel-marcopolo.com\/hr\/wp-json\/wp\/v2\/media?parent=3463"}],"curies":[{"name":"wp","href":"https:\/\/api.w.org\/{rel}","templated":true}]}}