{"id":5414,"date":"2026-02-06T19:12:10","date_gmt":"2026-02-06T18:12:10","guid":{"rendered":"https:\/\/hotel-marcopolo.com\/?page_id=5414"},"modified":"2026-02-06T19:25:23","modified_gmt":"2026-02-06T18:25:23","slug":"experiencetext","status":"publish","type":"page","link":"https:\/\/hotel-marcopolo.com\/en\/experiencetext\/","title":{"rendered":"Experiencetext"},"content":{"rendered":"<ol>\n<li>\n<h4><strong> Bad\u00e4ventyr till turkosa bukter p\u00e5 \u00f6n Hvar \u00a0\u00a0\u00a0\u00a0\u00a0\u00a0\u00a0\u00a0\u00a0\u00a0\u00a0\u00a0\u00a0\u00a0\u00a0\u00a0\u00a0\u00a0\u00a0 08:30\u201315:00 Premium experience<\/strong><\/h4>\n<\/li>\n<\/ol>\n<p>En av dom b\u00e4sta sommar\u00e4ventyren med hotellets b\u00e5t till turkosa bukter. En utflykt med hotellchefen Stipe personligen som tar er till n\u00e5gra av dom vackraste bukterna p\u00e5 \u00f6n Hvar eller Peljesac. St\u00e4llen dit man ofta kan komma bara med b\u00e5t och som \u00e4r l\u00e5ngt ifr\u00e5n turistradarn. P\u00e5 b\u00e5ten har ni dryck i form av \u00f6l, vatten, vin hela dagen, snack, frukt och mot slutet en l\u00e4tt lunch. P\u00e5 b\u00e5ten har vi snorkelutrustning, SUP-br\u00e4da och fiskeredskap. Max 10 personer.<br \/>\n<strong>Mat och Dryck:<\/strong> Hela dagen \u00a0\u00a0\u00a0\u00a0\u00a0\u00a0<strong>B\u00e4sta m\u00e5naderna<\/strong>: Juni\u2013September \u00a0\u00a0\u00a0\u00a0\u00a0\u00a0<strong>Tid:<\/strong> 6\u20136,30 h \u00a0\u00a0\u00a0\u00a0\u00a0\u00a0\u00a0<strong>Pris:<\/strong> 140 \u20ac Inga g\u00f6mda kostnader.<\/p>\n<p>&nbsp;<\/p>\n<ol start=\"2\">\n<li>\n<h4><strong> Kv\u00e4llspanorama med hotellets b\u00e5t och olivoljeprovning\u00a0 \u00a0 \u00a0 \u00a0 \u00a0 \u00a0 18:30\u201322:00 Light experience<\/strong><\/h4>\n<\/li>\n<\/ol>\n<p>N\u00e4r dagen b\u00f6rjar g\u00e5 mot sitt slut och ni har badat f\u00e4rdigt \u00e5ker vi med hotellets b\u00e5t till grannbyn Brist. Vi b\u00f6rjar med mousserat kroatiskt vin som passar b\u00e4st till solnedg\u00e5ngen. Efter 20 minuter och en l\u00e4tt panorama l\u00e4ngs med kusten med ett par ord om olivlundarna och v\u00e5r historia kommer vi till familjen Veza. D\u00e4r v\u00e4ntar en fin olivoljeprovning p\u00e5 oss med ost, marmelad, fikon, olja, fritolas, vin och 3 typer av olja. Efter 45 minuter och m\u00f6jligheter till oljeshopping s\u00e5 bjuder vi dalmatisk charkbricka med vin eller \u00f6l p\u00e5 b\u00e5ten vid kajen, sedan tuffar vi hem l\u00e4ngs med den belysta kusten.<br \/>\n<strong>Mat och Dryck<\/strong>: Hela dagen \u00a0\u00a0\u00a0\u00a0\u00a0<strong>B\u00e4sta m\u00e5naderna<\/strong>: Alla \u00a0\u00a0\u00a0\u00a0<strong>Tid<\/strong>: 3\u20133,30 h \u00a0\u00a0\u00a0\u00a0\u00a0\u00a0\u00a0<strong>Pris<\/strong>: 75 \u20ac Inga g\u00f6mda kostnader.<\/p>\n<p>&nbsp;<\/p>\n<ol start=\"3\">\n<li>\n<h4><strong> Eftermiddagsbad i dold bukt med fika och dryck, snorkling eller klipphopp\u00a0 \u00a0 \u00a0 \u00a0 \u00a0 \u00a0 \u00a015:00\u201318:30 Light experience<\/strong><\/h4>\n<\/li>\n<\/ol>\n<p>Detta \u00e4r en perfekt kombination f\u00f6r dig som vill g\u00f6ra en kortare badresa med hotellets b\u00e5t. Vi \u00e5ker riktning syd och f\u00f6ljer de branta klipporna och kustlinjen. Efter 10 minuter kommer vi till n\u00e5gra intressanta vattenk\u00e4llor som kallar till ett dopp. Strax \u00e5ker vi 10 minuter vidare till v\u00e5r g\u00f6mda bukt skyddad fr\u00e5n mistralvinden d\u00e4r vi stannar ca 2\u20132,5 h. Som alltid bjuds det allt fr\u00e5n vin, \u00f6l, vatten och cocktails p\u00e5 b\u00e5ten. En l\u00e4tt fika med kakor, frukt och kaffe \u00e4r ocks\u00e5 inkluderat. I bukten, som ligger extremt isolerad och \u00e4r n\u00e5bar bara med b\u00e5t, kan man SUP:a, snorkla, g\u00e5 i land och uppt\u00e4cka skogen och klipporna. H\u00e4r finns ocks\u00e5 fina klippor man kan hoppa ifr\u00e5n. Detta \u00e4r en perfekt resa f\u00f6r er som antingen vill f\u00f6rl\u00e4nga er baddag eller inte vill vara ute till havs hela dagen. Eftermiddagsbad i h\u00f6gsommar i Dalmatien \u00e4r n\u00e5got av det b\u00e4sta.<br \/>\n<strong>Mat och Dryck<\/strong>: I bukten \u00a0\u00a0\u00a0\u00a0\u00a0\u00a0\u00a0<strong>B\u00e4sta m\u00e5naderna<\/strong>: Juni\u2013September \u00a0\u00a0\u00a0\u00a0\u00a0\u00a0\u00a0<strong>Tid<\/strong>: 3\u20133,30 h \u00a0\u00a0\u00a0\u00a0\u00a0\u00a0\u00a0\u00a0\u00a0\u00a0<strong>Pris:<\/strong> 75 \u20ac Inga g\u00f6mda kostnader.<\/p>\n<p>&nbsp;<\/p>\n<ol start=\"4\">\n<li>\n<h4><strong> Eating with LOCALS. \u2013 Wine, honey and dinner\u00a0 \u00a0 \u00a0 \u00a0 \u00a0 \u00a0 \u00a0 \u00a0 <\/strong><strong>18:30\u201323:00 Premium experience<\/strong><\/h4>\n<\/li>\n<\/ol>\n<p>Vi vill att ni ska uppleva Dalmatien som aldrig f\u00f6rut \u2013 en perfekt avslutning p\u00e5 en dag med bad och strand. H\u00f6jdpunkten v\u00e4ntar bakom bergen av Gradac.<br \/>\nEfter en kort bilresa med hisnande utsikter, cirka 25 minuter, anl\u00e4nder ni till en fantastisk honungsfarm p\u00e5 en bergstopp. D\u00e4r, med utsikt \u00f6ver Balkans st\u00f6rsta vinf\u00e4lt, f\u00e5r ni prova honung, olja, grappa och ostar. Men den absoluta toppen \u00e4r API-terapin \u2013 att andas in luften direkt fr\u00e5n bikuporna, med eller utan gasmask, medan solen g\u00e5r ner. En magisk upplevelse.<br \/>\nD\u00e4refter v\u00e4ljer vi en av de genuina ving\u00e5rdarna i n\u00e4rheten, d\u00e4r en riklig vinprovning p\u00e5 fem viner och en kv\u00e4llsmat v\u00e4ntar. Det h\u00e4r \u00e4r autentiska omr\u00e5den med varma och v\u00e4lkomnande v\u00e4rdar \u2013 en sida av Dalmatien som f\u00e5 turister f\u00e5r se.<br \/>\n<strong>Mat och Dryck<\/strong>: P\u00e5 alla stopp\u00a0\u00a0\u00a0\u00a0\u00a0\u00a0\u00a0\u00a0\u00a0\u00a0\u00a0\u00a0\u00a0\u00a0\u00a0 \u00a0<strong>B\u00e4sta m\u00e5naderna<\/strong>: Maj, Juni, Sept \u00a0\u00a0\u00a0\u00a0\u00a0\u00a0\u00a0\u00a0\u00a0\u00a0\u00a0\u00a0<strong>Tid<\/strong>: 4,30 h \u00a0\u00a0\u00a0\u00a0\u00a0\u00a0\u00a0<strong>Pris<\/strong>: 120 \u20ac Inga g\u00f6mda kostnader.<\/p>\n<p>&nbsp;<\/p>\n<ol start=\"5\">\n<li>\n<h4><strong> Eftermiddag och kv\u00e4ll i Dubrovnik\u00a0 \u00a0 \u00a0 \u00a0 \u00a0 \u00a0 \u00a0 \u00a0 \u00a0 \u00a0 \u00a0 15:00\u201300:00 Premium experience<\/strong><\/h4>\n<\/li>\n<\/ol>\n<p>N\u00e4r doppen \u00e4r f\u00e4rdiga och lunchen intagen \u00e4r det dags f\u00f6r Dubrovnik p\u00e5 eftermiddagen. Vi p\u00e5 Marco Polo blir er v\u00e4rd och visar er mer bakom kulisserna i denna m\u00e4ktiga stad. Stipe och hans familj bor d\u00e4r p\u00e5 vinterhalv\u00e5ret och han guidar under resan dit samt bjuder p\u00e5 fika i sin tr\u00e4dg\u00e5rd vid huvuding\u00e5ngen i Gamla stan. Vi \u00e5ker kl. 15 \u2013 framme vid 17. Vi g\u00f6r alltid en kort paus p\u00e5 v\u00e4gen. Hemresa sker runt kl. 22.<br \/>\n<strong>Mat och Dryck:<\/strong> Fika med vin och charkuterier, kaffe och kaka.\u00a0\u00a0 \u00a0<strong>B\u00e4sta m\u00e5naderna:<\/strong> Maj, Juni, September <strong>Tid:<\/strong> 9 h \u00a0<strong>Pris:<\/strong> 110 \u20ac<\/p>\n<p>&nbsp;<\/p>\n<ol start=\"6\">\n<li>\n<h4><strong> Stipes och Nenads exklusiva vintur + badbukt\u00a0 \u00a0 \u00a0 \u00a0 \u00a0 8:30\u201316:30 eller 11:00\u201321:00 Premium experience<\/strong><\/h4>\n<\/li>\n<\/ol>\n<p>Denna dag \u00e4r full av uts\u00f6kta smakupplevelser och avkoppling. V\u00e4lj mellan en ljus morgonvariant eller en l\u00e4ttsam kv\u00e4llsvariant med kv\u00e4llsmat.<br \/>\n<strong>Variant 1:<\/strong> \u00a0\u00a0Morgonens smaker, brunch och bad (start 08:30)<br \/>\nEfter en kort bilresa (25 min) b\u00f6rjar dagen med dalmatiska godsaker och lik\u00f6rer vid ett fruktst\u00e5nd. D\u00e4refter v\u00e4ntar en resa genom vinhistorien p\u00e5 ett fint museum med provning, f\u00f6ljt av den ultimata lyxen: nyf\u00e5ngade ostron serverade direkt fr\u00e5n havet med ett glas vin. H\u00f6jdpunkten \u00e4r en omfattande provning p\u00e5 en exklusiv privat ving\u00e5rd, komplett med ost och charkuteri. Som en perfekt avslutning tar hotellets b\u00e5t oss till en avskild badbukt f\u00f6r ett dopp, fika och sol. Tillbaka vid hotellet runt kl. 16.<\/p>\n<p><strong>Variant 2:<\/strong> \u00a0\u00a0Eftermiddagens avkoppling &amp; kv\u00e4llens magi (start 11:00)<br \/>\nSov ut och njut av en l\u00e5ng Marco Polo-frukost. B\u00f6rja dagen l\u00e4ttsamt med en b\u00e5ttur, ett dopp och fika med kapten Stipe. Sedan fokuserar vi p\u00e5 det b\u00e4sta: ett bes\u00f6k p\u00e5 ostronfarmen och en exklusiv provning p\u00e5 en stor ving\u00e5rd. Som kr\u00f6ning serveras en autentisk dalmatisk kv\u00e4llsmat p\u00e5 en genuin konoba, d\u00e4r den lokala atmosf\u00e4ren skapar of\u00f6rgl\u00f6mliga minnen. Tillbaka vid hotellet runt kl. 21. I denna variant ers\u00e4tts museet och fruktst\u00e5ndet med en riklig kv\u00e4llsmat.<\/p>\n<p>Allt \u00e4r inkluderat \u2013 en perfekt resa f\u00f6r att handla viner och souvenirer. Bilresan \u00e4r ca 70 km med stopp ungef\u00e4r var 15:e km. B\u00e5tresa ca 20 min + bad fr\u00e5n b\u00e5ten ca 1,5 h.<br \/>\nB\u00e4sta m\u00e5naderna: Alla men speciellt september Pris: 150 \u20ac<\/p>\n<h4><\/h4>\n<ol start=\"7\">\n<li>\n<h4><strong> Galamiddagen\u00a0 \u00a0 \u00a0 \u00a0 \u00a0 \u00a0 \u00a0 \u00a019.30\u201322.30 Premium experience \/ Light experience<\/strong><\/h4>\n<\/li>\n<\/ol>\n<p>Att lyxa till det lite extra en kv\u00e4ll \u00e4r ett alternativ som har blivit ett litet trademark p\u00e5 Marco Polo. I \u00f6ver 10 \u00e5r s\u00e5 g\u00f6r restaurangchefen Nenad med sitt team en 6-r\u00e4tters meny med wine pairing. Hotellets restaurang har sedan 4 \u00e5r tillbaka erh\u00e5llit sin Michelin-rekommendation. Med utsikt \u00f6ver havet och v\u00e5r trubadur \u00e4r detta en underbar upplevelse.<\/p>\n<p><strong>Tid:<\/strong> 19.30\u201322.30 <strong>Pris:<\/strong> 110 \u20ac med vin (5 olika viner, kaffe, vatten) <strong>Premium experience<\/strong>\u00a0\u00a0 <strong>Pris<\/strong>: 75 \u20ac bara mat utan vinpaket <strong>Light experience<\/strong><\/p>\n<h4><\/h4>\n<ol start=\"8\">\n<li>\n<h4><strong> Hotellets vinprovning med Stipe eller Nenad\u00a0 \u00a0 \u00a0 \u00a0 \u00a0 \u00a0 19:30\u201321:30 Light experience<\/strong><\/h4>\n<\/li>\n<\/ol>\n<p>2 ggr i veckan erbjuder vi en intressant och rolig vinprovning med l\u00e4tt kv\u00e4llsmat. Vinprovningen inneh\u00e5ller 6 kroatiska viner och en bite eller minir\u00e4tt till varje vin. P\u00e5 l\u00f6rdagar h\u00e5lls den av Stipe p\u00e5 skandinaviska och p\u00e5 s\u00f6ndagar av Nenad p\u00e5 engelska.<\/p>\n<p>Tid: 19:30\u201321:30\u00a0\u00a0\u00a0\u00a0\u00a0\u00a0\u00a0 Pris: 30 \u20ac<\/p>\n","protected":false},"excerpt":{"rendered":"<p>Bad\u00e4ventyr till turkosa bukter p\u00e5 \u00f6n Hvar \u00a0\u00a0\u00a0\u00a0\u00a0\u00a0\u00a0\u00a0\u00a0\u00a0\u00a0\u00a0\u00a0\u00a0\u00a0\u00a0\u00a0\u00a0\u00a0 08:30\u201315:00 Premium experience En av dom b\u00e4sta sommar\u00e4ventyren med hotellets b\u00e5t till turkosa bukter. En utflykt med hotellchefen Stipe personligen som tar er till n\u00e5gra av dom vackraste bukterna p\u00e5 \u00f6n Hvar eller Peljesac. St\u00e4llen dit man ofta kan komma bara med b\u00e5t och som \u00e4r l\u00e5ngt [&hellip;]<\/p>\n","protected":false},"author":2,"featured_media":0,"parent":0,"menu_order":0,"comment_status":"closed","ping_status":"closed","template":"","meta":{"footnotes":""},"class_list":["post-5414","page","type-page","status-publish","hentry"],"yoast_head":"<!-- This site is optimized with the Yoast SEO plugin v26.7 - https:\/\/yoast.com\/wordpress\/plugins\/seo\/ -->\n<title>Experiencetext &#8211; Hotel Marco Polo<\/title>\n<meta name=\"robots\" content=\"index, follow, max-snippet:-1, max-image-preview:large, max-video-preview:-1\" \/>\n<link rel=\"canonical\" href=\"https:\/\/hotel-marcopolo.com\/en\/experiencetext\/\" \/>\n<meta property=\"og:locale\" content=\"en_US\" \/>\n<meta property=\"og:type\" content=\"article\" \/>\n<meta property=\"og:title\" content=\"Experiencetext &#8211; Hotel Marco Polo\" \/>\n<meta property=\"og:description\" content=\"Bad\u00e4ventyr till turkosa bukter p\u00e5 \u00f6n Hvar \u00a0\u00a0\u00a0\u00a0\u00a0\u00a0\u00a0\u00a0\u00a0\u00a0\u00a0\u00a0\u00a0\u00a0\u00a0\u00a0\u00a0\u00a0\u00a0 08:30\u201315:00 Premium experience En av dom b\u00e4sta sommar\u00e4ventyren med hotellets b\u00e5t till turkosa bukter. En utflykt med hotellchefen Stipe personligen som tar er till n\u00e5gra av dom vackraste bukterna p\u00e5 \u00f6n Hvar eller Peljesac. St\u00e4llen dit man ofta kan komma bara med b\u00e5t och som \u00e4r l\u00e5ngt [&hellip;]\" \/>\n<meta property=\"og:url\" content=\"https:\/\/hotel-marcopolo.com\/en\/experiencetext\/\" \/>\n<meta property=\"og:site_name\" content=\"Hotel Marco Polo\" \/>\n<meta property=\"article:publisher\" content=\"https:\/\/www.facebook.com\/Boutiquehotelmarcopolo\" \/>\n<meta property=\"article:modified_time\" content=\"2026-02-06T18:25:23+00:00\" \/>\n<meta name=\"twitter:label1\" content=\"Est. reading time\" \/>\n\t<meta name=\"twitter:data1\" content=\"5 minutes\" \/>\n<script type=\"application\/ld+json\" class=\"yoast-schema-graph\">{\"@context\":\"https:\/\/schema.org\",\"@graph\":[{\"@type\":\"WebPage\",\"@id\":\"https:\/\/hotel-marcopolo.com\/en\/experiencetext\/\",\"url\":\"https:\/\/hotel-marcopolo.com\/en\/experiencetext\/\",\"name\":\"Experiencetext &#8211; Hotel Marco Polo\",\"isPartOf\":{\"@id\":\"https:\/\/hotel-marcopolo.com\/hr\/#website\"},\"datePublished\":\"2026-02-06T18:12:10+00:00\",\"dateModified\":\"2026-02-06T18:25:23+00:00\",\"breadcrumb\":{\"@id\":\"https:\/\/hotel-marcopolo.com\/en\/experiencetext\/#breadcrumb\"},\"inLanguage\":\"en-US\",\"potentialAction\":[{\"@type\":\"ReadAction\",\"target\":[\"https:\/\/hotel-marcopolo.com\/en\/experiencetext\/\"]}]},{\"@type\":\"BreadcrumbList\",\"@id\":\"https:\/\/hotel-marcopolo.com\/en\/experiencetext\/#breadcrumb\",\"itemListElement\":[{\"@type\":\"ListItem\",\"position\":1,\"name\":\"Home\",\"item\":\"https:\/\/hotel-marcopolo.com\/en\/\"},{\"@type\":\"ListItem\",\"position\":2,\"name\":\"Experiencetext\"}]},{\"@type\":\"WebSite\",\"@id\":\"https:\/\/hotel-marcopolo.com\/hr\/#website\",\"url\":\"https:\/\/hotel-marcopolo.com\/hr\/\",\"name\":\"Hotel Marco Polo\",\"description\":\"Boutique Hotel Marco Polo\",\"publisher\":{\"@id\":\"https:\/\/hotel-marcopolo.com\/hr\/#organization\"},\"potentialAction\":[{\"@type\":\"SearchAction\",\"target\":{\"@type\":\"EntryPoint\",\"urlTemplate\":\"https:\/\/hotel-marcopolo.com\/hr\/?s={search_term_string}\"},\"query-input\":{\"@type\":\"PropertyValueSpecification\",\"valueRequired\":true,\"valueName\":\"search_term_string\"}}],\"inLanguage\":\"en-US\"},{\"@type\":\"Organization\",\"@id\":\"https:\/\/hotel-marcopolo.com\/hr\/#organization\",\"name\":\"Hotel Marco Polo\",\"url\":\"https:\/\/hotel-marcopolo.com\/hr\/\",\"logo\":{\"@type\":\"ImageObject\",\"inLanguage\":\"en-US\",\"@id\":\"https:\/\/hotel-marcopolo.com\/hr\/#\/schema\/logo\/image\/\",\"url\":\"https:\/\/hotel-marcopolo.com\/wp-content\/uploads\/2020\/02\/cropped-logo_512.png\",\"contentUrl\":\"https:\/\/hotel-marcopolo.com\/wp-content\/uploads\/2020\/02\/cropped-logo_512.png\",\"width\":512,\"height\":512,\"caption\":\"Hotel Marco Polo\"},\"image\":{\"@id\":\"https:\/\/hotel-marcopolo.com\/hr\/#\/schema\/logo\/image\/\"},\"sameAs\":[\"https:\/\/www.facebook.com\/Boutiquehotelmarcopolo\",\"https:\/\/www.instagram.com\/boutiquehotelmarcopolo\/\",\"https:\/\/youtube.com\/user\/HotelMarcoPoloCRO\"]}]}<\/script>\n<!-- \/ Yoast SEO plugin. -->","yoast_head_json":{"title":"Experiencetext &#8211; Hotel Marco Polo","robots":{"index":"index","follow":"follow","max-snippet":"max-snippet:-1","max-image-preview":"max-image-preview:large","max-video-preview":"max-video-preview:-1"},"canonical":"https:\/\/hotel-marcopolo.com\/en\/experiencetext\/","og_locale":"en_US","og_type":"article","og_title":"Experiencetext &#8211; Hotel Marco Polo","og_description":"Bad\u00e4ventyr till turkosa bukter p\u00e5 \u00f6n Hvar \u00a0\u00a0\u00a0\u00a0\u00a0\u00a0\u00a0\u00a0\u00a0\u00a0\u00a0\u00a0\u00a0\u00a0\u00a0\u00a0\u00a0\u00a0\u00a0 08:30\u201315:00 Premium experience En av dom b\u00e4sta sommar\u00e4ventyren med hotellets b\u00e5t till turkosa bukter. En utflykt med hotellchefen Stipe personligen som tar er till n\u00e5gra av dom vackraste bukterna p\u00e5 \u00f6n Hvar eller Peljesac. St\u00e4llen dit man ofta kan komma bara med b\u00e5t och som \u00e4r l\u00e5ngt [&hellip;]","og_url":"https:\/\/hotel-marcopolo.com\/en\/experiencetext\/","og_site_name":"Hotel Marco Polo","article_publisher":"https:\/\/www.facebook.com\/Boutiquehotelmarcopolo","article_modified_time":"2026-02-06T18:25:23+00:00","twitter_misc":{"Est. reading time":"5 minutes"},"schema":{"@context":"https:\/\/schema.org","@graph":[{"@type":"WebPage","@id":"https:\/\/hotel-marcopolo.com\/en\/experiencetext\/","url":"https:\/\/hotel-marcopolo.com\/en\/experiencetext\/","name":"Experiencetext &#8211; Hotel Marco Polo","isPartOf":{"@id":"https:\/\/hotel-marcopolo.com\/hr\/#website"},"datePublished":"2026-02-06T18:12:10+00:00","dateModified":"2026-02-06T18:25:23+00:00","breadcrumb":{"@id":"https:\/\/hotel-marcopolo.com\/en\/experiencetext\/#breadcrumb"},"inLanguage":"en-US","potentialAction":[{"@type":"ReadAction","target":["https:\/\/hotel-marcopolo.com\/en\/experiencetext\/"]}]},{"@type":"BreadcrumbList","@id":"https:\/\/hotel-marcopolo.com\/en\/experiencetext\/#breadcrumb","itemListElement":[{"@type":"ListItem","position":1,"name":"Home","item":"https:\/\/hotel-marcopolo.com\/en\/"},{"@type":"ListItem","position":2,"name":"Experiencetext"}]},{"@type":"WebSite","@id":"https:\/\/hotel-marcopolo.com\/hr\/#website","url":"https:\/\/hotel-marcopolo.com\/hr\/","name":"Hotel Marco Polo","description":"Boutique Hotel Marco Polo","publisher":{"@id":"https:\/\/hotel-marcopolo.com\/hr\/#organization"},"potentialAction":[{"@type":"SearchAction","target":{"@type":"EntryPoint","urlTemplate":"https:\/\/hotel-marcopolo.com\/hr\/?s={search_term_string}"},"query-input":{"@type":"PropertyValueSpecification","valueRequired":true,"valueName":"search_term_string"}}],"inLanguage":"en-US"},{"@type":"Organization","@id":"https:\/\/hotel-marcopolo.com\/hr\/#organization","name":"Hotel Marco Polo","url":"https:\/\/hotel-marcopolo.com\/hr\/","logo":{"@type":"ImageObject","inLanguage":"en-US","@id":"https:\/\/hotel-marcopolo.com\/hr\/#\/schema\/logo\/image\/","url":"https:\/\/hotel-marcopolo.com\/wp-content\/uploads\/2020\/02\/cropped-logo_512.png","contentUrl":"https:\/\/hotel-marcopolo.com\/wp-content\/uploads\/2020\/02\/cropped-logo_512.png","width":512,"height":512,"caption":"Hotel Marco Polo"},"image":{"@id":"https:\/\/hotel-marcopolo.com\/hr\/#\/schema\/logo\/image\/"},"sameAs":["https:\/\/www.facebook.com\/Boutiquehotelmarcopolo","https:\/\/www.instagram.com\/boutiquehotelmarcopolo\/","https:\/\/youtube.com\/user\/HotelMarcoPoloCRO"]}]}},"_links":{"self":[{"href":"https:\/\/hotel-marcopolo.com\/en\/wp-json\/wp\/v2\/pages\/5414","targetHints":{"allow":["GET"]}}],"collection":[{"href":"https:\/\/hotel-marcopolo.com\/en\/wp-json\/wp\/v2\/pages"}],"about":[{"href":"https:\/\/hotel-marcopolo.com\/en\/wp-json\/wp\/v2\/types\/page"}],"author":[{"embeddable":true,"href":"https:\/\/hotel-marcopolo.com\/en\/wp-json\/wp\/v2\/users\/2"}],"replies":[{"embeddable":true,"href":"https:\/\/hotel-marcopolo.com\/en\/wp-json\/wp\/v2\/comments?post=5414"}],"version-history":[{"count":7,"href":"https:\/\/hotel-marcopolo.com\/en\/wp-json\/wp\/v2\/pages\/5414\/revisions"}],"predecessor-version":[{"id":5427,"href":"https:\/\/hotel-marcopolo.com\/en\/wp-json\/wp\/v2\/pages\/5414\/revisions\/5427"}],"wp:attachment":[{"href":"https:\/\/hotel-marcopolo.com\/en\/wp-json\/wp\/v2\/media?parent=5414"}],"curies":[{"name":"wp","href":"https:\/\/api.w.org\/{rel}","templated":true}]}}