{"id":5320,"date":"2025-11-11T11:13:17","date_gmt":"2025-11-11T10:13:17","guid":{"rendered":"https:\/\/hotel-marcopolo.com\/?page_id=5320"},"modified":"2026-02-06T19:27:23","modified_gmt":"2026-02-06T18:27:23","slug":"veckoprogram","status":"publish","type":"page","link":"https:\/\/hotel-marcopolo.com\/en\/veckoprogram\/","title":{"rendered":"Veckoprogram"},"content":{"rendered":"<div class=\"wpb-content-wrapper\">[vc_row][vc_column width=&#8221;1\/2&#8243;][vc_column_text css=&#8221;&#8221;]\n<p>Som experiencehotell med stor valfrihet erbjuder vi ett fast veckoprogram med egna dagsutflykter till unika bukter och upplevelser, samt kv\u00e4llsturer med mat och vin till platser som man annars s\u00e4llan hittar. Resorna g\u00f6rs alltid i sm\u00e5, privata grupper om 4\u201314 personer och leds av HotelChefen Stippe personligen eller av Hotel Managern Nenad.<\/p>\n<p>V\u00e5ra upplevelser \u00e4r frivilliga, men i m\u00e5nga rumstyper ni bokar ing\u00e5r en eller tv\u00e5 valfria turer. Beroende p\u00e5 vilken rumstyp ni har bokat v\u00e4ljer ni mellan dessa dagar.<\/p>\n<ul>\n<li>Kolla vad er rumstyp inneh\u00e5ller och v\u00e4lj mellan <strong>Light Experience eller Premium Experience.<\/strong><\/li>\n<li>L\u00e5ter n\u00e5got av dessa \u00e4ventyr trevligt? Var sn\u00e4lla och f\u00f6rboka genom att skicka oss ett mejl med ert bokningsnummer och den utflykt ni \u00e4r intresserade av till <a href=\"mailto:info@hotel-marcopolo.com\">info@hotel-marcopolo.com<\/a><\/li>\n<li>Har ni ingen upplevelse (experience) inkluderad kan ni \u00e4nd\u00e5 vara med, men d\u00e5 betalar ni f\u00f6r den enligt v\u00e5r prislista.<\/li>\n<\/ul>\n<p><strong>M\u00f6jligheter:<\/strong><\/p>\n<ul>\n<li>Om du bokar 2 premiumupplevelser i f\u00f6rv\u00e4g ing\u00e5r l\u00f6rdagens\/s\u00f6ndagens vinprovning kostnadsfritt. (Premiumupplevelsen i rumsbokningen r\u00e4knas som en av upplevelserna.)<\/li>\n<li>Vinprovningen kan bytas ut mot en dags cykeluthyrning eller SUP-br\u00e4da.<\/li>\n<li>Har du en premiumupplevelse f\u00f6rbokad kan du byta ut den mot 2 Light-upplevelser.<\/li>\n<li>Vid en f\u00f6rbetald utflykt med f\u00e4rre \u00e4n 4 deltagare f\u00e5r du automatiskt en plats p\u00e5 en annan aktuell utflykt \u2013 eller kompensation.<\/li>\n<li>Med reservation f\u00f6r \u00e4ndringar i programmet och inst\u00e4llda utflykter vid d\u00e5liga v\u00e4derf\u00f6rh\u00e5llanden.<\/li>\n<li>10 % rabatt vid f\u00f6rbokning av upplevelser (g\u00e4ller ej de som redan ing\u00e5r i rumsbokningen).<\/li>\n<li>Garanterad plats endast vid f\u00f6rbokning via mail.<\/li>\n<li>Avbokning kan g\u00f6ras fram till kl. 21:00 dagen innan utan kostnad.<\/li>\n<\/ul>\n<h1><strong>Veckoprogram<\/strong><\/h1>\n<p><a href=\"https:\/\/hotel-marcopolo.com\/en\/experiencetext\/\"><strong>Detaljerad beskrivning av upplevelser&#8230;.<\/strong><\/a><\/p>\n<p><strong>L\u00f6rdag\/Saturday 10:30\u00a0 \u00a0 \u00a0S\u00f6ndagar p\u00e5 eftermiddagen.<\/strong><br \/>\nV\u00e4lkomstm\u00f6te med hotell\u00e4gare Stippe. Tips och id\u00e9er f\u00f6r din vecka. Gratis<br \/>\nWelcome meeting with hotel owner Stippe. Tips and ideas for your week<\/p>\n<p><strong>L\u00f6rdag\/Saturday\/Sunday 19:30\u201322:00\u00a0 \u00a0Light experience<\/strong><br \/>\n8. Vinprovning: Kroatiska viner med snacks och meze. Fem viner med mat.<br \/>\n(kostnadsfritt f\u00f6r g\u00e4ster som bokat tv\u00e5 upplevelser i f\u00f6rv\u00e4g)<br \/>\nWine tasting: Croatian wines with snacks and meze. Five wines with food.<\/p>\n<p><strong>S\u00f6ndag\/Sunday 08:30\u201315:00\u00a0 \u00a0 \u00a0 \u00a0 \u00a0 \u00a0 \u00a0 \u00a0 Premium experience<\/strong><\/p>\n<ol>\n<li>Hotellets bad\u00e4ventyr till dolda bukter p\u00e5 Hvar. Dryck, snacks, l\u00e4tt lunch,<br \/>\nsnorkelutrustning och SUP ing\u00e5r.<br \/>\nThe hotel&#8217;s bathing adventure to hidden coves on Hvar. Drinks, snacks, a light lunch,<br \/>\nsnorkeling equipment, and SUP are included.<\/li>\n<\/ol>\n<p><strong>S\u00f6ndag\/Sunday 18:30\u201322:00\u00a0 \u00a0 \u00a0 \u00a0 \u00a0 \u00a0 \u00a0 \u00a0 \u00a0Light experience<\/strong><br \/>\n2. Kv\u00e4llspanorama med b\u00e5t. Olivoljeprovning med tilltugg i taverna samt l\u00e4tt<br \/>\nm\u00e5ltid och dryck ombord.<br \/>\nEvening panorama by boat. Olive oil tasting with snacks in a taverna, as well as a light meal and drinks on board.<\/p>\n<p><strong>M\u00e5ndag\/Monday 14:30\u201324:00\u00a0 \u00a0 \u00a0 \u00a0 \u00a0 \u00a0 \u00a0Premium experience<\/strong><br \/>\n3. Eftermiddagsresa till Dubrovnik. L\u00e4s detaljerna under program.<br \/>\nAfternoon trip to Dubrovnik. Read the details under the program.<\/p>\n<p><strong>Tisdag\/Tuesday 18:30\u201323:00\u00a0 \u00a0 \u00a0 \u00a0 \u00a0 \u00a0 \u00a0 Premium experience<\/strong><br \/>\n4. Eating with LOCALS. Bes\u00f6k p\u00e5 bifarm i bergen med inhalationer fr\u00e5n bikupor,<br \/>\nprovsmakning av honung, lik\u00f6rer och ostar. D\u00e4refter middag och vinprovning<br \/>\nhos familjen Vukusic p\u00e5 deras boutiqueving\u00e5rd. English read program<\/p>\n<p><strong>Onsdag\/Wednesday 15:00\u201318:30\u00a0 \u00a0 \u00a0 \u00a0Light experience<\/strong><br \/>\n5. Eftermiddagsbad i dold bukt med fika och dryck, snorkling eller klipphopp.<br \/>\nAfternoon swim at a secluded cove with fika and drinks, snorkeling or cliff jumping.<\/p>\n<p><strong>Onsdag\/Wednesday 19:30\u201323:00\u00a0 \u00a0 \u00a0 \u00a0Light experience<\/strong><br \/>\n7. Sexr\u00e4tters galamiddag i hotellets restaurang. Six-course gala dinner at the hotel&#8217;s restaurant 75\u20ac<br \/>\nMed vinpaket (fem viner) With wine package (five wines). 110\u20ac<\/p>\n<p><strong>Torsdag\/Thursday \u2013\u00a0 \u00a0 \u00a0 \u00a0 \u00a0 \u00a0 \u00a0 \u00a0 \u00a0 \u00a0 \u00a0 \u00a0 \u00a0 \u00a0 Premium experience<\/strong><br \/>\n<strong>Tv\u00e5 varianter:\u00a0 <\/strong>Veckans h\u00f6jdpunkt: Stippes och Nenads exklusiva vintur.<\/p>\n<p>6. Alt 1 &#8211; 08:30\u201316:00 4 stopp med tilltugg och vin + b\u00e5t och bad med fika<br \/>\np\u00e5 v\u00e4gen hem. 4 stops with snacks and wine + boat and swim with fika on the way back<\/p>\n<p>6.Alt 2 &#8211; 11:00\u201321:00 Kv\u00e4llsvariant har 3 stopp med fin kv\u00e4llsmat i taverna + b\u00e5t<br \/>\noch bad med fika under f\u00f6rmiddag<br \/>\nEvening option includes 3 stops with nice evening meal at Taverna + boat<br \/>\nand morning bath with coffee break.<\/p>\n<p><strong>Fredag\/Friday 08:30\u201315:00\u00a0 \u00a0 \u00a0 \u00a0 \u00a0 \u00a0 \u00a0 \u00a0Premium experience<\/strong><\/p>\n<p>1. Hotellets bad\u00e4ventyr till dolda bukter p\u00e5 Hvar. Dryck, snacks, l\u00e4tt lunch,<br \/>\nsnorkelutrustning och SUP ing\u00e5r. See SUNDAY for English<\/p>\n<p><strong>Fredag\/Friday 18:30\u201322:00\u00a0 \u00a0 \u00a0 \u00a0 \u00a0 \u00a0 \u00a0 \u00a0Light experience<\/strong><br \/>\n2. Kv\u00e4llspanorama med b\u00e5t. Olivoljeprovning med tilltugg i taverna samt l\u00e4tt<br \/>\nm\u00e5ltid och dryck ombord.<br \/>\nEvening panorama by boat. Olive oil tasting with snacks in a taverna, as well as a light meal and drinks on board.<\/p>\n<div class=\"wpb_text_column wpb_content_element\">\n<div class=\"wpb_wrapper\">\n<p><strong>BOKA DIN DIREKT TRANSFER MED OSS!!<\/strong><\/p>\n<p>Med charter buss kan resan till Gradac fr\u00e5n SPlit p\u00e5 130km bli lite dryg med m\u00e5nga stop p\u00e5 andra hotell och ta \u00f6ver 3h. Om ni vill ha en bekv\u00e4mare direkt transfer med mini buss f\u00f6r max 8 personer utan on\u00f6diga stop och via motorv\u00e4gen Boka direkt med Hotellet.\u00a0 \u00a0info@hotel-marcopolo.com<\/p>\n<p><strong>1-3 personer 210\u20ac<\/strong> \/ Pris per tur och s\u00e4llskap<br \/>\n<strong>3-6 personer 250\u20ac<\/strong><br \/>\n<strong>7-8 personer 280\u20ac<\/strong><\/p>\n<\/div>\n<\/div>\n[\/vc_column_text][\/vc_column][vc_column width=&#8221;1\/2&#8243;][vc_gallery interval=&#8221;3&#8243; images=&#8221;5328,5331,5334,5337&#8243; css=&#8221;&#8221;][\/vc_column][\/vc_row][vc_row][vc_column][vc_images_carousel][\/vc_column][\/vc_row]\n<\/div>","protected":false},"excerpt":{"rendered":"<p>[vc_row][vc_column width=&#8221;1\/2&#8243;][vc_column_text css=&#8221;&#8221;] Som experiencehotell med stor valfrihet erbjuder vi ett fast veckoprogram med egna dagsutflykter till unika bukter och upplevelser, samt kv\u00e4llsturer med mat och vin till platser som man annars s\u00e4llan hittar. Resorna g\u00f6rs alltid i sm\u00e5, privata grupper om 4\u201314 personer och leds av HotelChefen Stippe personligen eller av Hotel Managern Nenad. [&hellip;]<\/p>\n","protected":false},"author":2,"featured_media":0,"parent":0,"menu_order":0,"comment_status":"closed","ping_status":"closed","template":"","meta":{"footnotes":""},"class_list":["post-5320","page","type-page","status-publish","hentry"],"yoast_head":"<!-- This site is optimized with the Yoast SEO plugin v26.7 - https:\/\/yoast.com\/wordpress\/plugins\/seo\/ -->\n<title>Veckoprogram &#8211; Hotel Marco Polo<\/title>\n<meta name=\"robots\" content=\"index, follow, max-snippet:-1, max-image-preview:large, max-video-preview:-1\" \/>\n<link rel=\"canonical\" href=\"https:\/\/hotel-marcopolo.com\/en\/veckoprogram\/\" \/>\n<meta property=\"og:locale\" content=\"en_US\" \/>\n<meta property=\"og:type\" content=\"article\" \/>\n<meta property=\"og:title\" content=\"Veckoprogram &#8211; Hotel Marco Polo\" \/>\n<meta property=\"og:description\" content=\"[vc_row][vc_column width=&#8221;1\/2&#8243;][vc_column_text css=&#8221;&#8221;] Som experiencehotell med stor valfrihet erbjuder vi ett fast veckoprogram med egna dagsutflykter till unika bukter och upplevelser, samt kv\u00e4llsturer med mat och vin till platser som man annars s\u00e4llan hittar. Resorna g\u00f6rs alltid i sm\u00e5, privata grupper om 4\u201314 personer och leds av HotelChefen Stippe personligen eller av Hotel Managern Nenad. [&hellip;]\" \/>\n<meta property=\"og:url\" content=\"https:\/\/hotel-marcopolo.com\/en\/veckoprogram\/\" \/>\n<meta property=\"og:site_name\" content=\"Hotel Marco Polo\" \/>\n<meta property=\"article:publisher\" content=\"https:\/\/www.facebook.com\/Boutiquehotelmarcopolo\" \/>\n<meta property=\"article:modified_time\" content=\"2026-02-06T18:27:23+00:00\" \/>\n<meta name=\"twitter:label1\" content=\"Est. reading time\" \/>\n\t<meta name=\"twitter:data1\" content=\"4 minutes\" \/>\n<script type=\"application\/ld+json\" class=\"yoast-schema-graph\">{\"@context\":\"https:\/\/schema.org\",\"@graph\":[{\"@type\":\"WebPage\",\"@id\":\"https:\/\/hotel-marcopolo.com\/en\/veckoprogram\/\",\"url\":\"https:\/\/hotel-marcopolo.com\/en\/veckoprogram\/\",\"name\":\"Veckoprogram &#8211; Hotel Marco Polo\",\"isPartOf\":{\"@id\":\"https:\/\/hotel-marcopolo.com\/hr\/#website\"},\"datePublished\":\"2025-11-11T10:13:17+00:00\",\"dateModified\":\"2026-02-06T18:27:23+00:00\",\"breadcrumb\":{\"@id\":\"https:\/\/hotel-marcopolo.com\/en\/veckoprogram\/#breadcrumb\"},\"inLanguage\":\"en-US\",\"potentialAction\":[{\"@type\":\"ReadAction\",\"target\":[\"https:\/\/hotel-marcopolo.com\/en\/veckoprogram\/\"]}]},{\"@type\":\"BreadcrumbList\",\"@id\":\"https:\/\/hotel-marcopolo.com\/en\/veckoprogram\/#breadcrumb\",\"itemListElement\":[{\"@type\":\"ListItem\",\"position\":1,\"name\":\"Home\",\"item\":\"https:\/\/hotel-marcopolo.com\/en\/\"},{\"@type\":\"ListItem\",\"position\":2,\"name\":\"Veckoprogram\"}]},{\"@type\":\"WebSite\",\"@id\":\"https:\/\/hotel-marcopolo.com\/hr\/#website\",\"url\":\"https:\/\/hotel-marcopolo.com\/hr\/\",\"name\":\"Hotel Marco Polo\",\"description\":\"Boutique Hotel Marco Polo\",\"publisher\":{\"@id\":\"https:\/\/hotel-marcopolo.com\/hr\/#organization\"},\"potentialAction\":[{\"@type\":\"SearchAction\",\"target\":{\"@type\":\"EntryPoint\",\"urlTemplate\":\"https:\/\/hotel-marcopolo.com\/hr\/?s={search_term_string}\"},\"query-input\":{\"@type\":\"PropertyValueSpecification\",\"valueRequired\":true,\"valueName\":\"search_term_string\"}}],\"inLanguage\":\"en-US\"},{\"@type\":\"Organization\",\"@id\":\"https:\/\/hotel-marcopolo.com\/hr\/#organization\",\"name\":\"Hotel Marco Polo\",\"url\":\"https:\/\/hotel-marcopolo.com\/hr\/\",\"logo\":{\"@type\":\"ImageObject\",\"inLanguage\":\"en-US\",\"@id\":\"https:\/\/hotel-marcopolo.com\/hr\/#\/schema\/logo\/image\/\",\"url\":\"https:\/\/hotel-marcopolo.com\/wp-content\/uploads\/2020\/02\/cropped-logo_512.png\",\"contentUrl\":\"https:\/\/hotel-marcopolo.com\/wp-content\/uploads\/2020\/02\/cropped-logo_512.png\",\"width\":512,\"height\":512,\"caption\":\"Hotel Marco Polo\"},\"image\":{\"@id\":\"https:\/\/hotel-marcopolo.com\/hr\/#\/schema\/logo\/image\/\"},\"sameAs\":[\"https:\/\/www.facebook.com\/Boutiquehotelmarcopolo\",\"https:\/\/www.instagram.com\/boutiquehotelmarcopolo\/\",\"https:\/\/youtube.com\/user\/HotelMarcoPoloCRO\"]}]}<\/script>\n<!-- \/ Yoast SEO plugin. -->","yoast_head_json":{"title":"Veckoprogram &#8211; Hotel Marco Polo","robots":{"index":"index","follow":"follow","max-snippet":"max-snippet:-1","max-image-preview":"max-image-preview:large","max-video-preview":"max-video-preview:-1"},"canonical":"https:\/\/hotel-marcopolo.com\/en\/veckoprogram\/","og_locale":"en_US","og_type":"article","og_title":"Veckoprogram &#8211; Hotel Marco Polo","og_description":"[vc_row][vc_column width=&#8221;1\/2&#8243;][vc_column_text css=&#8221;&#8221;] Som experiencehotell med stor valfrihet erbjuder vi ett fast veckoprogram med egna dagsutflykter till unika bukter och upplevelser, samt kv\u00e4llsturer med mat och vin till platser som man annars s\u00e4llan hittar. Resorna g\u00f6rs alltid i sm\u00e5, privata grupper om 4\u201314 personer och leds av HotelChefen Stippe personligen eller av Hotel Managern Nenad. [&hellip;]","og_url":"https:\/\/hotel-marcopolo.com\/en\/veckoprogram\/","og_site_name":"Hotel Marco Polo","article_publisher":"https:\/\/www.facebook.com\/Boutiquehotelmarcopolo","article_modified_time":"2026-02-06T18:27:23+00:00","twitter_misc":{"Est. reading time":"4 minutes"},"schema":{"@context":"https:\/\/schema.org","@graph":[{"@type":"WebPage","@id":"https:\/\/hotel-marcopolo.com\/en\/veckoprogram\/","url":"https:\/\/hotel-marcopolo.com\/en\/veckoprogram\/","name":"Veckoprogram &#8211; Hotel Marco Polo","isPartOf":{"@id":"https:\/\/hotel-marcopolo.com\/hr\/#website"},"datePublished":"2025-11-11T10:13:17+00:00","dateModified":"2026-02-06T18:27:23+00:00","breadcrumb":{"@id":"https:\/\/hotel-marcopolo.com\/en\/veckoprogram\/#breadcrumb"},"inLanguage":"en-US","potentialAction":[{"@type":"ReadAction","target":["https:\/\/hotel-marcopolo.com\/en\/veckoprogram\/"]}]},{"@type":"BreadcrumbList","@id":"https:\/\/hotel-marcopolo.com\/en\/veckoprogram\/#breadcrumb","itemListElement":[{"@type":"ListItem","position":1,"name":"Home","item":"https:\/\/hotel-marcopolo.com\/en\/"},{"@type":"ListItem","position":2,"name":"Veckoprogram"}]},{"@type":"WebSite","@id":"https:\/\/hotel-marcopolo.com\/hr\/#website","url":"https:\/\/hotel-marcopolo.com\/hr\/","name":"Hotel Marco Polo","description":"Boutique Hotel Marco Polo","publisher":{"@id":"https:\/\/hotel-marcopolo.com\/hr\/#organization"},"potentialAction":[{"@type":"SearchAction","target":{"@type":"EntryPoint","urlTemplate":"https:\/\/hotel-marcopolo.com\/hr\/?s={search_term_string}"},"query-input":{"@type":"PropertyValueSpecification","valueRequired":true,"valueName":"search_term_string"}}],"inLanguage":"en-US"},{"@type":"Organization","@id":"https:\/\/hotel-marcopolo.com\/hr\/#organization","name":"Hotel Marco Polo","url":"https:\/\/hotel-marcopolo.com\/hr\/","logo":{"@type":"ImageObject","inLanguage":"en-US","@id":"https:\/\/hotel-marcopolo.com\/hr\/#\/schema\/logo\/image\/","url":"https:\/\/hotel-marcopolo.com\/wp-content\/uploads\/2020\/02\/cropped-logo_512.png","contentUrl":"https:\/\/hotel-marcopolo.com\/wp-content\/uploads\/2020\/02\/cropped-logo_512.png","width":512,"height":512,"caption":"Hotel Marco Polo"},"image":{"@id":"https:\/\/hotel-marcopolo.com\/hr\/#\/schema\/logo\/image\/"},"sameAs":["https:\/\/www.facebook.com\/Boutiquehotelmarcopolo","https:\/\/www.instagram.com\/boutiquehotelmarcopolo\/","https:\/\/youtube.com\/user\/HotelMarcoPoloCRO"]}]}},"_links":{"self":[{"href":"https:\/\/hotel-marcopolo.com\/en\/wp-json\/wp\/v2\/pages\/5320","targetHints":{"allow":["GET"]}}],"collection":[{"href":"https:\/\/hotel-marcopolo.com\/en\/wp-json\/wp\/v2\/pages"}],"about":[{"href":"https:\/\/hotel-marcopolo.com\/en\/wp-json\/wp\/v2\/types\/page"}],"author":[{"embeddable":true,"href":"https:\/\/hotel-marcopolo.com\/en\/wp-json\/wp\/v2\/users\/2"}],"replies":[{"embeddable":true,"href":"https:\/\/hotel-marcopolo.com\/en\/wp-json\/wp\/v2\/comments?post=5320"}],"version-history":[{"count":34,"href":"https:\/\/hotel-marcopolo.com\/en\/wp-json\/wp\/v2\/pages\/5320\/revisions"}],"predecessor-version":[{"id":5429,"href":"https:\/\/hotel-marcopolo.com\/en\/wp-json\/wp\/v2\/pages\/5320\/revisions\/5429"}],"wp:attachment":[{"href":"https:\/\/hotel-marcopolo.com\/en\/wp-json\/wp\/v2\/media?parent=5320"}],"curies":[{"name":"wp","href":"https:\/\/api.w.org\/{rel}","templated":true}]}}