{"id":2517,"date":"2020-02-18T18:20:59","date_gmt":"2020-02-18T17:20:59","guid":{"rendered":"http:\/\/localhost\/hotel-marcopolo.com?page_id=2517"},"modified":"2025-11-04T08:30:00","modified_gmt":"2025-11-04T07:30:00","slug":"info-sverige-norge-2021","status":"publish","type":"page","link":"https:\/\/hotel-marcopolo.com\/en\/info-sverige-norge-2021\/","title":{"rendered":"Info till Skandinaviska resen\u00e4rer"},"content":{"rendered":"<div class=\"wpb-content-wrapper\">[vc_row][vc_column][vc_column_text css=&#8221;&#8221;]\n<h1><strong>Experience Hotel Marco Polo &#8211; Relaxa i v\u00e5rat mysiga hotell direkt vid stranden. Boka eran &#8220;upplevelse&#8221; i f\u00f6rv\u00e4g!<\/strong><\/h1>\n[\/vc_column_text][vc_column_text css=&#8221;&#8221;]Hotellet erbjuder fr\u00e5n 2026 sitt nya koncept. Som experiencehotell med mycket valfrihet har vi ett fast veckoprogram med egna dagsutflykter till bad och kultur, samt kv\u00e4llsturer med mat och vin till platser dit man annars s\u00e4llan hittar.<\/p>\n<p>Utflykterna \u00e4r frivilliga, men i vissa rumstyper ing\u00e5r en eller tv\u00e5 valfria turer. En av de fr\u00e4msta anledningarna att v\u00e4lja Marco Polo \u00e4r just m\u00f6jligheten att delta i dessa sm\u00e5 och personliga upplevelser. Med 4\u201314 deltagare per grupp blir upplevelsen personlig, ledd av hotellets personal som visar platser f\u00e5 turister hittar till.<\/p>\n<p><strong>Hur bokar du en upplevelse?<br \/>\n<\/strong>Har du bokat en rumstyp med inkluderad upplevelse v\u00e4ljer du bland alternativen nedan. I \u00f6vriga fall hittar du utbud, f\u00f6rbokningsm\u00f6jligheter och priser i veckoprogrammet.\u00a0\u00a0\u00a0\u00a0\u00a0 LINK till Veckoprogrammet<\/p>\n<p>Den exakta upplevelsen bokas antingen p\u00e5 plats vid ankomst eller i f\u00f6rv\u00e4g via <a href=\"mailto:info@hotel-marcopolo.com\">info@hotel-marcopolo.com<\/a> \u00a0Kom ih\u00e5g att ange bokningsnummer fr\u00e5n VING.se<\/p>\n<p>Rum med inkluderad <strong>Premiumupplevelse<\/strong><br \/>\nTid: 5\u20138 timmar<\/p>\n<ol>\n<li><strong>Hotellets bad\u00e4ventyr till dolda turkosa bukter.<br \/>\n<\/strong>B\u00e5tutflykt till en n\u00e4rliggande \u00f6. Inkluderar dryck, l\u00e4tt lunch, SUP och snorkling.<\/li>\n<li><strong>Eating with LOCALS<\/strong><br \/>\nBes\u00f6k p\u00e5 biodling i bergen med fika och apiterapi*. D\u00e4refter hembes\u00f6k hos en lokal familj med middag och provsmakning av fem egna viner<\/li>\n<li><strong>Stippes och Nenads exklusiva vintur<\/strong><br \/>\nEn vin- och matupplevelse med ostronodling, vinodlingar och vinprovning i vink\u00e4llare. Inkluderar bad i laguner samt guide i minibuss och b\u00e5t 2ggr fika.<\/li>\n<\/ol>\n<p>Rum med inkluderad <strong>Lightupplevelse<\/strong>.<br \/>\nTid: <em>mellan 2,5\u20134 h<\/em><\/p>\n<ol>\n<li><strong>Panoramautflykt med b\u00e5t vid solnedg\u00e5ng<\/strong>.<br \/>\nB\u00e5tutflykt med olivoljeprovning och fika i taverna och kroatisk meza, p\u00e5 b\u00e5ten.<\/li>\n<li><strong>Eftermiddagsbad i dold bukt.<\/strong><br \/>\nB\u00e5tutflykt med fika och dryck, kanske ett hopp fr\u00e5n klipporna eller snorkling?<\/li>\n<li><strong>Sexr\u00e4tters galamiddag i hotellets restaurang. <\/strong><br \/>\nServeras p\u00e5 onsdagar (dryck ing\u00e5r ej).<\/li>\n<li><strong>Vinprovning med fem viner och kroatisk mezza p\u00e5 hotellet<\/strong>.<br \/>\nErbjuds l\u00f6rdagar och s\u00f6ndagar.<\/li>\n<\/ol>\n<p><strong>OBS<\/strong>: Om en f\u00f6rbetald utflykt f\u00e5r f\u00e4rre \u00e4n 4 deltagare erbjuds ni automatiskt plats p\u00e5 en annan aktuell utflykt. Det g\u00e5r ocks\u00e5 att byta en premiumutflykt mot tv\u00e5 lightutflykter om dessa ing\u00e5r i priset eller \u00e4r f\u00f6rk\u00f6pta.<\/p>\n<p>.[\/vc_column_text][\/vc_column][\/vc_row][vc_row][vc_column width=&#8221;1\/2&#8243;]<h2 class=\"calluna-heading calluna-heading-none text-align-left \" ><span>HOTELLETS FLYGPLANS TRANSFER<\/span><\/h2>[vc_column_text css=&#8221;&#8221;]Med charter buss kan resan till Gradac fr\u00e5n SPlit p\u00e5 130km bli lite dryg med m\u00e5nga stop p\u00e5 andra hotell och ta \u00f6ver 3h. Om ni vill ha en bekv\u00e4mare direkt transfer med mini buss f\u00f6r max 8 personer utan on\u00f6diga stop och via motorv\u00e4gen Boka direkt med Hotellet.<\/p>\n<p><strong>1-3 personer 210\u20ac<\/strong> \/ Pris per tur och s\u00e4llskap<br \/>\n<strong>3-6 personer 250\u20ac<\/strong><br \/>\n<strong>7-8 personer 280\u20ac<\/strong>[\/vc_column_text][vc_tta_accordion c_icon=&#8221;chevron&#8221; active_section=&#8221;666&#8243;][vc_tta_section title=&#8221;F\u00f6rboka h\u00e4r&#8221; tab_id=&#8221;1582046573753-f58c6668-38a2&#8243;]<p class=\"wpcf7-contact-form-not-found\"><strong>Error:<\/strong> Contact form not found.<\/p>[\/vc_tta_section][\/vc_tta_accordion][\/vc_column][vc_column width=&#8221;1\/2&#8243;]<h2 class=\"calluna-heading calluna-heading-none text-align-left \" ><span>HOTELLETS UNIKA UTFLYKTER<\/span><\/h2>[vc_column_text]Prova n\u00e5gra av v\u00e5ra hemmagjorda utflykter d\u00e4r ni bes\u00f6ker platser dit charterbussarna inte kommer, reser i sm\u00e5 grupper (4-16 personer) och leds av professionell personal.<br \/>\nH\u00e4r \u00e4r n\u00e5gra av dom popul\u00e4raste:<\/p>\n<p><strong>B\u00e5tutflykt till Hvar<\/strong> Olivolje Provning, bad SUP och snorkling i 2 g\u00f6mmda sm\u00e5 bukter, lunch hos Fiskargubbe Gambo, Snorkling \u2013 Hotellets fina snabba b\u00e5t f\u00f6r 8 personer<br \/>\n<strong>Exklusiv Vinresa<\/strong> M\u00e5nga olika ving\u00e5rdar, autentisk lunch och b\u00e5tresa, bad i h\u00e4rlig bukt<br \/>\n<strong>Dubrovnik<\/strong> Rekommenderas med v\u00e5ran minibuss d\u00e5 det g\u00e5r smidigare an med stor charterbuss, ni ser mer och har mera tid.[\/vc_column_text][vc_tta_accordion c_icon=&#8221;chevron&#8221; active_section=&#8221;666&#8243;][vc_tta_section title=&#8221;Detaljerad Lista och F\u00f6rbokning&#8221; tab_id=&#8221;1582047597122-4dcbea99-ffc0&#8243;]\n<div class=\"wpcf7 no-js\" id=\"wpcf7-f2524-o1\" lang=\"en-US\" dir=\"ltr\" data-wpcf7-id=\"2524\">\n<div class=\"screen-reader-response\"><p role=\"status\" aria-live=\"polite\" aria-atomic=\"true\"><\/p> <ul><\/ul><\/div>\n<form action=\"\/en\/wp-json\/wp\/v2\/pages\/2517#wpcf7-f2524-o1\" method=\"post\" class=\"wpcf7-form init\" aria-label=\"Contact form\" novalidate=\"novalidate\" data-status=\"init\">\n<fieldset class=\"hidden-fields-container\"><input type=\"hidden\" name=\"_wpcf7\" value=\"2524\" \/><input type=\"hidden\" name=\"_wpcf7_version\" value=\"6.1.5\" \/><input type=\"hidden\" name=\"_wpcf7_locale\" value=\"en_US\" \/><input type=\"hidden\" name=\"_wpcf7_unit_tag\" value=\"wpcf7-f2524-o1\" \/><input type=\"hidden\" name=\"_wpcf7_container_post\" value=\"0\" \/><input type=\"hidden\" name=\"_wpcf7_posted_data_hash\" value=\"\" \/><input type=\"hidden\" name=\"_wpcf7_recaptcha_response\" value=\"\" \/>\n<\/fieldset>\n<div class=\"form-group yourname\"><input class=\"wpcf7-form-control wpcf7-text wpcf7-validates-as-required form-control\" name=\"yourname\" type=\"text\" value=\"\" placeholder=\"Your name\" aria-invalid=\"false\" aria-required=\"true\" required><\/div>\n<div class=\"form-group email\"><input class=\"wpcf7-form-control wpcf7-email wpcf7-validates-as-required wpcf7-text wpcf7-validates-as-email form-control\" name=\"email\" type=\"email\" value=\"\" placeholder=\"Your email\" aria-invalid=\"false\" aria-required=\"true\" required><\/div>\n<div class=\"form-group message\"><textarea class=\"wpcf7-form-control wpcf7-textarea wpcf7-validates-as-required form-control\" name=\"message\" rows=\"4\" placeholder=\"Your message\" aria-invalid=\"false\" aria-required=\"true\" required><\/textarea><\/div>\n<div class=\"form-group wpcf7-form-control wpcf7-checkbox wpcf7-validates-as-required terms\"><label class=\"\" style=\"display:block;\">Terms &amp; Conditions <span class=\"required\">*<\/span><\/label><div class=\"checkbox wpcf7-form-control wpcf7-checkbox wpcf7-validates-as-required terms\"><label ><input name=\"terms\" type=\"checkbox\" value=\"Your data will be stored on the email server and will be used exclusively for the purpose of communicating with you regarding the submitted request and will not be shared with third parties without your explicit consent. *\" aria-invalid=\"false\" aria-required=\"true\" required>Your data will be stored on the email server and will be used exclusively for the purpose of communicating with you regarding the submitted request and will not be shared with third parties without your explicit consent. *<\/label><\/div><\/div>\n<div class=\"form-group\"><div><input class=\"wpcf7-form-control wpcf7-submit btn btn-primary style-1\" type=\"submit\" value=\"Send\"><\/div><\/div><input type='hidden' class='wpcf7-pum' value='{\"closepopup\":false,\"closedelay\":0,\"openpopup\":false,\"openpopup_id\":0}' \/><div class=\"wpcf7-response-output alert alert-warning\"><\/div>\n<\/form>\n<\/div>\n[\/vc_tta_section][\/vc_tta_accordion][\/vc_column][\/vc_row][vc_row][vc_column][\/vc_column][\/vc_row]\n<\/div>","protected":false},"excerpt":{"rendered":"<p>[vc_row][vc_column][vc_column_text css=&#8221;&#8221;] Experience Hotel Marco Polo &#8211; Relaxa i v\u00e5rat mysiga hotell direkt vid stranden. Boka eran &#8220;upplevelse&#8221; i f\u00f6rv\u00e4g! [\/vc_column_text][vc_column_text css=&#8221;&#8221;]Hotellet erbjuder fr\u00e5n 2026 sitt nya koncept. Som experiencehotell med mycket valfrihet har vi ett fast veckoprogram med egna dagsutflykter till bad och kultur, samt kv\u00e4llsturer med mat och vin till platser dit man [&hellip;]<\/p>\n","protected":false},"author":1,"featured_media":0,"parent":0,"menu_order":0,"comment_status":"closed","ping_status":"closed","template":"","meta":{"footnotes":""},"class_list":["post-2517","page","type-page","status-publish","hentry"],"yoast_head":"<!-- This site is optimized with the Yoast SEO plugin v27.4 - https:\/\/yoast.com\/product\/yoast-seo-wordpress\/ -->\n<title>Info till Skandinaviska resen\u00e4rer &#8211; Hotel Marco Polo<\/title>\n<meta name=\"description\" content=\"Information for gaster kommande fran Sverige, Norge, Danmark bla info om utflyckter, transfer och Covid-19 situation.\" \/>\n<meta name=\"robots\" content=\"index, follow, max-snippet:-1, max-image-preview:large, max-video-preview:-1\" \/>\n<link rel=\"canonical\" href=\"https:\/\/hotel-marcopolo.com\/en\/info-sverige-norge-2021\/\" \/>\n<meta property=\"og:locale\" content=\"en_US\" \/>\n<meta property=\"og:type\" content=\"article\" \/>\n<meta property=\"og:title\" content=\"Info till Skandinaviska resen\u00e4rer &#8211; Hotel Marco Polo\" \/>\n<meta property=\"og:description\" content=\"Information for gaster kommande fran Sverige, Norge, Danmark bla info om utflyckter, transfer och Covid-19 situation.\" \/>\n<meta property=\"og:url\" content=\"https:\/\/hotel-marcopolo.com\/en\/info-sverige-norge-2021\/\" \/>\n<meta property=\"og:site_name\" content=\"Hotel Marco Polo\" \/>\n<meta property=\"article:publisher\" content=\"https:\/\/www.facebook.com\/Boutiquehotelmarcopolo\" \/>\n<meta property=\"article:modified_time\" content=\"2025-11-04T07:30:00+00:00\" \/>\n<meta name=\"twitter:label1\" content=\"Est. reading time\" \/>\n\t<meta name=\"twitter:data1\" content=\"3 minutes\" \/>\n<script type=\"application\/ld+json\" class=\"yoast-schema-graph\">{\"@context\":\"https:\\\/\\\/schema.org\",\"@graph\":[{\"@type\":\"WebPage\",\"@id\":\"https:\\\/\\\/hotel-marcopolo.com\\\/en\\\/info-sverige-norge-2021\\\/\",\"url\":\"https:\\\/\\\/hotel-marcopolo.com\\\/en\\\/info-sverige-norge-2021\\\/\",\"name\":\"Info till Skandinaviska resen\u00e4rer &#8211; Hotel Marco Polo\",\"isPartOf\":{\"@id\":\"https:\\\/\\\/hotel-marcopolo.com\\\/hr\\\/#website\"},\"datePublished\":\"2020-02-18T17:20:59+00:00\",\"dateModified\":\"2025-11-04T07:30:00+00:00\",\"description\":\"Information for gaster kommande fran Sverige, Norge, Danmark bla info om utflyckter, transfer och Covid-19 situation.\",\"breadcrumb\":{\"@id\":\"https:\\\/\\\/hotel-marcopolo.com\\\/en\\\/info-sverige-norge-2021\\\/#breadcrumb\"},\"inLanguage\":\"en-US\",\"potentialAction\":[{\"@type\":\"ReadAction\",\"target\":[\"https:\\\/\\\/hotel-marcopolo.com\\\/en\\\/info-sverige-norge-2021\\\/\"]}]},{\"@type\":\"BreadcrumbList\",\"@id\":\"https:\\\/\\\/hotel-marcopolo.com\\\/en\\\/info-sverige-norge-2021\\\/#breadcrumb\",\"itemListElement\":[{\"@type\":\"ListItem\",\"position\":1,\"name\":\"Home\",\"item\":\"https:\\\/\\\/hotel-marcopolo.com\\\/en\\\/\"},{\"@type\":\"ListItem\",\"position\":2,\"name\":\"Info till Skandinaviska resen\u00e4rer\"}]},{\"@type\":\"WebSite\",\"@id\":\"https:\\\/\\\/hotel-marcopolo.com\\\/hr\\\/#website\",\"url\":\"https:\\\/\\\/hotel-marcopolo.com\\\/hr\\\/\",\"name\":\"Hotel Marco Polo\",\"description\":\"Boutique Hotel Marco Polo\",\"publisher\":{\"@id\":\"https:\\\/\\\/hotel-marcopolo.com\\\/hr\\\/#organization\"},\"potentialAction\":[{\"@type\":\"SearchAction\",\"target\":{\"@type\":\"EntryPoint\",\"urlTemplate\":\"https:\\\/\\\/hotel-marcopolo.com\\\/hr\\\/?s={search_term_string}\"},\"query-input\":{\"@type\":\"PropertyValueSpecification\",\"valueRequired\":true,\"valueName\":\"search_term_string\"}}],\"inLanguage\":\"en-US\"},{\"@type\":\"Organization\",\"@id\":\"https:\\\/\\\/hotel-marcopolo.com\\\/hr\\\/#organization\",\"name\":\"Hotel Marco Polo\",\"url\":\"https:\\\/\\\/hotel-marcopolo.com\\\/hr\\\/\",\"logo\":{\"@type\":\"ImageObject\",\"inLanguage\":\"en-US\",\"@id\":\"https:\\\/\\\/hotel-marcopolo.com\\\/hr\\\/#\\\/schema\\\/logo\\\/image\\\/\",\"url\":\"https:\\\/\\\/hotel-marcopolo.com\\\/wp-content\\\/uploads\\\/2020\\\/02\\\/cropped-logo_512.png\",\"contentUrl\":\"https:\\\/\\\/hotel-marcopolo.com\\\/wp-content\\\/uploads\\\/2020\\\/02\\\/cropped-logo_512.png\",\"width\":512,\"height\":512,\"caption\":\"Hotel Marco Polo\"},\"image\":{\"@id\":\"https:\\\/\\\/hotel-marcopolo.com\\\/hr\\\/#\\\/schema\\\/logo\\\/image\\\/\"},\"sameAs\":[\"https:\\\/\\\/www.facebook.com\\\/Boutiquehotelmarcopolo\",\"https:\\\/\\\/www.instagram.com\\\/boutiquehotelmarcopolo\\\/\",\"https:\\\/\\\/youtube.com\\\/user\\\/HotelMarcoPoloCRO\"]}]}<\/script>\n<!-- \/ Yoast SEO plugin. -->","yoast_head_json":{"title":"Info till Skandinaviska resen\u00e4rer &#8211; Hotel Marco Polo","description":"Information for gaster kommande fran Sverige, Norge, Danmark bla info om utflyckter, transfer och Covid-19 situation.","robots":{"index":"index","follow":"follow","max-snippet":"max-snippet:-1","max-image-preview":"max-image-preview:large","max-video-preview":"max-video-preview:-1"},"canonical":"https:\/\/hotel-marcopolo.com\/en\/info-sverige-norge-2021\/","og_locale":"en_US","og_type":"article","og_title":"Info till Skandinaviska resen\u00e4rer &#8211; Hotel Marco Polo","og_description":"Information for gaster kommande fran Sverige, Norge, Danmark bla info om utflyckter, transfer och Covid-19 situation.","og_url":"https:\/\/hotel-marcopolo.com\/en\/info-sverige-norge-2021\/","og_site_name":"Hotel Marco Polo","article_publisher":"https:\/\/www.facebook.com\/Boutiquehotelmarcopolo","article_modified_time":"2025-11-04T07:30:00+00:00","twitter_misc":{"Est. reading time":"3 minutes"},"schema":{"@context":"https:\/\/schema.org","@graph":[{"@type":"WebPage","@id":"https:\/\/hotel-marcopolo.com\/en\/info-sverige-norge-2021\/","url":"https:\/\/hotel-marcopolo.com\/en\/info-sverige-norge-2021\/","name":"Info till Skandinaviska resen\u00e4rer &#8211; Hotel Marco Polo","isPartOf":{"@id":"https:\/\/hotel-marcopolo.com\/hr\/#website"},"datePublished":"2020-02-18T17:20:59+00:00","dateModified":"2025-11-04T07:30:00+00:00","description":"Information for gaster kommande fran Sverige, Norge, Danmark bla info om utflyckter, transfer och Covid-19 situation.","breadcrumb":{"@id":"https:\/\/hotel-marcopolo.com\/en\/info-sverige-norge-2021\/#breadcrumb"},"inLanguage":"en-US","potentialAction":[{"@type":"ReadAction","target":["https:\/\/hotel-marcopolo.com\/en\/info-sverige-norge-2021\/"]}]},{"@type":"BreadcrumbList","@id":"https:\/\/hotel-marcopolo.com\/en\/info-sverige-norge-2021\/#breadcrumb","itemListElement":[{"@type":"ListItem","position":1,"name":"Home","item":"https:\/\/hotel-marcopolo.com\/en\/"},{"@type":"ListItem","position":2,"name":"Info till Skandinaviska resen\u00e4rer"}]},{"@type":"WebSite","@id":"https:\/\/hotel-marcopolo.com\/hr\/#website","url":"https:\/\/hotel-marcopolo.com\/hr\/","name":"Hotel Marco Polo","description":"Boutique Hotel Marco Polo","publisher":{"@id":"https:\/\/hotel-marcopolo.com\/hr\/#organization"},"potentialAction":[{"@type":"SearchAction","target":{"@type":"EntryPoint","urlTemplate":"https:\/\/hotel-marcopolo.com\/hr\/?s={search_term_string}"},"query-input":{"@type":"PropertyValueSpecification","valueRequired":true,"valueName":"search_term_string"}}],"inLanguage":"en-US"},{"@type":"Organization","@id":"https:\/\/hotel-marcopolo.com\/hr\/#organization","name":"Hotel Marco Polo","url":"https:\/\/hotel-marcopolo.com\/hr\/","logo":{"@type":"ImageObject","inLanguage":"en-US","@id":"https:\/\/hotel-marcopolo.com\/hr\/#\/schema\/logo\/image\/","url":"https:\/\/hotel-marcopolo.com\/wp-content\/uploads\/2020\/02\/cropped-logo_512.png","contentUrl":"https:\/\/hotel-marcopolo.com\/wp-content\/uploads\/2020\/02\/cropped-logo_512.png","width":512,"height":512,"caption":"Hotel Marco Polo"},"image":{"@id":"https:\/\/hotel-marcopolo.com\/hr\/#\/schema\/logo\/image\/"},"sameAs":["https:\/\/www.facebook.com\/Boutiquehotelmarcopolo","https:\/\/www.instagram.com\/boutiquehotelmarcopolo\/","https:\/\/youtube.com\/user\/HotelMarcoPoloCRO"]}]}},"_links":{"self":[{"href":"https:\/\/hotel-marcopolo.com\/en\/wp-json\/wp\/v2\/pages\/2517","targetHints":{"allow":["GET"]}}],"collection":[{"href":"https:\/\/hotel-marcopolo.com\/en\/wp-json\/wp\/v2\/pages"}],"about":[{"href":"https:\/\/hotel-marcopolo.com\/en\/wp-json\/wp\/v2\/types\/page"}],"author":[{"embeddable":true,"href":"https:\/\/hotel-marcopolo.com\/en\/wp-json\/wp\/v2\/users\/1"}],"replies":[{"embeddable":true,"href":"https:\/\/hotel-marcopolo.com\/en\/wp-json\/wp\/v2\/comments?post=2517"}],"version-history":[{"count":23,"href":"https:\/\/hotel-marcopolo.com\/en\/wp-json\/wp\/v2\/pages\/2517\/revisions"}],"predecessor-version":[{"id":5316,"href":"https:\/\/hotel-marcopolo.com\/en\/wp-json\/wp\/v2\/pages\/2517\/revisions\/5316"}],"wp:attachment":[{"href":"https:\/\/hotel-marcopolo.com\/en\/wp-json\/wp\/v2\/media?parent=2517"}],"curies":[{"name":"wp","href":"https:\/\/api.w.org\/{rel}","templated":true}]}}