{"id":4701,"date":"2020-02-22T10:43:33","date_gmt":"2020-02-22T09:43:33","guid":{"rendered":"https:\/\/hotel-marcopolo.com\/heritage-villa-nobile\/"},"modified":"2024-10-18T17:57:48","modified_gmt":"2024-10-18T15:57:48","slug":"heritage-villa-nobile","status":"publish","type":"page","link":"https:\/\/hotel-marcopolo.com\/de\/heritage-villa-nobile\/","title":{"rendered":"Heritage Villa Nobile"},"content":{"rendered":"<div class=\"wpb-content-wrapper\">[vc_row full_width=&#8220;stretch_row_content&#8220; css=&#8220;.vc_custom_1581952388479{padding-top: 50px !important;background-color: #d2cdae !important;}&#8220;][vc_column parallax=&#8220;content-moving-fade&#8220; parallax_image=&#8220;2351&#8243; css=&#8220;.vc_custom_1581945136318{padding-right: 0px !important;padding-left: 0px !important;}&#8220;]<h1 class=\"calluna-heading calluna-heading-single-line text-align-center \" style=\"font-size: 40px;\"><span>UNSERE GESCHICHTE &amp; KONZEPT<\/span><\/h1>[vc_column_text]\n<p style=\"text-align: center;\">Willkommen in unserer Heritage Villa Nobile.<br \/>\nM\u00f6gen Sie sich von nun an wie ein Adliger f\u00fchlen!<br \/>\nF\u00fcr die vielen, die vor dir hier gewesen waren,<br \/>\nwaren in der Tat von edlem Geist oder von edler Abstammung:<br \/>\nDer Musiker Rubricius, Doktor Pugliesi, Admiral Ohmu\u010devi\u0107, Maler Medovi\u0107, Schriftsteller Vojnovi\u0107, and P\u00e4dagoge Haller,<br \/>\nJedes Zimmer hier erinnert an den Lebensstil, das Erbe und die Leistungen einer Person. Erwecken Sie die glorreiche Vergangenheit dieser Villa der Gegenwart zum Leben.<\/p>\n<p>&nbsp;<\/p>\n[\/vc_column_text][\/vc_column][\/vc_row][vc_row full_width=&#8220;stretch_row_content_no_spaces&#8220;][vc_column css=&#8220;.vc_custom_1582453426809{padding-top: 150px !important;padding-right: 0px !important;padding-bottom: 115px !important;padding-left: 0px !important;background-image: url(https:\/\/hotel-marcopolo.com\/wp-content\/uploads\/2020\/02\/pile_010.jpg?id=3321) !important;background-position: center !important;background-repeat: no-repeat !important;background-size: cover !important;}&#8220;][vc_column_text]\n<p style=\"text-align: center;\">\t<a class=\"paoc-popup-click paoc-popup-cust-3172 paoc-popup-button paoc-popup-btn \" href=\"javascript:void(0);\">Lesen Sie mehr<\/a>\r\n\n[\/vc_column_text][\/vc_column][\/vc_row][vc_row full_width=&#8220;stretch_row_content&#8220; css=&#8220;.vc_custom_1582203518658{padding-top: 50px !important;}&#8220; el_class=&#8220;accent-background&#8220;][vc_column]<h2 class=\"calluna-heading calluna-heading-single-line text-align-center \" ><span>EINRICHTUNGEN &amp; DIENSTE<\/span><\/h2>[\/vc_column][vc_column width=&#8220;1\/3&#8243;][vc_column_text css=&#8220;.vc_custom_1582365427754{padding-right: 20px !important;padding-bottom: 50px !important;padding-left: 20px !important;}&#8220;]\n<ul>\n<li>6 LUXUSZIMMER<\/li>\n<li>Alle Zimmer und das Hotel sind Nichtraucherzimmer<\/li>\n<li>Gesundes und reichhaltiges Fr\u00fchst\u00fcck<\/li>\n<li>Abgeschiedener Garten mit Blick auf die Altstadt und das Meer<\/li>\n<li>Nur 50m zum Haupteingang der Altstadt<\/li>\n<li>Concierge Service<\/li>\n<\/ul>\n[\/vc_column_text][\/vc_column][vc_column width=&#8220;1\/3&#8243;][vc_column_text css=&#8220;.vc_custom_1582365455762{padding-right: 20px !important;padding-bottom: 50px !important;padding-left: 20px !important;}&#8220;]\n<ul>\n<li>Personalisierter Service<\/li>\n<li>Kostenloses WLAN im gesamten Hotel und Garten<\/li>\n<li>Mietwagen \/ Bootsverleih \/ Fahrradverleih<\/li>\n<li>Einzigartige hausgemachte Ausfl\u00fcge<\/li>\n<li>Kostenlose Strandt\u00fccher<\/li>\n<li>W\u00e4sche- \/ Reinigungsservice<\/li>\n<\/ul>\n[\/vc_column_text][\/vc_column][vc_column width=&#8220;1\/3&#8243;][vc_column_text css=&#8220;.vc_custom_1582365464729{padding-right: 20px !important;padding-bottom: 50px !important;padding-left: 20px !important;}&#8220;]\n<ul>\n<li>Flachbildfernseher \/ SatTV<\/li>\n<li>InternetTV<\/li>\n<li>Flughafentransfer \/ Abholung<\/li>\n<li>Heizung \/ Klimaanlage<\/li>\n<li>Minibar \/ Tee- \/ Kaffeemaschine im Zimmer<\/li>\n<li>Hausschuhe \/ Roben \/ Haartrockner \/ flauschiges Handtuch<\/li>\n<li>Laptop Safes in allen Zimmern<\/li>\n<\/ul>\n[\/vc_column_text][\/vc_column][\/vc_row][vc_row full_width=&#8220;stretch_row_content_no_spaces&#8220; css=&#8220;.vc_custom_1582366558870{background-position: center !important;background-repeat: no-repeat !important;background-size: cover !important;}&#8220;][vc_column css=&#8220;.vc_custom_1582366694639{padding-top: 0px !important;}&#8220;][vc_column_text css=&#8220;.vc_custom_1612254525265{margin-bottom: 0px !important;padding-bottom: 0px !important;}&#8220;]\n\t\t<!-- MasterSlider -->\n\t\t<div id=\"P_MS69e088430e3bd\" class=\"master-slider-parent ms-parent-id-35\"  >\n\n\t\t\t\n\t\t\t<!-- MasterSlider Main -->\n\t\t\t<div id=\"MS69e088430e3bd\" class=\"master-slider ms-skin-calluna\" >\n\t\t\t\t \t\t\t\t \n\n\t\t\t<div  class=\"ms-slide\" data-delay=\"2.8\" data-fill-mode=\"fill\"   >\n\t\t\t\t\t<img decoding=\"async\" src=\"https:\/\/hotel-marcopolo.com\/wp-content\/plugins\/masterslider\/public\/assets\/css\/blank.gif\" alt=\"m1  \" title=\"Heritage Villa Nobile  \" data-src=\"https:\/\/hotel-marcopolo.com\/wp-content\/uploads\/2020\/06\/m1.jpg\" \/>\n\n\t\t\t\t\t<div  class=\"ms-layer  msp-cn-8-22\" style=\"width:800px;\"   data-effect=\"t(true,n,n,-500,n,n,n,n,n,n,n,n,n,n,n)\" data-duration=\"1500\" data-delay=\"1012\" data-ease=\"easeOutQuint\"                data-offset-x=\"1\" data-offset-y=\"100\" data-origin=\"mc\" data-position=\"normal\"  >\n<h3 style=\"color: #fff; text-shadow: 0 2px 2px #000;\">Mit Blick auf das Meer und die Mauern<\/h3><\/div>\n\n\n\t\t\t\t<\/div>\n\t\t\t<div  class=\"ms-slide\" data-delay=\"2.8\" data-fill-mode=\"fill\"   >\n\t\t\t\t\t<img decoding=\"async\" src=\"https:\/\/hotel-marcopolo.com\/wp-content\/plugins\/masterslider\/public\/assets\/css\/blank.gif\" alt=\"m2  \" title=\"Heritage Villa Nobile  \" data-src=\"https:\/\/hotel-marcopolo.com\/wp-content\/uploads\/2020\/06\/m2.jpg\" \/>\n\n\t\t\t\t\t<div  class=\"ms-layer  msp-cn-1-43\" style=\"width:800px;\"   data-effect=\"t(true,n,n,-500,n,n,n,n,n,n,n,n,n,n,n)\" data-duration=\"1500\" data-delay=\"1000\" data-ease=\"easeOutQuint\"                data-offset-x=\"1\" data-offset-y=\"100\" data-origin=\"mc\" data-position=\"normal\"  >\n<h3 style=\"color: #fff; text-shadow: 0 2px 2px #000;\">Wie ein Museum<\/h3><\/div>\n\n\n\t\t\t\t<\/div>\n\t\t\t<div  class=\"ms-slide\" data-delay=\"2.8\" data-fill-mode=\"fill\"   >\n\t\t\t\t\t<img decoding=\"async\" src=\"https:\/\/hotel-marcopolo.com\/wp-content\/plugins\/masterslider\/public\/assets\/css\/blank.gif\" alt=\"m3  \" title=\"Heritage Villa Nobile  \" data-src=\"https:\/\/hotel-marcopolo.com\/wp-content\/uploads\/2020\/06\/m3.jpg\" \/>\n\n\t\t\t\t\t<div  class=\"ms-layer  msp-cn-11-48\" style=\"width:800px;\"   data-effect=\"t(true,n,n,-500,n,n,n,n,n,n,n,n,n,n,n)\" data-duration=\"1500\" data-delay=\"1000\" data-ease=\"easeOutQuint\"                data-offset-x=\"1\" data-offset-y=\"100\" data-origin=\"mc\" data-position=\"normal\"  >\n<h3 style=\"color: #fff; text-shadow: 0 2px 2px #000;\">6 Bemerkenswerte Menschen und ihre Arbeit<\/h3><\/div>\n\n\n\t\t\t\t<\/div>\n\n\t\t\t<\/div>\n\t\t\t<!-- END MasterSlider Main -->\n\n\t\t\t \n\t\t<\/div>\n\t\t<!-- END MasterSlider -->\n\n\t\t<script>\n\t\t( window.MSReady = window.MSReady || [] ).push( function( $ ) {\n\n\t\t\t\"use strict\";\n\t\t\tvar masterslider_e3bd = new MasterSlider();\n\n\t\t\t\/\/ slider controls\n\t\t\tmasterslider_e3bd.control('arrows'     ,{ autohide:true, overVideo:true  });\n\t\t\tmasterslider_e3bd.control('bullets'    ,{ autohide:false, overVideo:true, dir:'h', align:'bottom', space:11 , margin:16  });\n\t\t\tmasterslider_e3bd.control('timebar'    ,{ autohide:false, overVideo:true, align:'top', color:'#0b1d42'  , width:4 });\n\t\t\t\/\/ slider setup\n\t\t\tmasterslider_e3bd.setup(\"MS69e088430e3bd\", {\n\t\t\t\twidth           : 1180,\n\t\t\t\theight          : 525,\n\t\t\t\tminHeight       : 0,\n\t\t\t\tspace           : 0,\n\t\t\t\tstart           : 1,\n\t\t\t\tgrabCursor      : true,\n\t\t\t\tswipe           : true,\n\t\t\t\tmouse           : true,\n\t\t\t\tkeyboard        : false,\n\t\t\t\tlayout          : \"fullwidth\",\n\t\t\t\twheel           : false,\n\t\t\t\tautoplay        : true,\n                instantStartLayers:true,\n\t\t\t\tmobileBGVideo:false,\n\t\t\t\tloop            : false,\n\t\t\t\tshuffle         : false,\n\t\t\t\tpreload         : 0,\n\t\t\t\theightLimit     : true,\n\t\t\t\tautoHeight      : false,\n\t\t\t\tsmoothHeight    : true,\n\t\t\t\tendPause        : false,\n\t\t\t\toverPause       : true,\n\t\t\t\tfillMode        : \"fill\",\n\t\t\t\tcenterControls  : false,\n\t\t\t\tstartOnAppear   : false,\n\t\t\t\tlayersMode      : \"center\",\n\t\t\t\tautofillTarget  : \"\",\n\t\t\t\thideLayers      : false,\n\t\t\t\tfullscreenMargin: 0,\n\t\t\t\tspeed           : 20,\n\t\t\t\tdir             : \"h\",\n\t\t\t\tparallaxMode    : 'swipe',\n\t\t\t\tview            : \"scale\"\n\t\t\t});\n\n\t\t\t\n\t\t\t$(\"head\").append( \"<link rel='stylesheet' id='ms-fonts'  href='\/\/fonts.googleapis.com\/css?family=Raleway:regular' type='text\/css' media='all' \/>\" );\n\n\t\t\twindow.masterslider_instances = window.masterslider_instances || [];\n\t\t\twindow.masterslider_instances.push( masterslider_e3bd );\n\t\t});\n\t\t<\/script>\n\n[\/vc_column_text][\/vc_column][\/vc_row][vc_row full_width=&#8220;stretch_row_content_no_spaces&#8220; css=&#8220;.vc_custom_1581972331751{padding-bottom: 50px !important;background-color: #0f2453 !important;background-position: center !important;background-repeat: no-repeat !important;background-size: cover !important;}&#8220;][vc_column]<h2 class=\"calluna-heading calluna-heading-single-line text-align-center \" style=\"color: #967a50;\"><span>DIE PERSONEN, DIE BERUFE, DIE ZIMMER<\/span><\/h2>[vc_column_text css=&#8220;.vc_custom_1593439265113{padding-right: 5% !important;padding-left: 5% !important;}&#8220;]\n<p>&nbsp;<\/p>\n<p style=\"text-align: center; color: #fff;\">\u00a0Zu ihrer Bl\u00fctezeit Ende des 19. Jahrhunderts waren unsere Villa und ihr \u00fcppiger Garten der Treffpunkt der intellektuellen Eliten der Stadt. Die Leistungen und Lebensstile von sechs angesehenen Personen, deren Wege sich zwischen diesen Mauern kreuzten, inspirierten unsere Geschichte. Einige von edler Abstammung und einige von edlem Geist, jeder hatte eine andere Besch\u00e4ftigung und leitete in seinem eigenen Bereich den kulturellen, wirtschaftlichen und sozialen Fortschritt der Stadt und des Landes. Jedes unserer Zimmer ist einer bemerkenswerten Person und ihrem Beruf gewidmet. Genie\u00dfen Sie die Geschichte Ihres Zimmers und wecken Sie Ihren inneren Adligen!!<\/p>\n[\/vc_column_text][\/vc_column][\/vc_row][vc_row full_width=&#8220;stretch_row_content_no_spaces&#8220; el_class=&#8220;sobe6&#8243;][vc_column width=&#8220;1\/3&#8243; css=&#8220;.vc_custom_1593440670295{padding-top: 0px !important;}&#8220;][vc_hoverbox image=&#8220;4167&#8243; primary_title=&#8220;DAS MUSIKERZIMMER: Concertino di Rubricius&#8220; hover_title=&#8220;DAS MUSIKERZIMMER&#8220; shape=&#8220;square&#8220;]<strong>Maria Rubricius &#8211; Dieser Raum ist perfekt f\u00fcr Musiker, Musikliebhaber, Br\u00fcckenspiele und Freundschaften.<\/strong><\/p>\n\t<a class=\"paoc-popup-click paoc-popup-cust-4186 paoc-popup-button paoc-popup-btn \" href=\"javascript:void(0);\">Read more<\/a>\r\n[\/vc_hoverbox][\/vc_column][vc_column width=&#8220;1\/3&#8243; css=&#8220;.vc_custom_1593440697392{padding-top: 0px !important;}&#8220;][vc_hoverbox image=&#8220;4164&#8243; primary_title=&#8220;DAS SCHREIBERZIMMER: Ivo Vojnovi\u0107&#8220; hover_title=&#8220;DAS SCHREIBERZIMMER&#8220; shape=&#8220;square&#8220;]<strong>Ivo Vojnovi\u0107<\/strong><strong> (9.10.1857 \u2013 30.08.1929), Dramatiker, Schriftsteller, Dichter, \u00dcbersetzer. Dies ist der perfekte Raum f\u00fcr Freunde, Schriftsteller, Bewunderer und Liebhaber<\/strong><\/p>\n\t<a class=\"paoc-popup-click paoc-popup-cust-4189 paoc-popup-button paoc-popup-btn \" href=\"javascript:void(0);\">Read more<\/a>\r\n[\/vc_hoverbox][\/vc_column][vc_column width=&#8220;1\/3&#8243; css=&#8220;.vc_custom_1593440704948{padding-top: 0px !important;}&#8220;][vc_hoverbox image=&#8220;4170&#8243; primary_title=&#8220;DAS K\u00dcNSTLERRAUM: Mato Celestin Medovi\u0107&#8220; hover_title=&#8220;DAS K\u00dcNSTLERRAUM&#8220; shape=&#8220;square&#8220;]<strong>Mato Celestin Medovi\u0107 <\/strong><strong>(<\/strong><strong>17.11.<\/strong><strong>1857<\/strong><strong> &#8211; <\/strong><strong>20.01.<\/strong><strong>1920<\/strong><strong>)<\/strong><strong>, Maler<br \/>\n<\/strong>Dies ist der perfekte Raum f\u00fcr K\u00fcnstler und Kunstliebhaber, Briefschreiber und Weinkenner, um erlesene Pelje\u0161ac-Weine zu genie\u00dfen.<\/p>\n\t<a class=\"paoc-popup-click paoc-popup-cust-4190 paoc-popup-button paoc-popup-btn \" href=\"javascript:void(0);\">Read more<\/a>\r\n[\/vc_hoverbox][\/vc_column][\/vc_row][vc_row full_width=&#8220;stretch_row_content_no_spaces&#8220; el_class=&#8220;sobe6&#8243;][vc_column width=&#8220;1\/3&#8243; css=&#8220;.vc_custom_1593440670295{padding-top: 0px !important;}&#8220;][vc_hoverbox image=&#8220;4173&#8243; primary_title=&#8220;DAS KAPIT\u00c4NZIMMER: Admiral Ohmu\u010devi\u0107&#8220; hover_title=&#8220;DAS KAPIT\u00c4NZIMMER&#8220; shape=&#8220;square&#8220;]<strong>Admiral Ohmu\u010devi\u0107 (-1599) , Seekapitan<br \/>\n<\/strong>Dies ist der perfekte Raum f\u00fcr diejenigen, die Kraft und Meer lieben, da er einen herrlichen Blick auf die Adria, die m\u00e4chtigen Stadtmauern und das Fort St. Lawrence bietet.<\/p>\n\t<a class=\"paoc-popup-click paoc-popup-cust-4191 paoc-popup-button paoc-popup-btn \" href=\"javascript:void(0);\">Read more<\/a>\r\n[\/vc_hoverbox][\/vc_column][vc_column width=&#8220;1\/3&#8243; css=&#8220;.vc_custom_1593440697392{padding-top: 0px !important;}&#8220;][vc_hoverbox image=&#8220;4176&#8243; primary_title=&#8220;DAS ARZTZIMMER: Dr. Jero Pugliesi&#8220; hover_title=&#8220;DAS ARZTZIMMER&#8220; shape=&#8220;square&#8220;]<strong>Dr. Jero Pugliesi<\/strong> <strong>(30.12.1862 \u201312.01.1907), Arzt, Politiker, Musiker, Wohlt\u00e4ter. Dieser Raum ist der perfekte Raum zum Lernen, Lesen, Schreiben oder Schreiben von Briefen oder E-Mails.<\/strong><\/p>\n\t<a class=\"paoc-popup-click paoc-popup-cust-4192 paoc-popup-button paoc-popup-btn \" href=\"javascript:void(0);\">Read more<\/a>\r\n[\/vc_hoverbox][\/vc_column][vc_column width=&#8220;1\/3&#8243; css=&#8220;.vc_custom_1593440704948{padding-top: 0px !important;}&#8220;][vc_hoverbox image=&#8220;4161&#8243; primary_title=&#8220;DAS STUDIEZIMMER: Albert Stipan Haler, Ph.D.&#8220; hover_title=&#8220;DAS STUDIEZIMMER&#8220; shape=&#8220;square&#8220;]<strong>Albert Stipan Haler, Ph.D. (03.08.1883 \u2013 05.1945)<em>,<\/em>Literaturkritiker und Historiker, Essayist<br \/>\nDies ist der perfekte Raum f\u00fcr gro\u00dfartige Ideen, Horizonterweiterungen, Paradigmenwechsel und Sternbeobachtung.<\/strong><\/p>\n\t<a class=\"paoc-popup-click paoc-popup-cust-4193 paoc-popup-button paoc-popup-btn \" href=\"javascript:void(0);\">Read more<\/a>\r\n[\/vc_hoverbox][\/vc_column][\/vc_row][vc_row full_width=&#8220;stretch_row_content_no_spaces&#8220; css=&#8220;.vc_custom_1582020771086{background-color: #0f2453 !important;}&#8220;][vc_column][vc_raw_html css=&#8220;&#8220;]JTNDaWZyYW1lJTIwc2FuZGJveCUzRCUyMmFsbG93LXNjcmlwdHMlMjBhbGxvdy1zYW1lLW9yaWdpbiUyMGFsbG93LXBvcHVwcyUyMiUyMHNyYyUzRCUyMmh0dHBzJTNBJTJGJTJGd3d3Lmdvb2dsZS5jb20lMkZtYXBzJTJGZW1iZWQlM0ZwYiUzRCUyMTFtMTglMjExbTEyJTIxMW0zJTIxMWQxNjczMjQuNjI5NzU0MzM5NSUyMTJkMTguMDIxMDg1MjUyOTM2NzE0JTIxM2Q0Mi42NDgyNTA4MjU2NzU1JTIxMm0zJTIxMWYwJTIxMmYwJTIxM2YwJTIxM20yJTIxMWkxMDI0JTIxMmk3NjglMjE0ZjEzLjElMjEzbTMlMjExbTIlMjExczB4MTM0YzBiMmQ1ZDU0ZGI2OSUyNTNBMHgzNzA0NzRlMzA3ZGFmZjVkJTIxMnNVbC4lMjUyMEl6bWUlMjVDNCUyNTkxdSUyNTIwdnJ0YSUyNTIwNiUyNTJDJTI1MjAyMDAwMCUyNTJDJTI1MjBEdWJyb3ZuaWslMjE1ZTAlMjEzbTIlMjExc2VuJTIxMnNociUyMTR2MTU4MjIwNTU3OTk3MyUyMTVtMiUyMTFzZW4lMjEyc2hyJTIyJTIwd2lkdGglM0QlMjIxMDAlMjUlMjIlMjBoZWlnaHQlM0QlMjI0NTAlMjIlMjBmcmFtZWJvcmRlciUzRCUyMjAlMjIlMjBzdHlsZSUzRCUyMmJvcmRlciUzQTAlM0IlMjIlMjBhbGxvd2Z1bGxzY3JlZW4lM0QlMjIlMjIlM0UlM0MlMkZpZnJhbWUlM0U=[\/vc_raw_html][\/vc_column][\/vc_row]\n<\/div>","protected":false},"excerpt":{"rendered":"<p>[vc_row full_width=&#8220;stretch_row_content&#8220; css=&#8220;.vc_custom_1581952388479{padding-top: 50px !important;background-color: #d2cdae !important;}&#8220;][vc_column parallax=&#8220;content-moving-fade&#8220; parallax_image=&#8220;2351&#8243; css=&#8220;.vc_custom_1581945136318{padding-right: 0px !important;padding-left: 0px !important;}&#8220;][vc_column_text] Willkommen in unserer Heritage Villa Nobile. M\u00f6gen Sie sich von nun an wie ein Adliger f\u00fchlen! F\u00fcr die vielen, die vor dir hier gewesen waren, waren in der Tat von edlem Geist oder von edler Abstammung: Der Musiker Rubricius, Doktor Pugliesi, [&hellip;]<\/p>\n","protected":false},"author":1,"featured_media":0,"parent":0,"menu_order":0,"comment_status":"closed","ping_status":"closed","template":"","meta":{"footnotes":""},"class_list":["post-4701","page","type-page","status-publish","hentry"],"yoast_head":"<!-- This site is optimized with the Yoast SEO plugin v27.4 - https:\/\/yoast.com\/product\/yoast-seo-wordpress\/ -->\n<title>Heritage Villa Nobile &#8211; Dubrovnik Old Town<\/title>\n<meta name=\"description\" content=\"Ein kleines und gem\u00fctliches Boutique-Hotel im Herzen von Dubrovnik mit abgeschiedenem Garten, das ein gro\u00dfartiges Fr\u00fchst\u00fcck und Privatsph\u00e4re bietet...\" \/>\n<meta name=\"robots\" content=\"index, follow, max-snippet:-1, max-image-preview:large, max-video-preview:-1\" \/>\n<link rel=\"canonical\" href=\"https:\/\/hotel-marcopolo.com\/de\/heritage-villa-nobile\/\" \/>\n<meta property=\"og:locale\" content=\"de_DE\" \/>\n<meta property=\"og:type\" content=\"article\" \/>\n<meta property=\"og:title\" content=\"Heritage Villa Nobile &#8211; Dubrovnik Old Town\" \/>\n<meta property=\"og:description\" content=\"Ein kleines und gem\u00fctliches Boutique-Hotel im Herzen von Dubrovnik mit abgeschiedenem Garten, das ein gro\u00dfartiges Fr\u00fchst\u00fcck und Privatsph\u00e4re bietet...\" \/>\n<meta property=\"og:url\" content=\"https:\/\/hotel-marcopolo.com\/de\/heritage-villa-nobile\/\" \/>\n<meta property=\"og:site_name\" content=\"Hotel Marco Polo\" \/>\n<meta property=\"article:publisher\" content=\"https:\/\/www.facebook.com\/Boutiquehotelmarcopolo\" \/>\n<meta property=\"article:modified_time\" content=\"2024-10-18T15:57:48+00:00\" \/>\n<meta name=\"twitter:label1\" content=\"Gesch\u00e4tzte Lesezeit\" \/>\n\t<meta name=\"twitter:data1\" content=\"3\u00a0Minuten\" \/>\n<script type=\"application\/ld+json\" class=\"yoast-schema-graph\">{\"@context\":\"https:\\\/\\\/schema.org\",\"@graph\":[{\"@type\":\"WebPage\",\"@id\":\"https:\\\/\\\/hotel-marcopolo.com\\\/de\\\/heritage-villa-nobile\\\/\",\"url\":\"https:\\\/\\\/hotel-marcopolo.com\\\/de\\\/heritage-villa-nobile\\\/\",\"name\":\"Heritage Villa Nobile &#8211; Dubrovnik Old Town\",\"isPartOf\":{\"@id\":\"https:\\\/\\\/hotel-marcopolo.com\\\/hr\\\/#website\"},\"datePublished\":\"2020-02-22T09:43:33+00:00\",\"dateModified\":\"2024-10-18T15:57:48+00:00\",\"description\":\"Ein kleines und gem\u00fctliches Boutique-Hotel im Herzen von Dubrovnik mit abgeschiedenem Garten, das ein gro\u00dfartiges Fr\u00fchst\u00fcck und Privatsph\u00e4re bietet...\",\"breadcrumb\":{\"@id\":\"https:\\\/\\\/hotel-marcopolo.com\\\/de\\\/heritage-villa-nobile\\\/#breadcrumb\"},\"inLanguage\":\"de\",\"potentialAction\":[{\"@type\":\"ReadAction\",\"target\":[\"https:\\\/\\\/hotel-marcopolo.com\\\/de\\\/heritage-villa-nobile\\\/\"]}]},{\"@type\":\"BreadcrumbList\",\"@id\":\"https:\\\/\\\/hotel-marcopolo.com\\\/de\\\/heritage-villa-nobile\\\/#breadcrumb\",\"itemListElement\":[{\"@type\":\"ListItem\",\"position\":1,\"name\":\"Home\",\"item\":\"https:\\\/\\\/hotel-marcopolo.com\\\/de\\\/\"},{\"@type\":\"ListItem\",\"position\":2,\"name\":\"Heritage Villa Nobile\"}]},{\"@type\":\"WebSite\",\"@id\":\"https:\\\/\\\/hotel-marcopolo.com\\\/hr\\\/#website\",\"url\":\"https:\\\/\\\/hotel-marcopolo.com\\\/hr\\\/\",\"name\":\"Hotel Marco Polo\",\"description\":\"Boutique Hotel Marco Polo\",\"publisher\":{\"@id\":\"https:\\\/\\\/hotel-marcopolo.com\\\/hr\\\/#organization\"},\"potentialAction\":[{\"@type\":\"SearchAction\",\"target\":{\"@type\":\"EntryPoint\",\"urlTemplate\":\"https:\\\/\\\/hotel-marcopolo.com\\\/hr\\\/?s={search_term_string}\"},\"query-input\":{\"@type\":\"PropertyValueSpecification\",\"valueRequired\":true,\"valueName\":\"search_term_string\"}}],\"inLanguage\":\"de\"},{\"@type\":\"Organization\",\"@id\":\"https:\\\/\\\/hotel-marcopolo.com\\\/hr\\\/#organization\",\"name\":\"Hotel Marco Polo\",\"url\":\"https:\\\/\\\/hotel-marcopolo.com\\\/hr\\\/\",\"logo\":{\"@type\":\"ImageObject\",\"inLanguage\":\"de\",\"@id\":\"https:\\\/\\\/hotel-marcopolo.com\\\/hr\\\/#\\\/schema\\\/logo\\\/image\\\/\",\"url\":\"https:\\\/\\\/hotel-marcopolo.com\\\/wp-content\\\/uploads\\\/2020\\\/02\\\/cropped-logo_512.png\",\"contentUrl\":\"https:\\\/\\\/hotel-marcopolo.com\\\/wp-content\\\/uploads\\\/2020\\\/02\\\/cropped-logo_512.png\",\"width\":512,\"height\":512,\"caption\":\"Hotel Marco Polo\"},\"image\":{\"@id\":\"https:\\\/\\\/hotel-marcopolo.com\\\/hr\\\/#\\\/schema\\\/logo\\\/image\\\/\"},\"sameAs\":[\"https:\\\/\\\/www.facebook.com\\\/Boutiquehotelmarcopolo\",\"https:\\\/\\\/www.instagram.com\\\/boutiquehotelmarcopolo\\\/\",\"https:\\\/\\\/youtube.com\\\/user\\\/HotelMarcoPoloCRO\"]}]}<\/script>\n<!-- \/ Yoast SEO plugin. -->","yoast_head_json":{"title":"Heritage Villa Nobile &#8211; Dubrovnik Old Town","description":"Ein kleines und gem\u00fctliches Boutique-Hotel im Herzen von Dubrovnik mit abgeschiedenem Garten, das ein gro\u00dfartiges Fr\u00fchst\u00fcck und Privatsph\u00e4re bietet...","robots":{"index":"index","follow":"follow","max-snippet":"max-snippet:-1","max-image-preview":"max-image-preview:large","max-video-preview":"max-video-preview:-1"},"canonical":"https:\/\/hotel-marcopolo.com\/de\/heritage-villa-nobile\/","og_locale":"de_DE","og_type":"article","og_title":"Heritage Villa Nobile &#8211; Dubrovnik Old Town","og_description":"Ein kleines und gem\u00fctliches Boutique-Hotel im Herzen von Dubrovnik mit abgeschiedenem Garten, das ein gro\u00dfartiges Fr\u00fchst\u00fcck und Privatsph\u00e4re bietet...","og_url":"https:\/\/hotel-marcopolo.com\/de\/heritage-villa-nobile\/","og_site_name":"Hotel Marco Polo","article_publisher":"https:\/\/www.facebook.com\/Boutiquehotelmarcopolo","article_modified_time":"2024-10-18T15:57:48+00:00","twitter_misc":{"Gesch\u00e4tzte Lesezeit":"3\u00a0Minuten"},"schema":{"@context":"https:\/\/schema.org","@graph":[{"@type":"WebPage","@id":"https:\/\/hotel-marcopolo.com\/de\/heritage-villa-nobile\/","url":"https:\/\/hotel-marcopolo.com\/de\/heritage-villa-nobile\/","name":"Heritage Villa Nobile &#8211; Dubrovnik Old Town","isPartOf":{"@id":"https:\/\/hotel-marcopolo.com\/hr\/#website"},"datePublished":"2020-02-22T09:43:33+00:00","dateModified":"2024-10-18T15:57:48+00:00","description":"Ein kleines und gem\u00fctliches Boutique-Hotel im Herzen von Dubrovnik mit abgeschiedenem Garten, das ein gro\u00dfartiges Fr\u00fchst\u00fcck und Privatsph\u00e4re bietet...","breadcrumb":{"@id":"https:\/\/hotel-marcopolo.com\/de\/heritage-villa-nobile\/#breadcrumb"},"inLanguage":"de","potentialAction":[{"@type":"ReadAction","target":["https:\/\/hotel-marcopolo.com\/de\/heritage-villa-nobile\/"]}]},{"@type":"BreadcrumbList","@id":"https:\/\/hotel-marcopolo.com\/de\/heritage-villa-nobile\/#breadcrumb","itemListElement":[{"@type":"ListItem","position":1,"name":"Home","item":"https:\/\/hotel-marcopolo.com\/de\/"},{"@type":"ListItem","position":2,"name":"Heritage Villa Nobile"}]},{"@type":"WebSite","@id":"https:\/\/hotel-marcopolo.com\/hr\/#website","url":"https:\/\/hotel-marcopolo.com\/hr\/","name":"Hotel Marco Polo","description":"Boutique Hotel Marco Polo","publisher":{"@id":"https:\/\/hotel-marcopolo.com\/hr\/#organization"},"potentialAction":[{"@type":"SearchAction","target":{"@type":"EntryPoint","urlTemplate":"https:\/\/hotel-marcopolo.com\/hr\/?s={search_term_string}"},"query-input":{"@type":"PropertyValueSpecification","valueRequired":true,"valueName":"search_term_string"}}],"inLanguage":"de"},{"@type":"Organization","@id":"https:\/\/hotel-marcopolo.com\/hr\/#organization","name":"Hotel Marco Polo","url":"https:\/\/hotel-marcopolo.com\/hr\/","logo":{"@type":"ImageObject","inLanguage":"de","@id":"https:\/\/hotel-marcopolo.com\/hr\/#\/schema\/logo\/image\/","url":"https:\/\/hotel-marcopolo.com\/wp-content\/uploads\/2020\/02\/cropped-logo_512.png","contentUrl":"https:\/\/hotel-marcopolo.com\/wp-content\/uploads\/2020\/02\/cropped-logo_512.png","width":512,"height":512,"caption":"Hotel Marco Polo"},"image":{"@id":"https:\/\/hotel-marcopolo.com\/hr\/#\/schema\/logo\/image\/"},"sameAs":["https:\/\/www.facebook.com\/Boutiquehotelmarcopolo","https:\/\/www.instagram.com\/boutiquehotelmarcopolo\/","https:\/\/youtube.com\/user\/HotelMarcoPoloCRO"]}]}},"_links":{"self":[{"href":"https:\/\/hotel-marcopolo.com\/de\/wp-json\/wp\/v2\/pages\/4701","targetHints":{"allow":["GET"]}}],"collection":[{"href":"https:\/\/hotel-marcopolo.com\/de\/wp-json\/wp\/v2\/pages"}],"about":[{"href":"https:\/\/hotel-marcopolo.com\/de\/wp-json\/wp\/v2\/types\/page"}],"author":[{"embeddable":true,"href":"https:\/\/hotel-marcopolo.com\/de\/wp-json\/wp\/v2\/users\/1"}],"replies":[{"embeddable":true,"href":"https:\/\/hotel-marcopolo.com\/de\/wp-json\/wp\/v2\/comments?post=4701"}],"version-history":[{"count":18,"href":"https:\/\/hotel-marcopolo.com\/de\/wp-json\/wp\/v2\/pages\/4701\/revisions"}],"predecessor-version":[{"id":5232,"href":"https:\/\/hotel-marcopolo.com\/de\/wp-json\/wp\/v2\/pages\/4701\/revisions\/5232"}],"wp:attachment":[{"href":"https:\/\/hotel-marcopolo.com\/de\/wp-json\/wp\/v2\/media?parent=4701"}],"curies":[{"name":"wp","href":"https:\/\/api.w.org\/{rel}","templated":true}]}}