{"id":4113,"date":"2020-05-26T13:00:18","date_gmt":"2020-05-26T11:00:18","guid":{"rendered":"https:\/\/hotel-marcopolo.com\/let-us-join-together-in-summertime-twenty-twenty\/"},"modified":"2024-05-29T15:30:53","modified_gmt":"2024-05-29T13:30:53","slug":"let-us-join-together-in-summertime-twenty-twenty","status":"publish","type":"page","link":"https:\/\/hotel-marcopolo.com\/de\/let-us-join-together-in-summertime-twenty-twenty\/","title":{"rendered":"Sommer zwanzig zwanzig, ein etwas anderer Sommer!"},"content":{"rendered":"<div class=\"wpb-content-wrapper\">[vc_row][vc_column][vc_column_text]\n<p><strong>Das Hotel Marco Polo wird Ende April er\u00f6ffnet und das Heritage Hotel Nobile ist das ganze Jahr \u00fcber ge\u00f6ffnet.<\/strong><\/p>\n<p>Die Saison 2023 wird unseren G\u00e4sten einige Neuigkeiten bieten.<\/p>\n<p>Das Gr\u00f6\u00dfte ist sicherlich, dass wir seit 2022 NUR F\u00dcR ERWACHSENE sind, also ist es immer noch eine Neuigkeit. Trotzdem war die Anzahl der Kinder im Hotel in den letzten 10 Jahren ziemlich gering, aber um Ihnen die maximale Ruhe und romantische Atmosph\u00e4re zu gew\u00e4hrleisten, haben wir uns entschieden, diesen Weg zu gehen, NUR ERWACHSENE (mindestens 16 Jahre) zu werden.<\/p>\n<p>Unser <strong>Roberto-Polo-Ausflugsprogramm<\/strong> wird ebenfalls ein wenig ge\u00e4ndert, da wir f\u00fcr die Saison 2023 ein neues schnelleres Boot haben, das einige neue Ziele und Spa\u00df bietet. Im Hotel haben wir auch einen schwedischen Trainingslehrer, der auf MOVNAT, einen neuen Fitnesstrend und eine besondere Art des Trainings, spezialisiert ist.<\/p>\n<p>Unser bekanntes <strong>Restaurant Nicolo Polo<\/strong> wird f\u00fcr diese Saison dem Konzept folgen und eine leicht gehobene Atmosph\u00e4re mit mehr Stil und Ambiente und nur 6-8 Tischen beim Abendessen bieten, das von 18:30 bis 22:30 Uhr serviert wird. Wir bieten jeden Tag frische Austern direkt aus dem Meer neben unserem kleinen alacarte-Men\u00fc und Slow-Food-Degustationsmen\u00fc und Fischmen\u00fcs mittwochs, donnerstags und freitags sowie ein authentisches einheimisches Men\u00fc sonntags, montags und dienstags mit PEKA mit unserer traditionellen Weinprobe und sonntags Food Pairing und montags Oliven\u00f6lverkostung. Auf diese Weise stellen wir weiterhin sicher, dass Sie das beste und authentischste Gastro-Erlebnis in der Nachbarschaft erhalten, das sich vom klassischen Mainstream-Pasta-Pizza-Angebot abhebt.<\/p>\n<p>Das Mittagessen wird entweder als Snack-Men\u00fc auf den Sonnenliegen auf unseren verschiedenen Terrassen oder als leckeres Mittagsmen\u00fc an unseren wenigen Tischen \u00fcber dem Strand serviert.<br \/>\nDas Fr\u00fchst\u00fcck wird von 7:30 bis 10:30 Uhr serviert<br \/>\nWie Sie sehen k\u00f6nnen, ist es unser Ziel, weniger Leute zur gleichen Zeit, weniger Tische und mehr Platz f\u00fcr mehr Zeit zu haben, um Ihnen als K\u00f6nige zu dienen.<\/p>\n[\/vc_column_text][\/vc_column][\/vc_row]\n<\/div>","protected":false},"excerpt":{"rendered":"<p>[vc_row][vc_column][vc_column_text] Das Hotel Marco Polo wird Ende April er\u00f6ffnet und das Heritage Hotel Nobile ist das ganze Jahr \u00fcber ge\u00f6ffnet. Die Saison 2023 wird unseren G\u00e4sten einige Neuigkeiten bieten. Das Gr\u00f6\u00dfte ist sicherlich, dass wir seit 2022 NUR F\u00dcR ERWACHSENE sind, also ist es immer noch eine Neuigkeit. Trotzdem war die Anzahl der Kinder im [&hellip;]<\/p>\n","protected":false},"author":2,"featured_media":0,"parent":0,"menu_order":0,"comment_status":"closed","ping_status":"closed","template":"","meta":{"footnotes":""},"class_list":["post-4113","page","type-page","status-publish","hentry"],"yoast_head":"<!-- This site is optimized with the Yoast SEO plugin v27.4 - https:\/\/yoast.com\/product\/yoast-seo-wordpress\/ -->\n<title>Sommer zwanzig zwanzig, ein etwas anderer Sommer! &#8211; Hotel Marco Polo<\/title>\n<meta name=\"description\" content=\"Das Gr\u00f6\u00dfte ist sicherlich, dass wir seit 2022 NUR F\u00dcR ERWACHSENE sind, also ist es immer noch eine Neuigkeit.\" \/>\n<meta name=\"robots\" content=\"index, follow, max-snippet:-1, max-image-preview:large, max-video-preview:-1\" \/>\n<link rel=\"canonical\" href=\"https:\/\/hotel-marcopolo.com\/de\/let-us-join-together-in-summertime-twenty-twenty\/\" \/>\n<meta property=\"og:locale\" content=\"de_DE\" \/>\n<meta property=\"og:type\" content=\"article\" \/>\n<meta property=\"og:title\" content=\"Sommer zwanzig zwanzig, ein etwas anderer Sommer! &#8211; Hotel Marco Polo\" \/>\n<meta property=\"og:description\" content=\"Das Gr\u00f6\u00dfte ist sicherlich, dass wir seit 2022 NUR F\u00dcR ERWACHSENE sind, also ist es immer noch eine Neuigkeit.\" \/>\n<meta property=\"og:url\" content=\"https:\/\/hotel-marcopolo.com\/de\/let-us-join-together-in-summertime-twenty-twenty\/\" \/>\n<meta property=\"og:site_name\" content=\"Hotel Marco Polo\" \/>\n<meta property=\"article:publisher\" content=\"https:\/\/www.facebook.com\/Boutiquehotelmarcopolo\" \/>\n<meta property=\"article:modified_time\" content=\"2024-05-29T13:30:53+00:00\" \/>\n<meta name=\"twitter:label1\" content=\"Gesch\u00e4tzte Lesezeit\" \/>\n\t<meta name=\"twitter:data1\" content=\"2\u00a0Minuten\" \/>\n<script type=\"application\/ld+json\" class=\"yoast-schema-graph\">{\"@context\":\"https:\\\/\\\/schema.org\",\"@graph\":[{\"@type\":\"WebPage\",\"@id\":\"https:\\\/\\\/hotel-marcopolo.com\\\/de\\\/let-us-join-together-in-summertime-twenty-twenty\\\/\",\"url\":\"https:\\\/\\\/hotel-marcopolo.com\\\/de\\\/let-us-join-together-in-summertime-twenty-twenty\\\/\",\"name\":\"Sommer zwanzig zwanzig, ein etwas anderer Sommer! &#8211; Hotel Marco Polo\",\"isPartOf\":{\"@id\":\"https:\\\/\\\/hotel-marcopolo.com\\\/hr\\\/#website\"},\"datePublished\":\"2020-05-26T11:00:18+00:00\",\"dateModified\":\"2024-05-29T13:30:53+00:00\",\"description\":\"Das Gr\u00f6\u00dfte ist sicherlich, dass wir seit 2022 NUR F\u00dcR ERWACHSENE sind, also ist es immer noch eine Neuigkeit.\",\"breadcrumb\":{\"@id\":\"https:\\\/\\\/hotel-marcopolo.com\\\/de\\\/let-us-join-together-in-summertime-twenty-twenty\\\/#breadcrumb\"},\"inLanguage\":\"de\",\"potentialAction\":[{\"@type\":\"ReadAction\",\"target\":[\"https:\\\/\\\/hotel-marcopolo.com\\\/de\\\/let-us-join-together-in-summertime-twenty-twenty\\\/\"]}]},{\"@type\":\"BreadcrumbList\",\"@id\":\"https:\\\/\\\/hotel-marcopolo.com\\\/de\\\/let-us-join-together-in-summertime-twenty-twenty\\\/#breadcrumb\",\"itemListElement\":[{\"@type\":\"ListItem\",\"position\":1,\"name\":\"Home\",\"item\":\"https:\\\/\\\/hotel-marcopolo.com\\\/de\\\/\"},{\"@type\":\"ListItem\",\"position\":2,\"name\":\"Sommer zwanzig zwanzig, ein etwas anderer Sommer!\"}]},{\"@type\":\"WebSite\",\"@id\":\"https:\\\/\\\/hotel-marcopolo.com\\\/hr\\\/#website\",\"url\":\"https:\\\/\\\/hotel-marcopolo.com\\\/hr\\\/\",\"name\":\"Hotel Marco Polo\",\"description\":\"Boutique Hotel Marco Polo\",\"publisher\":{\"@id\":\"https:\\\/\\\/hotel-marcopolo.com\\\/hr\\\/#organization\"},\"potentialAction\":[{\"@type\":\"SearchAction\",\"target\":{\"@type\":\"EntryPoint\",\"urlTemplate\":\"https:\\\/\\\/hotel-marcopolo.com\\\/hr\\\/?s={search_term_string}\"},\"query-input\":{\"@type\":\"PropertyValueSpecification\",\"valueRequired\":true,\"valueName\":\"search_term_string\"}}],\"inLanguage\":\"de\"},{\"@type\":\"Organization\",\"@id\":\"https:\\\/\\\/hotel-marcopolo.com\\\/hr\\\/#organization\",\"name\":\"Hotel Marco Polo\",\"url\":\"https:\\\/\\\/hotel-marcopolo.com\\\/hr\\\/\",\"logo\":{\"@type\":\"ImageObject\",\"inLanguage\":\"de\",\"@id\":\"https:\\\/\\\/hotel-marcopolo.com\\\/hr\\\/#\\\/schema\\\/logo\\\/image\\\/\",\"url\":\"https:\\\/\\\/hotel-marcopolo.com\\\/wp-content\\\/uploads\\\/2020\\\/02\\\/cropped-logo_512.png\",\"contentUrl\":\"https:\\\/\\\/hotel-marcopolo.com\\\/wp-content\\\/uploads\\\/2020\\\/02\\\/cropped-logo_512.png\",\"width\":512,\"height\":512,\"caption\":\"Hotel Marco Polo\"},\"image\":{\"@id\":\"https:\\\/\\\/hotel-marcopolo.com\\\/hr\\\/#\\\/schema\\\/logo\\\/image\\\/\"},\"sameAs\":[\"https:\\\/\\\/www.facebook.com\\\/Boutiquehotelmarcopolo\",\"https:\\\/\\\/www.instagram.com\\\/boutiquehotelmarcopolo\\\/\",\"https:\\\/\\\/youtube.com\\\/user\\\/HotelMarcoPoloCRO\"]}]}<\/script>\n<!-- \/ Yoast SEO plugin. -->","yoast_head_json":{"title":"Sommer zwanzig zwanzig, ein etwas anderer Sommer! &#8211; Hotel Marco Polo","description":"Das Gr\u00f6\u00dfte ist sicherlich, dass wir seit 2022 NUR F\u00dcR ERWACHSENE sind, also ist es immer noch eine Neuigkeit.","robots":{"index":"index","follow":"follow","max-snippet":"max-snippet:-1","max-image-preview":"max-image-preview:large","max-video-preview":"max-video-preview:-1"},"canonical":"https:\/\/hotel-marcopolo.com\/de\/let-us-join-together-in-summertime-twenty-twenty\/","og_locale":"de_DE","og_type":"article","og_title":"Sommer zwanzig zwanzig, ein etwas anderer Sommer! &#8211; Hotel Marco Polo","og_description":"Das Gr\u00f6\u00dfte ist sicherlich, dass wir seit 2022 NUR F\u00dcR ERWACHSENE sind, also ist es immer noch eine Neuigkeit.","og_url":"https:\/\/hotel-marcopolo.com\/de\/let-us-join-together-in-summertime-twenty-twenty\/","og_site_name":"Hotel Marco Polo","article_publisher":"https:\/\/www.facebook.com\/Boutiquehotelmarcopolo","article_modified_time":"2024-05-29T13:30:53+00:00","twitter_misc":{"Gesch\u00e4tzte Lesezeit":"2\u00a0Minuten"},"schema":{"@context":"https:\/\/schema.org","@graph":[{"@type":"WebPage","@id":"https:\/\/hotel-marcopolo.com\/de\/let-us-join-together-in-summertime-twenty-twenty\/","url":"https:\/\/hotel-marcopolo.com\/de\/let-us-join-together-in-summertime-twenty-twenty\/","name":"Sommer zwanzig zwanzig, ein etwas anderer Sommer! &#8211; Hotel Marco Polo","isPartOf":{"@id":"https:\/\/hotel-marcopolo.com\/hr\/#website"},"datePublished":"2020-05-26T11:00:18+00:00","dateModified":"2024-05-29T13:30:53+00:00","description":"Das Gr\u00f6\u00dfte ist sicherlich, dass wir seit 2022 NUR F\u00dcR ERWACHSENE sind, also ist es immer noch eine Neuigkeit.","breadcrumb":{"@id":"https:\/\/hotel-marcopolo.com\/de\/let-us-join-together-in-summertime-twenty-twenty\/#breadcrumb"},"inLanguage":"de","potentialAction":[{"@type":"ReadAction","target":["https:\/\/hotel-marcopolo.com\/de\/let-us-join-together-in-summertime-twenty-twenty\/"]}]},{"@type":"BreadcrumbList","@id":"https:\/\/hotel-marcopolo.com\/de\/let-us-join-together-in-summertime-twenty-twenty\/#breadcrumb","itemListElement":[{"@type":"ListItem","position":1,"name":"Home","item":"https:\/\/hotel-marcopolo.com\/de\/"},{"@type":"ListItem","position":2,"name":"Sommer zwanzig zwanzig, ein etwas anderer Sommer!"}]},{"@type":"WebSite","@id":"https:\/\/hotel-marcopolo.com\/hr\/#website","url":"https:\/\/hotel-marcopolo.com\/hr\/","name":"Hotel Marco Polo","description":"Boutique Hotel Marco Polo","publisher":{"@id":"https:\/\/hotel-marcopolo.com\/hr\/#organization"},"potentialAction":[{"@type":"SearchAction","target":{"@type":"EntryPoint","urlTemplate":"https:\/\/hotel-marcopolo.com\/hr\/?s={search_term_string}"},"query-input":{"@type":"PropertyValueSpecification","valueRequired":true,"valueName":"search_term_string"}}],"inLanguage":"de"},{"@type":"Organization","@id":"https:\/\/hotel-marcopolo.com\/hr\/#organization","name":"Hotel Marco Polo","url":"https:\/\/hotel-marcopolo.com\/hr\/","logo":{"@type":"ImageObject","inLanguage":"de","@id":"https:\/\/hotel-marcopolo.com\/hr\/#\/schema\/logo\/image\/","url":"https:\/\/hotel-marcopolo.com\/wp-content\/uploads\/2020\/02\/cropped-logo_512.png","contentUrl":"https:\/\/hotel-marcopolo.com\/wp-content\/uploads\/2020\/02\/cropped-logo_512.png","width":512,"height":512,"caption":"Hotel Marco Polo"},"image":{"@id":"https:\/\/hotel-marcopolo.com\/hr\/#\/schema\/logo\/image\/"},"sameAs":["https:\/\/www.facebook.com\/Boutiquehotelmarcopolo","https:\/\/www.instagram.com\/boutiquehotelmarcopolo\/","https:\/\/youtube.com\/user\/HotelMarcoPoloCRO"]}]}},"_links":{"self":[{"href":"https:\/\/hotel-marcopolo.com\/de\/wp-json\/wp\/v2\/pages\/4113","targetHints":{"allow":["GET"]}}],"collection":[{"href":"https:\/\/hotel-marcopolo.com\/de\/wp-json\/wp\/v2\/pages"}],"about":[{"href":"https:\/\/hotel-marcopolo.com\/de\/wp-json\/wp\/v2\/types\/page"}],"author":[{"embeddable":true,"href":"https:\/\/hotel-marcopolo.com\/de\/wp-json\/wp\/v2\/users\/2"}],"replies":[{"embeddable":true,"href":"https:\/\/hotel-marcopolo.com\/de\/wp-json\/wp\/v2\/comments?post=4113"}],"version-history":[{"count":10,"href":"https:\/\/hotel-marcopolo.com\/de\/wp-json\/wp\/v2\/pages\/4113\/revisions"}],"predecessor-version":[{"id":5183,"href":"https:\/\/hotel-marcopolo.com\/de\/wp-json\/wp\/v2\/pages\/4113\/revisions\/5183"}],"wp:attachment":[{"href":"https:\/\/hotel-marcopolo.com\/de\/wp-json\/wp\/v2\/media?parent=4113"}],"curies":[{"name":"wp","href":"https:\/\/api.w.org\/{rel}","templated":true}]}}