{"id":3724,"date":"2020-02-24T11:32:43","date_gmt":"2020-02-24T10:32:43","guid":{"rendered":"http:\/\/dev.hotel-marcopolo.com\/?page_id=3724"},"modified":"2020-02-24T11:33:02","modified_gmt":"2020-02-24T10:33:02","slug":"ganze-geschichte","status":"publish","type":"page","link":"https:\/\/hotel-marcopolo.com\/de\/ganze-geschichte\/","title":{"rendered":"Die Geschichte Der Marco Polo Familie"},"content":{"rendered":"<div class=\"wpb-content-wrapper\">[vc_row][vc_column][vc_column_text css=&#8220;.vc_custom_1582540351875{padding-top: 5% !important;padding-right: 5% !important;padding-bottom: 5% !important;padding-left: 5% !important;}&#8220;]\n<p>Marco Polo war der Name eines ber\u00fchmten Seefahrers und Abenteurers, er hatte au\u00dfergew\u00f6hnlichen Mut und Pers\u00f6nlichkeit. Diese Qualit\u00e4ten halfen ihm auf seinen Reisen neue Erfahrungen sammeln zu sammeln und so brachte er neue Erfindungen, Bekleidungsstoffe, Gew\u00fcrze und Kr\u00e4uter in sein Heimatland mit. Marco Polo ist auf der Insel Korcula geboren, unserer Nachbarinsel, nicht weit von unserem Ort. Daher steht er als echter Vertreter Dalmatiens, der Geschichte und der Tradition da., welche in vielen Teilen unseres Hauses zu erkennen ist.<\/p>\n<p>Der Gr\u00fcnder unseres Hauses und Vater unserer &#8222;Marco Polo-Familie&#8220;, Nikola Milisic (RIP2005) selbst war ein gro\u00dfer Reisender und Abenteurer. Ein Mann mit Vision, der in der Lage war den Zauber Dalmatiens zu erkennen. Und so erbaute er eins der ersten privaten Hotels nach der Unabh\u00e4ngigkeit Kroatiens, und das mit viel Herz. Mit nur 20 Jahren, in den 60ger Jahren kam Nikola nach Schweden ungl\u00fccklich mit der Situation in seinem Heimatland. Er verfolgte einen neuen Traum. Und das war eines Tages wieder in die Heimat zur\u00fcck zu kehren in die Heimat. Was er dann auch tat in den fr\u00fchen 90ger Jahren zu Kriegszeiten.<\/p>\n<p>Seine Vision war es seinen G\u00e4sten immer etwas Neue zu bieten, mit st\u00e4ndig neuen Innenausstattungen oder k\u00f6stlichen Spezialit\u00e4ten. Dazu inspirierte ihn sowohl die Geschichte Marco Polos als auch die lokalen Gewohnheiten und die umliegende Natur. Er wollte nicht nur gr\u00f6\u03b2er werden sondern auch sch\u00f6ner, originaler, zug\u00e4nglicher und w\u00e4rmer. Gem\u00fctlich und unvergesslich! Als K\u00fcnstler hatte er ein Auge f\u00fcrs Details, viele seiner \u00d6lgem\u00e4lde h\u00e4ngen im Hotel. Das Haus war einmal das Familien Sommerhaus, renoviert von Stjepan Milisic (Pepo), Nikolas Vater. Er kam in den sp\u00e4ten 70er Jahren aus Sarajevo, und war vor diesem alten dalmatinischen Steinhaus aus dem Anfang des 19. Jahrhundert begeistert. Es war umgeben von Weinbergen und wurde das Priester Haus genannt.<\/p>\n<p>Das alte Familienhaus mit dem gut bekannten Restaurant, wurde Anfang der 90ger Jahre zum stilvollen Hotel. Dieses tr\u00e4gt nun die dalmatinische Geschichte in sich und au\u03b2erdem viele neue M\u00f6glichkeiten und Ideen f\u00fcr die Zukunft. Anfang 2000 \u00fcbernahm das Hotel Stijepan Milisic ( Stipe), frisch von der Tourismus-Universit\u00e4t das Hotel. Er brachte seine Jugend und Kreativit\u00e4t ein. Seit 2004 ist viel passiert, und das Hotel wurde vergr\u00f6\u03b2ert. Seit 2005 gab es immer neue Investitionen, die unter anderem auch zu den Auszeichnungen f\u00fcr das beste Boutique Hotel Kroatiens 2008 2009 f\u00fchrte. 2012 und 2014 bekamen wir zwei internationale Auszeichnungen vom Thomas Cook Reiseveranstalter, f\u00fcr die Top 10 Hotels auf dem skandinavischen Markt ( unter 800 Hotels). Im Jahr 2007 kam Tina ins Familienunternehmen, Stipes Frau.<\/p>\n<p>Sie f\u00fchrt von nun an den Vertrieb des Hotels und leistet einen gro\u03b2en Beitrag. Sie stammt aus der Tourismushochburg Dubrovnik. Unsere Vision ist es immer etwas neues und aufregendes zu Nikolas Vision hinzuzuf\u00fcgen. Um so noch einzigartiger und erkennbarer zu sein in der kroatischen Tourismusindustrie. So nach einer langen Geschichte die sicher nicht einfach zu lesen war, wissen Sie aber nun \u00fcber unsere Namen bescheid. Das Restaurant Nicolo Polo kommt vom Hotel Gr\u00fcnder Nikola, der sein Hotel Story im Restaurant Business startete. Stipes und Tinas Sohn hei\u03b2t auch Nikola und er rennt jetzt schon immer durchs Hotel.<\/p>\n<p>Unsere Fitness &amp; Relax Abteilung Pepo Polo kommt von Nikolas Vater Pepo, der ein langes und aktives Leben hatte,er lebte 95 Jahre . Und schlie\u00dflich Roberto Polo, er stammt aus einer lang anhaltenden Freundschaft mit unserem sehr abenteuerlich Seemann Robert. Der hat schon viele G\u00e4ste mit auf seine Abenteuer genommen.<\/p>\n[\/vc_column_text][\/vc_column][\/vc_row]\n<\/div>","protected":false},"excerpt":{"rendered":"<p>[vc_row][vc_column][vc_column_text css=&#8220;.vc_custom_1582540351875{padding-top: 5% !important;padding-right: 5% !important;padding-bottom: 5% !important;padding-left: 5% !important;}&#8220;] Marco Polo war der Name eines ber\u00fchmten Seefahrers und Abenteurers, er hatte au\u00dfergew\u00f6hnlichen Mut und Pers\u00f6nlichkeit. Diese Qualit\u00e4ten halfen ihm auf seinen Reisen neue Erfahrungen sammeln zu sammeln und so brachte er neue Erfindungen, Bekleidungsstoffe, Gew\u00fcrze und Kr\u00e4uter in sein Heimatland mit. Marco Polo ist [&hellip;]<\/p>\n","protected":false},"author":1,"featured_media":0,"parent":0,"menu_order":0,"comment_status":"closed","ping_status":"closed","template":"","meta":{"footnotes":""},"class_list":["post-3724","page","type-page","status-publish","hentry"],"yoast_head":"<!-- This site is optimized with the Yoast SEO plugin v27.4 - https:\/\/yoast.com\/product\/yoast-seo-wordpress\/ -->\n<title>Die Geschichte Der Marco Polo Familie &#8211; Hotel Marco Polo<\/title>\n<meta name=\"robots\" content=\"index, follow, max-snippet:-1, max-image-preview:large, max-video-preview:-1\" \/>\n<link rel=\"canonical\" href=\"https:\/\/hotel-marcopolo.com\/de\/ganze-geschichte\/\" \/>\n<meta property=\"og:locale\" content=\"de_DE\" \/>\n<meta property=\"og:type\" content=\"article\" \/>\n<meta property=\"og:title\" content=\"Die Geschichte Der Marco Polo Familie &#8211; Hotel Marco Polo\" \/>\n<meta property=\"og:description\" content=\"[vc_row][vc_column][vc_column_text css=&#8220;.vc_custom_1582540351875{padding-top: 5% !important;padding-right: 5% !important;padding-bottom: 5% !important;padding-left: 5% !important;}&#8220;] Marco Polo war der Name eines ber\u00fchmten Seefahrers und Abenteurers, er hatte au\u00dfergew\u00f6hnlichen Mut und Pers\u00f6nlichkeit. Diese Qualit\u00e4ten halfen ihm auf seinen Reisen neue Erfahrungen sammeln zu sammeln und so brachte er neue Erfindungen, Bekleidungsstoffe, Gew\u00fcrze und Kr\u00e4uter in sein Heimatland mit. Marco Polo ist [&hellip;]\" \/>\n<meta property=\"og:url\" content=\"https:\/\/hotel-marcopolo.com\/de\/ganze-geschichte\/\" \/>\n<meta property=\"og:site_name\" content=\"Hotel Marco Polo\" \/>\n<meta property=\"article:publisher\" content=\"https:\/\/www.facebook.com\/Boutiquehotelmarcopolo\" \/>\n<meta property=\"article:modified_time\" content=\"2020-02-24T10:33:02+00:00\" \/>\n<meta name=\"twitter:label1\" content=\"Gesch\u00e4tzte Lesezeit\" \/>\n\t<meta name=\"twitter:data1\" content=\"3\u00a0Minuten\" \/>\n<script type=\"application\/ld+json\" class=\"yoast-schema-graph\">{\"@context\":\"https:\\\/\\\/schema.org\",\"@graph\":[{\"@type\":\"WebPage\",\"@id\":\"https:\\\/\\\/hotel-marcopolo.com\\\/de\\\/ganze-geschichte\\\/\",\"url\":\"https:\\\/\\\/hotel-marcopolo.com\\\/de\\\/ganze-geschichte\\\/\",\"name\":\"Die Geschichte Der Marco Polo Familie &#8211; Hotel Marco Polo\",\"isPartOf\":{\"@id\":\"https:\\\/\\\/hotel-marcopolo.com\\\/hr\\\/#website\"},\"datePublished\":\"2020-02-24T10:32:43+00:00\",\"dateModified\":\"2020-02-24T10:33:02+00:00\",\"breadcrumb\":{\"@id\":\"https:\\\/\\\/hotel-marcopolo.com\\\/de\\\/ganze-geschichte\\\/#breadcrumb\"},\"inLanguage\":\"de\",\"potentialAction\":[{\"@type\":\"ReadAction\",\"target\":[\"https:\\\/\\\/hotel-marcopolo.com\\\/de\\\/ganze-geschichte\\\/\"]}]},{\"@type\":\"BreadcrumbList\",\"@id\":\"https:\\\/\\\/hotel-marcopolo.com\\\/de\\\/ganze-geschichte\\\/#breadcrumb\",\"itemListElement\":[{\"@type\":\"ListItem\",\"position\":1,\"name\":\"Home\",\"item\":\"https:\\\/\\\/hotel-marcopolo.com\\\/de\\\/\"},{\"@type\":\"ListItem\",\"position\":2,\"name\":\"Die Geschichte Der Marco Polo Familie\"}]},{\"@type\":\"WebSite\",\"@id\":\"https:\\\/\\\/hotel-marcopolo.com\\\/hr\\\/#website\",\"url\":\"https:\\\/\\\/hotel-marcopolo.com\\\/hr\\\/\",\"name\":\"Hotel Marco Polo\",\"description\":\"Boutique Hotel Marco Polo\",\"publisher\":{\"@id\":\"https:\\\/\\\/hotel-marcopolo.com\\\/hr\\\/#organization\"},\"potentialAction\":[{\"@type\":\"SearchAction\",\"target\":{\"@type\":\"EntryPoint\",\"urlTemplate\":\"https:\\\/\\\/hotel-marcopolo.com\\\/hr\\\/?s={search_term_string}\"},\"query-input\":{\"@type\":\"PropertyValueSpecification\",\"valueRequired\":true,\"valueName\":\"search_term_string\"}}],\"inLanguage\":\"de\"},{\"@type\":\"Organization\",\"@id\":\"https:\\\/\\\/hotel-marcopolo.com\\\/hr\\\/#organization\",\"name\":\"Hotel Marco Polo\",\"url\":\"https:\\\/\\\/hotel-marcopolo.com\\\/hr\\\/\",\"logo\":{\"@type\":\"ImageObject\",\"inLanguage\":\"de\",\"@id\":\"https:\\\/\\\/hotel-marcopolo.com\\\/hr\\\/#\\\/schema\\\/logo\\\/image\\\/\",\"url\":\"https:\\\/\\\/hotel-marcopolo.com\\\/wp-content\\\/uploads\\\/2020\\\/02\\\/cropped-logo_512.png\",\"contentUrl\":\"https:\\\/\\\/hotel-marcopolo.com\\\/wp-content\\\/uploads\\\/2020\\\/02\\\/cropped-logo_512.png\",\"width\":512,\"height\":512,\"caption\":\"Hotel Marco Polo\"},\"image\":{\"@id\":\"https:\\\/\\\/hotel-marcopolo.com\\\/hr\\\/#\\\/schema\\\/logo\\\/image\\\/\"},\"sameAs\":[\"https:\\\/\\\/www.facebook.com\\\/Boutiquehotelmarcopolo\",\"https:\\\/\\\/www.instagram.com\\\/boutiquehotelmarcopolo\\\/\",\"https:\\\/\\\/youtube.com\\\/user\\\/HotelMarcoPoloCRO\"]}]}<\/script>\n<!-- \/ Yoast SEO plugin. -->","yoast_head_json":{"title":"Die Geschichte Der Marco Polo Familie &#8211; Hotel Marco Polo","robots":{"index":"index","follow":"follow","max-snippet":"max-snippet:-1","max-image-preview":"max-image-preview:large","max-video-preview":"max-video-preview:-1"},"canonical":"https:\/\/hotel-marcopolo.com\/de\/ganze-geschichte\/","og_locale":"de_DE","og_type":"article","og_title":"Die Geschichte Der Marco Polo Familie &#8211; Hotel Marco Polo","og_description":"[vc_row][vc_column][vc_column_text css=&#8220;.vc_custom_1582540351875{padding-top: 5% !important;padding-right: 5% !important;padding-bottom: 5% !important;padding-left: 5% !important;}&#8220;] Marco Polo war der Name eines ber\u00fchmten Seefahrers und Abenteurers, er hatte au\u00dfergew\u00f6hnlichen Mut und Pers\u00f6nlichkeit. Diese Qualit\u00e4ten halfen ihm auf seinen Reisen neue Erfahrungen sammeln zu sammeln und so brachte er neue Erfindungen, Bekleidungsstoffe, Gew\u00fcrze und Kr\u00e4uter in sein Heimatland mit. Marco Polo ist [&hellip;]","og_url":"https:\/\/hotel-marcopolo.com\/de\/ganze-geschichte\/","og_site_name":"Hotel Marco Polo","article_publisher":"https:\/\/www.facebook.com\/Boutiquehotelmarcopolo","article_modified_time":"2020-02-24T10:33:02+00:00","twitter_misc":{"Gesch\u00e4tzte Lesezeit":"3\u00a0Minuten"},"schema":{"@context":"https:\/\/schema.org","@graph":[{"@type":"WebPage","@id":"https:\/\/hotel-marcopolo.com\/de\/ganze-geschichte\/","url":"https:\/\/hotel-marcopolo.com\/de\/ganze-geschichte\/","name":"Die Geschichte Der Marco Polo Familie &#8211; Hotel Marco Polo","isPartOf":{"@id":"https:\/\/hotel-marcopolo.com\/hr\/#website"},"datePublished":"2020-02-24T10:32:43+00:00","dateModified":"2020-02-24T10:33:02+00:00","breadcrumb":{"@id":"https:\/\/hotel-marcopolo.com\/de\/ganze-geschichte\/#breadcrumb"},"inLanguage":"de","potentialAction":[{"@type":"ReadAction","target":["https:\/\/hotel-marcopolo.com\/de\/ganze-geschichte\/"]}]},{"@type":"BreadcrumbList","@id":"https:\/\/hotel-marcopolo.com\/de\/ganze-geschichte\/#breadcrumb","itemListElement":[{"@type":"ListItem","position":1,"name":"Home","item":"https:\/\/hotel-marcopolo.com\/de\/"},{"@type":"ListItem","position":2,"name":"Die Geschichte Der Marco Polo Familie"}]},{"@type":"WebSite","@id":"https:\/\/hotel-marcopolo.com\/hr\/#website","url":"https:\/\/hotel-marcopolo.com\/hr\/","name":"Hotel Marco Polo","description":"Boutique Hotel Marco Polo","publisher":{"@id":"https:\/\/hotel-marcopolo.com\/hr\/#organization"},"potentialAction":[{"@type":"SearchAction","target":{"@type":"EntryPoint","urlTemplate":"https:\/\/hotel-marcopolo.com\/hr\/?s={search_term_string}"},"query-input":{"@type":"PropertyValueSpecification","valueRequired":true,"valueName":"search_term_string"}}],"inLanguage":"de"},{"@type":"Organization","@id":"https:\/\/hotel-marcopolo.com\/hr\/#organization","name":"Hotel Marco Polo","url":"https:\/\/hotel-marcopolo.com\/hr\/","logo":{"@type":"ImageObject","inLanguage":"de","@id":"https:\/\/hotel-marcopolo.com\/hr\/#\/schema\/logo\/image\/","url":"https:\/\/hotel-marcopolo.com\/wp-content\/uploads\/2020\/02\/cropped-logo_512.png","contentUrl":"https:\/\/hotel-marcopolo.com\/wp-content\/uploads\/2020\/02\/cropped-logo_512.png","width":512,"height":512,"caption":"Hotel Marco Polo"},"image":{"@id":"https:\/\/hotel-marcopolo.com\/hr\/#\/schema\/logo\/image\/"},"sameAs":["https:\/\/www.facebook.com\/Boutiquehotelmarcopolo","https:\/\/www.instagram.com\/boutiquehotelmarcopolo\/","https:\/\/youtube.com\/user\/HotelMarcoPoloCRO"]}]}},"_links":{"self":[{"href":"https:\/\/hotel-marcopolo.com\/de\/wp-json\/wp\/v2\/pages\/3724","targetHints":{"allow":["GET"]}}],"collection":[{"href":"https:\/\/hotel-marcopolo.com\/de\/wp-json\/wp\/v2\/pages"}],"about":[{"href":"https:\/\/hotel-marcopolo.com\/de\/wp-json\/wp\/v2\/types\/page"}],"author":[{"embeddable":true,"href":"https:\/\/hotel-marcopolo.com\/de\/wp-json\/wp\/v2\/users\/1"}],"replies":[{"embeddable":true,"href":"https:\/\/hotel-marcopolo.com\/de\/wp-json\/wp\/v2\/comments?post=3724"}],"version-history":[{"count":2,"href":"https:\/\/hotel-marcopolo.com\/de\/wp-json\/wp\/v2\/pages\/3724\/revisions"}],"predecessor-version":[{"id":3726,"href":"https:\/\/hotel-marcopolo.com\/de\/wp-json\/wp\/v2\/pages\/3724\/revisions\/3726"}],"wp:attachment":[{"href":"https:\/\/hotel-marcopolo.com\/de\/wp-json\/wp\/v2\/media?parent=3724"}],"curies":[{"name":"wp","href":"https:\/\/api.w.org\/{rel}","templated":true}]}}