	{"id":3536,"date":"2020-02-23T18:02:12","date_gmt":"2020-02-23T17:02:12","guid":{"rendered":"http:\/\/dev.hotel-marcopolo.com\/?page_id=3536"},"modified":"2020-09-18T13:27:39","modified_gmt":"2020-09-18T11:27:39","slug":"der-weinausflug-exklusiv","status":"publish","type":"page","link":"https:\/\/hotel-marcopolo.com\/de\/der-weinausflug-exklusiv\/","title":{"rendered":"Der Weinausflug Exklusiv"},"content":{"rendered":"<div class=\"wpb-content-wrapper\">[vc_row][vc_column]<h1 class=\"calluna-heading calluna-heading-single-line text-align-left \" style=\"font-size: 40px;\"><span>Der Weinausflug Exklusiv<\/span><\/h1>[\/vc_column][vc_column width=&#8220;1\/2&#8243;][vc_column_text]\n<p>Der Ausflug der alles hat, den Sie aber nicht machen sollten wenn Sie keinen Wein lieben. Nach kurzer Fahrt \u00fcber den Kanal erreichen wir den alten Seemanns und Fischerhafen Trpanj, dann starten wir unser Abenteuer, in einem kleinen klimatisierten Kleinbus, unser Abendteuer \u00fcber die Weinberge.<\/p>\n<p>Sie werden \u00fcber die kroatische Wein Kultur und Geschichte lernen, und warum Peljesac und der Rest Kroatiens so unterschiedlich sind, in der Welt der Weine. Einige unserer Ziele sind; Die Austernfarm \u2013 wo wir nat\u00fcrlich probieren, und wo Sie mehr \u00fcber die Austern erfahren. Wir werden drei interessante und verschiedene Weinkeller besuchen, wo wir eine fantastische Eno-Gastro Erfahrung auf uns wartet. Die Berge und die Aussicht, Spazierg\u00e4nge und Gespr\u00e4che alles dies beenden wir mit Sonnenbaden und schwimmen in den Nachmittagsstunden. An einem der besten einsamen Str\u00e4nden in Dalmatien, und zuletzt verw\u00f6hnen wir Sie noch mit Kaffee und hausgemachten Kuchen. Wein und Bier darf nat\u00fcrlich auch nicht fehlen.<\/p>\n<p><strong>Aktivit\u00e4t\/ Wandern<\/strong>: gering \u00a0 \u00a0\u00a0<strong>\u00a0Geschichte\/ Kultur****<\/strong>\u00a0 \u00a0 \u00a0<strong>Natur*****<\/strong>\u00a0 \u00a0 \u00a0\u00a0<strong>F\u00fchrer<\/strong>: SWE\/NOR\/DK\/ENG\/GER<br \/>\n<strong>Beinhaltet<\/strong>: Exklusives Mittagessen plus 3 Wein Proben \/ Getr\u00e4nke\/Kaffee&amp;Kuchen auf dem Boot \u00a0 \u00a0 \u00a0<strong>Dauer Zeit<\/strong>: 9h \u00a0 \u00a0 \u00a0\u00a0<strong>Preis: 990kn<\/strong><\/p>\n[\/vc_column_text][\/vc_column][vc_column width=&#8220;1\/2&#8243;]\t<div class=\"image-gallery\">\n            <div id=\"69f1a7d2aac3b-carousel\" class=\"carousel slide\" data-ride=\"carousel\">\n            \t                                \t<div class=\"carousel-inner\">\n\t\t\t\t\t\t\t\t\t\t\t\t\t\t\t                                <div class=\"item active\">\n\t\t\t\t\t\t\t\t\t\t\t\t\t\t\t\t\t\t\t<!-- Image -->\n\t\t\t\t\t\t\t\t\t\t<img title=\"wine tour exclusive  \"loading=\"lazy\" decoding=\"async\" width=\"800\" height=\"533\" src=\"https:\/\/hotel-marcopolo.com\/wp-content\/uploads\/2020\/02\/wine-tour-exclusive.jpg\" class=\"attachment-full size-full\" alt=\"wine-tour-exclusive  \" srcset=\"https:\/\/hotel-marcopolo.com\/wp-content\/uploads\/2020\/02\/wine-tour-exclusive.jpg 800w, https:\/\/hotel-marcopolo.com\/wp-content\/uploads\/2020\/02\/wine-tour-exclusive-300x200.jpg 300w, https:\/\/hotel-marcopolo.com\/wp-content\/uploads\/2020\/02\/wine-tour-exclusive-768x512.jpg 768w\" sizes=\"auto, (max-width: 800px) 100vw, 800px\" \/>\t\t\t\t\t\t\t\t\t\t\t\t\t\t\t\t\t\t\t\t\t\t\t\t\t\t\t                                <\/div>\n                                \n\t\t\t\t\t\t\t\t\t\t\t\t\t\t                     <\/div>\n                     <div class=\"gallery_button_wrapper\">\n                    <a class=\"left carousel-control\" href=\"#69f1a7d2aac3b-carousel\" data-slide=\"prev\">\n                    <span class=\"icon-left\"><\/span>\n                <\/a>\n                <\/div>\n                <div class=\"gallery_button_wrapper\">\n                    <a class=\"right carousel-control\" href=\"#69f1a7d2aac3b-carousel\" data-slide=\"next\">\n                    <span class=\"icon-right\"><\/span>\n                <\/a>\n                <\/div>\n\t\t\t\t\t                \n           <\/div>\n  \t\t  <\/div>\n\t\n\t[vc_empty_space height=&#8220;50px&#8220;][\/vc_column][\/vc_row]\n<\/div>","protected":false},"excerpt":{"rendered":"<p>[vc_row][vc_column][\/vc_column][vc_column width=&#8220;1\/2&#8243;][vc_column_text] Der Ausflug der alles hat, den Sie aber nicht machen sollten wenn Sie keinen Wein lieben. Nach kurzer Fahrt \u00fcber den Kanal erreichen wir den alten Seemanns und Fischerhafen Trpanj, dann starten wir unser Abenteuer, in einem kleinen klimatisierten Kleinbus, unser Abendteuer \u00fcber die Weinberge. Sie werden \u00fcber die kroatische Wein Kultur und [&hellip;]<\/p>\n","protected":false},"author":1,"featured_media":0,"parent":0,"menu_order":0,"comment_status":"closed","ping_status":"closed","template":"","meta":{"footnotes":""},"class_list":["post-3536","page","type-page","status-publish","hentry"],"yoast_head":"<!-- This site is optimized with the Yoast SEO plugin v27.4 - https:\/\/yoast.com\/product\/yoast-seo-wordpress\/ -->\n<title>Der Weinausflug Exklusiv &#8211; Hotel Marco Polo<\/title>\n<meta name=\"robots\" content=\"index, follow, max-snippet:-1, max-image-preview:large, max-video-preview:-1\" \/>\n<link rel=\"canonical\" href=\"https:\/\/hotel-marcopolo.com\/de\/der-weinausflug-exklusiv\/\" \/>\n<meta property=\"og:locale\" content=\"de_DE\" \/>\n<meta property=\"og:type\" content=\"article\" \/>\n<meta property=\"og:title\" content=\"Der Weinausflug Exklusiv &#8211; Hotel Marco Polo\" \/>\n<meta property=\"og:description\" content=\"[vc_row][vc_column][\/vc_column][vc_column width=&#8220;1\/2&#8243;][vc_column_text] Der Ausflug der alles hat, den Sie aber nicht machen sollten wenn Sie keinen Wein lieben. Nach kurzer Fahrt \u00fcber den Kanal erreichen wir den alten Seemanns und Fischerhafen Trpanj, dann starten wir unser Abenteuer, in einem kleinen klimatisierten Kleinbus, unser Abendteuer \u00fcber die Weinberge. Sie werden \u00fcber die kroatische Wein Kultur und [&hellip;]\" \/>\n<meta property=\"og:url\" content=\"https:\/\/hotel-marcopolo.com\/de\/der-weinausflug-exklusiv\/\" \/>\n<meta property=\"og:site_name\" content=\"Hotel Marco Polo\" \/>\n<meta property=\"article:publisher\" content=\"https:\/\/www.facebook.com\/Boutiquehotelmarcopolo\" \/>\n<meta property=\"article:modified_time\" content=\"2020-09-18T11:27:39+00:00\" \/>\n<meta name=\"twitter:label1\" content=\"Gesch\u00e4tzte Lesezeit\" \/>\n\t<meta name=\"twitter:data1\" content=\"1\u00a0Minute\" \/>\n<script type=\"application\/ld+json\" class=\"yoast-schema-graph\">{\"@context\":\"https:\\\/\\\/schema.org\",\"@graph\":[{\"@type\":\"WebPage\",\"@id\":\"https:\\\/\\\/hotel-marcopolo.com\\\/de\\\/der-weinausflug-exklusiv\\\/\",\"url\":\"https:\\\/\\\/hotel-marcopolo.com\\\/de\\\/der-weinausflug-exklusiv\\\/\",\"name\":\"Der Weinausflug Exklusiv &#8211; Hotel Marco Polo\",\"isPartOf\":{\"@id\":\"https:\\\/\\\/hotel-marcopolo.com\\\/hr\\\/#website\"},\"datePublished\":\"2020-02-23T17:02:12+00:00\",\"dateModified\":\"2020-09-18T11:27:39+00:00\",\"breadcrumb\":{\"@id\":\"https:\\\/\\\/hotel-marcopolo.com\\\/de\\\/der-weinausflug-exklusiv\\\/#breadcrumb\"},\"inLanguage\":\"de\",\"potentialAction\":[{\"@type\":\"ReadAction\",\"target\":[\"https:\\\/\\\/hotel-marcopolo.com\\\/de\\\/der-weinausflug-exklusiv\\\/\"]}]},{\"@type\":\"BreadcrumbList\",\"@id\":\"https:\\\/\\\/hotel-marcopolo.com\\\/de\\\/der-weinausflug-exklusiv\\\/#breadcrumb\",\"itemListElement\":[{\"@type\":\"ListItem\",\"position\":1,\"name\":\"Home\",\"item\":\"https:\\\/\\\/hotel-marcopolo.com\\\/de\\\/\"},{\"@type\":\"ListItem\",\"position\":2,\"name\":\"Der Weinausflug Exklusiv\"}]},{\"@type\":\"WebSite\",\"@id\":\"https:\\\/\\\/hotel-marcopolo.com\\\/hr\\\/#website\",\"url\":\"https:\\\/\\\/hotel-marcopolo.com\\\/hr\\\/\",\"name\":\"Hotel Marco Polo\",\"description\":\"Boutique Hotel Marco Polo\",\"publisher\":{\"@id\":\"https:\\\/\\\/hotel-marcopolo.com\\\/hr\\\/#organization\"},\"potentialAction\":[{\"@type\":\"SearchAction\",\"target\":{\"@type\":\"EntryPoint\",\"urlTemplate\":\"https:\\\/\\\/hotel-marcopolo.com\\\/hr\\\/?s={search_term_string}\"},\"query-input\":{\"@type\":\"PropertyValueSpecification\",\"valueRequired\":true,\"valueName\":\"search_term_string\"}}],\"inLanguage\":\"de\"},{\"@type\":\"Organization\",\"@id\":\"https:\\\/\\\/hotel-marcopolo.com\\\/hr\\\/#organization\",\"name\":\"Hotel Marco Polo\",\"url\":\"https:\\\/\\\/hotel-marcopolo.com\\\/hr\\\/\",\"logo\":{\"@type\":\"ImageObject\",\"inLanguage\":\"de\",\"@id\":\"https:\\\/\\\/hotel-marcopolo.com\\\/hr\\\/#\\\/schema\\\/logo\\\/image\\\/\",\"url\":\"https:\\\/\\\/hotel-marcopolo.com\\\/wp-content\\\/uploads\\\/2020\\\/02\\\/cropped-logo_512.png\",\"contentUrl\":\"https:\\\/\\\/hotel-marcopolo.com\\\/wp-content\\\/uploads\\\/2020\\\/02\\\/cropped-logo_512.png\",\"width\":512,\"height\":512,\"caption\":\"Hotel Marco Polo\"},\"image\":{\"@id\":\"https:\\\/\\\/hotel-marcopolo.com\\\/hr\\\/#\\\/schema\\\/logo\\\/image\\\/\"},\"sameAs\":[\"https:\\\/\\\/www.facebook.com\\\/Boutiquehotelmarcopolo\",\"https:\\\/\\\/www.instagram.com\\\/boutiquehotelmarcopolo\\\/\",\"https:\\\/\\\/youtube.com\\\/user\\\/HotelMarcoPoloCRO\"]}]}<\/script>\n<!-- \/ Yoast SEO plugin. -->","yoast_head_json":{"title":"Der Weinausflug Exklusiv &#8211; Hotel Marco Polo","robots":{"index":"index","follow":"follow","max-snippet":"max-snippet:-1","max-image-preview":"max-image-preview:large","max-video-preview":"max-video-preview:-1"},"canonical":"https:\/\/hotel-marcopolo.com\/de\/der-weinausflug-exklusiv\/","og_locale":"de_DE","og_type":"article","og_title":"Der Weinausflug Exklusiv &#8211; Hotel Marco Polo","og_description":"[vc_row][vc_column][\/vc_column][vc_column width=&#8220;1\/2&#8243;][vc_column_text] Der Ausflug der alles hat, den Sie aber nicht machen sollten wenn Sie keinen Wein lieben. Nach kurzer Fahrt \u00fcber den Kanal erreichen wir den alten Seemanns und Fischerhafen Trpanj, dann starten wir unser Abenteuer, in einem kleinen klimatisierten Kleinbus, unser Abendteuer \u00fcber die Weinberge. Sie werden \u00fcber die kroatische Wein Kultur und [&hellip;]","og_url":"https:\/\/hotel-marcopolo.com\/de\/der-weinausflug-exklusiv\/","og_site_name":"Hotel Marco Polo","article_publisher":"https:\/\/www.facebook.com\/Boutiquehotelmarcopolo","article_modified_time":"2020-09-18T11:27:39+00:00","twitter_misc":{"Gesch\u00e4tzte Lesezeit":"1\u00a0Minute"},"schema":{"@context":"https:\/\/schema.org","@graph":[{"@type":"WebPage","@id":"https:\/\/hotel-marcopolo.com\/de\/der-weinausflug-exklusiv\/","url":"https:\/\/hotel-marcopolo.com\/de\/der-weinausflug-exklusiv\/","name":"Der Weinausflug Exklusiv &#8211; Hotel Marco Polo","isPartOf":{"@id":"https:\/\/hotel-marcopolo.com\/hr\/#website"},"datePublished":"2020-02-23T17:02:12+00:00","dateModified":"2020-09-18T11:27:39+00:00","breadcrumb":{"@id":"https:\/\/hotel-marcopolo.com\/de\/der-weinausflug-exklusiv\/#breadcrumb"},"inLanguage":"de","potentialAction":[{"@type":"ReadAction","target":["https:\/\/hotel-marcopolo.com\/de\/der-weinausflug-exklusiv\/"]}]},{"@type":"BreadcrumbList","@id":"https:\/\/hotel-marcopolo.com\/de\/der-weinausflug-exklusiv\/#breadcrumb","itemListElement":[{"@type":"ListItem","position":1,"name":"Home","item":"https:\/\/hotel-marcopolo.com\/de\/"},{"@type":"ListItem","position":2,"name":"Der Weinausflug Exklusiv"}]},{"@type":"WebSite","@id":"https:\/\/hotel-marcopolo.com\/hr\/#website","url":"https:\/\/hotel-marcopolo.com\/hr\/","name":"Hotel Marco Polo","description":"Boutique Hotel Marco Polo","publisher":{"@id":"https:\/\/hotel-marcopolo.com\/hr\/#organization"},"potentialAction":[{"@type":"SearchAction","target":{"@type":"EntryPoint","urlTemplate":"https:\/\/hotel-marcopolo.com\/hr\/?s={search_term_string}"},"query-input":{"@type":"PropertyValueSpecification","valueRequired":true,"valueName":"search_term_string"}}],"inLanguage":"de"},{"@type":"Organization","@id":"https:\/\/hotel-marcopolo.com\/hr\/#organization","name":"Hotel Marco Polo","url":"https:\/\/hotel-marcopolo.com\/hr\/","logo":{"@type":"ImageObject","inLanguage":"de","@id":"https:\/\/hotel-marcopolo.com\/hr\/#\/schema\/logo\/image\/","url":"https:\/\/hotel-marcopolo.com\/wp-content\/uploads\/2020\/02\/cropped-logo_512.png","contentUrl":"https:\/\/hotel-marcopolo.com\/wp-content\/uploads\/2020\/02\/cropped-logo_512.png","width":512,"height":512,"caption":"Hotel Marco Polo"},"image":{"@id":"https:\/\/hotel-marcopolo.com\/hr\/#\/schema\/logo\/image\/"},"sameAs":["https:\/\/www.facebook.com\/Boutiquehotelmarcopolo","https:\/\/www.instagram.com\/boutiquehotelmarcopolo\/","https:\/\/youtube.com\/user\/HotelMarcoPoloCRO"]}]}},"_links":{"self":[{"href":"https:\/\/hotel-marcopolo.com\/de\/wp-json\/wp\/v2\/pages\/3536","targetHints":{"allow":["GET"]}}],"collection":[{"href":"https:\/\/hotel-marcopolo.com\/de\/wp-json\/wp\/v2\/pages"}],"about":[{"href":"https:\/\/hotel-marcopolo.com\/de\/wp-json\/wp\/v2\/types\/page"}],"author":[{"embeddable":true,"href":"https:\/\/hotel-marcopolo.com\/de\/wp-json\/wp\/v2\/users\/1"}],"replies":[{"embeddable":true,"href":"https:\/\/hotel-marcopolo.com\/de\/wp-json\/wp\/v2\/comments?post=3536"}],"version-history":[{"count":3,"href":"https:\/\/hotel-marcopolo.com\/de\/wp-json\/wp\/v2\/pages\/3536\/revisions"}],"predecessor-version":[{"id":4288,"href":"https:\/\/hotel-marcopolo.com\/de\/wp-json\/wp\/v2\/pages\/3536\/revisions\/4288"}],"wp:attachment":[{"href":"https:\/\/hotel-marcopolo.com\/de\/wp-json\/wp\/v2\/media?parent=3536"}],"curies":[{"name":"wp","href":"https:\/\/api.w.org\/{rel}","templated":true}]}}