{"id":3504,"date":"2020-02-23T17:35:21","date_gmt":"2020-02-23T16:35:21","guid":{"rendered":"http:\/\/dev.hotel-marcopolo.com\/?page_id=3504"},"modified":"2024-10-18T18:00:55","modified_gmt":"2024-10-18T16:00:55","slug":"erfahrung","status":"publish","type":"page","link":"https:\/\/hotel-marcopolo.com\/de\/erfahrung\/","title":{"rendered":"Erfahrung"},"content":{"rendered":"<div class=\"wpb-content-wrapper\">[vc_row full_width=&#8220;stretch_row_content_no_spaces&#8220; css=&#8220;.vc_custom_1582229591402{background-color: #0f2453 !important;background-position: center !important;background-repeat: no-repeat !important;background-size: cover !important;}&#8220;][vc_column]<h1 class=\"calluna-heading calluna-heading-single-line text-align-center \" style=\"font-size: 40px;color: #967a50;\"><span>Erfahrung<\/span><\/h1>[\/vc_column][\/vc_row][vc_row full_width=&#8220;stretch_row_content_no_spaces&#8220;][vc_column css=&#8220;.vc_custom_1582454331878{padding-top: 150px !important;padding-right: 150px !important;padding-bottom: 150px !important;padding-left: 150px !important;background-image: url(https:\/\/hotel-marcopolo.com\/wp-content\/uploads\/2020\/02\/experience.jpg?id=3340) !important;background-position: center !important;background-repeat: no-repeat !important;background-size: cover !important;}&#8220;][vc_column_text css=&#8220;.vc_custom_1582475791857{padding-top: 0px !important;padding-bottom: 0px !important;}&#8220;]\n<p style=\"text-align: center;\">\t<a class=\"paoc-popup-click paoc-popup-cust-3507 paoc-popup-button paoc-popup-btn \" href=\"javascript:void(0);\">Lesen Sie mehr<\/a>\r\n\n[\/vc_column_text][\/vc_column][\/vc_row][vc_row full_width=&#8220;stretch_row_content&#8220; css=&#8220;.vc_custom_1582236526774{background-color: #0f2453 !important;}&#8220; el_id=&#8220;packages&#8220;][vc_column][vc_column_text]\n<p style=\"color: #fff;\">Wenn Sie w\u00e4hrend Ihres Urlaubs aktiv bleiben m\u00f6chten haben wir eine gro\u03b2e Auswahl an lustigen und unterhaltsamen Aktivit\u00e4ten. Es geht sich nicht nur darum Kalorien zu verbrennen oder sich durch die t\u00e4gliche Sport Routiene zu bringen. Es geht sich darum ihre Batterien wieder neu aufzuladen, und grossartige Erinnerungen zu schaffen. Wir garantieren Ihnen es gibt kein besseres und schnelleres Ladeger\u00e4t, als das kristallklare und salzige Mittelmeer, die reine dalmatinische Natur und Luft, in Verbindung mit den herrlichen gesunden Lebensmitteln.<\/p>\n[\/vc_column_text][\/vc_column][vc_column width=&#8220;1\/4&#8243;]<h2 class=\"calluna-heading calluna-heading-single-line text-align-left \" style=\"color: #967a50;\"><span>Seien Sie aktiv<\/span><\/h2>[\/vc_column][vc_column width=&#8220;1\/4&#8243;][vc_hoverbox image=&#8220;3358&#8243; primary_title=&#8220;Hotel Fitness Raum&#8220; hover_title=&#8220;&#8220; el_class=&#8220;text_shadow&#8220;]GUT AUSGESTATTET\t<a class=\"paoc-popup-click paoc-popup-cust-3508 paoc-popup-button paoc-popup-btn \" href=\"javascript:void(0);\">Lesen Sie mehr<\/a>\r\n[\/vc_hoverbox][\/vc_column][vc_column width=&#8220;1\/4&#8243;][vc_hoverbox image=&#8220;3361&#8243; primary_title=&#8220;Fahrradtouren&#8220; hover_title=&#8220;&#8220; el_class=&#8220;text_shadow&#8220;]Wir sind ein registriertes Fahrradhotel mit Fahrr\u00e4dern, Garage, Strecken f\u00fcr MTB und Rennr\u00e4der. Spezielle Gruppenangebote f\u00fcr Mannschaften und Vereine.<\/p>\n\t<a class=\"paoc-popup-click paoc-popup-cust-3510 paoc-popup-button paoc-popup-btn \" href=\"javascript:void(0);\">Lesen Sie mehr<\/a>\r\n\n[\/vc_hoverbox][\/vc_column][vc_column width=&#8220;1\/4&#8243;][vc_hoverbox image=&#8220;3352&#8243; primary_title=&#8220;Hiking und Tracking&#8220; hover_title=&#8220;&#8220; el_class=&#8220;text_shadow&#8220;]SATELITEN MAPPEN HOTELEIGENER F\u00dcHRER&#8220;\t<a class=\"paoc-popup-click paoc-popup-cust-3511 paoc-popup-button paoc-popup-btn \" href=\"javascript:void(0);\">Lesen Sie mehr<\/a>\r\n\n[\/vc_hoverbox][\/vc_column][vc_column][\/vc_column][vc_column width=&#8220;1\/4&#8243;][vc_hoverbox image=&#8220;3349&#8243; primary_title=&#8220;Fischen&#8220; hover_title=&#8220;&#8220; el_class=&#8220;text_shadow&#8220;]&#8220;UNVERGESSLICH&#8220;]\t<a class=\"paoc-popup-click paoc-popup-cust-3512 paoc-popup-button paoc-popup-btn \" href=\"javascript:void(0);\">Lesen Sie mehr<\/a>\r\n\n[\/vc_hoverbox][\/vc_column][vc_column width=&#8220;1\/4&#8243;][vc_hoverbox image=&#8220;2637&#8243; primary_title=&#8220;Auto vermietungen&#8220; hover_title=&#8220;&#8220; el_class=&#8220;text_shadow&#8220;]2 NEUE HOTELAUTOS UND SCOOTER ZU VERMIETUNG<\/p>\n\t<a class=\"paoc-popup-click paoc-popup-cust-3513 paoc-popup-button paoc-popup-btn \" href=\"javascript:void(0);\">Lesen Sie mehr<\/a>\r\n\n[\/vc_hoverbox][\/vc_column][vc_column width=&#8220;1\/4&#8243;][vc_hoverbox image=&#8220;3355&#8243; primary_title=&#8220;Windsurfen &amp; Kitesurfen&#8220; hover_title=&#8220;&#8220; el_class=&#8220;text_shadow&#8220;]BESTER SPOT &#8211; DELTA NERETVA SAND BEACHES &amp; BLACE. BESONDERER RABATT F\u00dcR KITERSURFER<\/p>\n\t<a class=\"paoc-popup-click paoc-popup-cust-3514 paoc-popup-button paoc-popup-btn \" href=\"javascript:void(0);\">Lesen Sie mehr<\/a>\r\n\n[\/vc_hoverbox][\/vc_column][vc_column width=&#8220;1\/4&#8243;][vc_hoverbox image=&#8220;3364&#8243; primary_title=&#8220;Steh auf und paddel&#8220; hover_title=&#8220;&#8220; el_class=&#8220;text_shadow&#8220;]&#8220;NICHTS IST UNM\u00d6GLICH&#8220;]\t<a class=\"paoc-popup-click paoc-popup-cust-3515 paoc-popup-button paoc-popup-btn \" href=\"javascript:void(0);\">Lesen Sie mehr<\/a>\r\n\n[\/vc_hoverbox][\/vc_column][\/vc_row][vc_row full_width=&#8220;stretch_row_content&#8220; css=&#8220;.vc_custom_1582457641164{padding-bottom: 50px !important;background-color: #0f2453 !important;}&#8220;][vc_column]<h2 class=\"calluna-heading calluna-heading-single-line text-align-left \" style=\"color: #967a50;\"><span>Sei faul<\/span><\/h2>[vc_column_text]\n<p style=\"color: #fff;\">Andere laden ihre Batterien nicht mit Sport und Aktivit\u1f04ten auf, sondern mit Faulenzen. Lassen Sie uns ihr \u201e Butler\u201c daf\u03cbr sein, lassen Sie uns f\u03cbr Sie die Cocktails sch\u03cbtteln, wir heizen die Sauna f\u03cbr Sie und verw\u1f43hnen Ihren K\u1f43rper und Ihre Seele, wehrend Ihres Aufenthalts, hier in unserem Haus.<\/p>\n[\/vc_column_text][\/vc_column][vc_column width=&#8220;1\/3&#8243;][vc_hoverbox image=&#8220;3390&#8243; primary_title=&#8220;Sonnenliegen&#8220; hover_title=&#8220;&#8220;]\t<a class=\"paoc-popup-click paoc-popup-cust-3516 paoc-popup-button paoc-popup-btn \" href=\"javascript:void(0);\">Lesen Sie mehr<\/a>\r\n\n[\/vc_hoverbox][\/vc_column][vc_column width=&#8220;1\/3&#8243;][vc_hoverbox image=&#8220;3387&#8243; primary_title=&#8220;Jacuzzi und Sauna&#8220; hover_title=&#8220;&#8220;]\t<a class=\"paoc-popup-click paoc-popup-cust-3517 paoc-popup-button paoc-popup-btn \" href=\"javascript:void(0);\">Lesen Sie mehr<\/a>\r\n\n[\/vc_hoverbox][\/vc_column][vc_column width=&#8220;1\/3&#8243;][vc_hoverbox image=&#8220;3381&#8243; primary_title=&#8220;Massage &amp; Behandlungen&#8220; hover_title=&#8220;&#8220;]\t<a class=\"paoc-popup-click paoc-popup-cust-3518 paoc-popup-button paoc-popup-btn \" href=\"javascript:void(0);\">Lesen Sie mehr<\/a>\r\n\n[\/vc_hoverbox][\/vc_column][vc_column width=&#8220;1\/3&#8243;][vc_hoverbox image=&#8220;3384&#8243; primary_title=&#8220;W\u00e4hlen Sie ein Buch&#8220; hover_title=&#8220;&#8220;]\t<a class=\"paoc-popup-click paoc-popup-cust-3519 paoc-popup-button paoc-popup-btn \" href=\"javascript:void(0);\">Lesen Sie mehr<\/a>\r\n\n[\/vc_hoverbox][\/vc_column][vc_column width=&#8220;1\/3&#8243;][vc_hoverbox image=&#8220;3378&#8243; primary_title=&#8220;Entspannen Sie&#8220; hover_title=&#8220;&#8220;]\t<a class=\"paoc-popup-click paoc-popup-cust-3520 paoc-popup-button paoc-popup-btn \" href=\"javascript:void(0);\">Lesen Sie mehr<\/a>\r\n\n[\/vc_hoverbox][\/vc_column][vc_column width=&#8220;1\/3&#8243;][vc_hoverbox image=&#8220;3393&#8243; primary_title=&#8220;Weinprobe&#8220; hover_title=&#8220;&#8220;]\t<a class=\"paoc-popup-click paoc-popup-cust-3521 paoc-popup-button paoc-popup-btn \" href=\"javascript:void(0);\">Lesen Sie mehr<\/a>\r\n\n[\/vc_hoverbox][\/vc_column][\/vc_row][vc_row full_width=&#8220;stretch_row_content&#8220; css=&#8220;.vc_custom_1582457641164{padding-bottom: 50px !important;background-color: #0f2453 !important;}&#8220;][vc_column]<h2 class=\"calluna-heading calluna-heading-single-line text-align-left \" style=\"color: #967a50;\"><span>Abenteuerlich sei \/ Unsere Hotelausfl\u00fcge<\/span><\/h2>[vc_column_text]\n<p>I am text block. Click edit button to change this text. Lorem ipsum dolor sit amet, consectetur adipiscing elit. Ut elit tellus, luctus nec ullamcorper mattis, pulvinar dapibus leo.<\/p>\n[\/vc_column_text][\/vc_column][vc_column width=&#8220;1\/3&#8243;][vc_hoverbox image=&#8220;3407&#8243; primary_title=&#8220;Oliven\u1f43l Ausflug&#8220; hover_title=&#8220;&#8220; el_class=&#8220;text_shadow&#8220;]\t<a class=\"paoc-popup-click paoc-popup-cust-3523 paoc-popup-button paoc-popup-btn \" href=\"javascript:void(0);\">Lesen Sie mehr<\/a>\r\n\n[\/vc_hoverbox][\/vc_column][vc_column width=&#8220;1\/3&#8243;][vc_hoverbox image=&#8220;3410&#8243; primary_title=&#8220;Oliven Ausflug&#8220; hover_title=&#8220;&#8220; el_class=&#8220;text_shadow&#8220;]\t<a class=\"paoc-popup-click paoc-popup-cust-3524 paoc-popup-button paoc-popup-btn \" href=\"javascript:void(0);\">Lesen Sie mehr<\/a>\r\n\n[\/vc_hoverbox][\/vc_column][vc_column width=&#8220;1\/3&#8243;][vc_hoverbox image=&#8220;3419&#8243; primary_title=&#8220;Erkunden Sie die Biokovo&#8220; hover_title=&#8220;&#8220; el_class=&#8220;text_shadow&#8220;]\t<a class=\"paoc-popup-click paoc-popup-cust-3525 paoc-popup-button paoc-popup-btn \" href=\"javascript:void(0);\">Lesen Sie mehr<\/a>\r\n\n[\/vc_hoverbox][\/vc_column][vc_column width=&#8220;1\/3&#8243;][vc_hoverbox image=&#8220;3404&#8243; primary_title=&#8220;Autentisches Hvar&#8220; hover_title=&#8220;&#8220; el_class=&#8220;text_shadow&#8220;]\t<a class=\"paoc-popup-click paoc-popup-cust-3532 paoc-popup-button paoc-popup-btn \" href=\"javascript:void(0);\">Lesen Sie mehr<\/a>\r\n\n[\/vc_hoverbox][\/vc_column][vc_column width=&#8220;1\/3&#8243;][vc_hoverbox image=&#8220;3413&#8243; primary_title=&#8220;Der kleine Weinausflug&#8220; hover_title=&#8220;&#8220; el_class=&#8220;text_shadow&#8220;]\t<a class=\"paoc-popup-click paoc-popup-cust-3534 paoc-popup-button paoc-popup-btn \" href=\"javascript:void(0);\">Lesen Sie mehr<\/a>\r\n\n[\/vc_hoverbox][\/vc_column][vc_column width=&#8220;1\/3&#8243;][vc_hoverbox image=&#8220;3416&#8243; primary_title=&#8220;Der Weinausflug Exklusiv&#8220; hover_title=&#8220;&#8220; el_class=&#8220;text_shadow&#8220;]\t<a class=\"paoc-popup-click paoc-popup-cust-3535 paoc-popup-button paoc-popup-btn \" href=\"javascript:void(0);\">Lesen Sie mehr<\/a>\r\n\n[\/vc_hoverbox][\/vc_column][\/vc_row][vc_row full_width=&#8220;stretch_row_content&#8220; css=&#8220;.vc_custom_1582204839668{padding-top: 50px !important;}&#8220; el_class=&#8220;accent-background&#8220;][vc_column]<h2 class=\"calluna-heading calluna-heading-single-line text-align-center \" ><span>Im Herzen von Dalmatien<\/span><\/h2>[\/vc_column][vc_column][vc_column_text css=&#8220;.vc_custom_1582477385958{padding-right: 20px !important;padding-bottom: 50px !important;padding-left: 20px !important;}&#8220;]Wir glauben, dass die Lage von Gradac einer unserer gr\u00f6\u03b2ten Vorteile ist, lassen Sie uns mal sehen, was da alles um uns herum zu erkunden gibt. Geographisch gesehen, gibt es kaum einen anderen Ort, in ganz Kroatien, der mehr ber\u00fchmte Sehensw\u00fcrdigkeiten zu bieten hat im Umkreis von 1-2 Stunden. Es gibt so viel zu entdecken und zu sehen, das sogar 14 Tage in unserem Hotel nicht ausreichen w\u00fcrden um alles zu sehen. Es gibt kulturelles, herrliche Natur, historisches, religi\u00f6ses, l\u00e4ndliche Idylle, St\u00e4dte und hervorragendes Essen. Es gibt f\u00fcr jeden etwas. Wenn Sie die grossen Attraktionen schon gesehen haben warten noch eine Menge geheimer Attraktionen auf Sie. Gradac ist ein perfekter Badeort wo Sie sich zwischen den Ausfl\u00fcgen erholen k\u00f6nnen. Dann ist da der Komfort den Sie in unserem Hotel haben, da wir Ihnen mit indvidueller Hilfe immer zur Seite stehen. Und so Erkunden Sie unser Land und geniessen einen perfekten Urlaub. Auch wenn Sie schon alles gesehen haben , kommen Sie doch einfach zu uns um Ihre Batterien aufzuladen. Kombinieren Sie Ihren Urlaub mit unseren Partnerhotels in ganz anderen Landschaften, aus allen Teilen Kroatiens. Istrien, Kvarner, Zadar-Umgebung, Konvale, Slawonien oder einige der 1000 verschiedenen Inseln, es ist Ihre Wahl.<\/p>\n<p>Wir haben Karten und Wegbeschreibungen an der Rezeption, und k\u00f6nnen Sie auch einen Teil begleiten.[\/vc_column_text][\/vc_column][\/vc_row][vc_row full_width=&#8220;stretch_row_content&#8220; el_class=&#8220;accent-background&#8220;][vc_column][vc_raw_html css=&#8220;&#8220;]JTNDaWZyYW1lJTIwc2FuZGJveCUzRCUyMmFsbG93LXNjcmlwdHMlMjBhbGxvdy1zYW1lLW9yaWdpbiUyMGFsbG93LXBvcHVwcyUyMiUyMHNyYyUzRCUyMmh0dHBzJTNBJTJGJTJGd3d3Lmdvb2dsZS5jb20lMkZtYXBzJTJGZCUyRmVtYmVkJTNGbWlkJTNEMXIwUWI0bXVGSVJWQkNCRjBLZm5WLU0tNGJTYyUyMiUyMHdpZHRoJTNEJTIyMTAwJTI1JTIyJTIwaGVpZ2h0JTNEJTIyNDgwJTIyJTNFJTNDJTJGaWZyYW1lJTNF[\/vc_raw_html][\/vc_column][vc_column width=&#8220;1\/3&#8243;][vc_column_text]\n<p><strong>Ber\u00fchmte Sehensw\u00fcrdigkeiten <\/strong><\/p>\n<p>1. Dubrovnik \u2013 98km<\/p>\n<p>2. Heiliger Schrein Medugorje (Herzegowina) &#8211; 45km<\/p>\n<p>3. Mostar &#8211; 80km<\/p>\n<p>4. Korcula Stadt \u2013 50km mit Boot \u2013 100km mit Auto<\/p>\n<p>5. Hvar Stadt \u2013 64km mit Boot \u2013 100km mit Auto<\/p>\n<p>6. Split \u2013 100km<\/p>\n<p>7. Trogir \u2013 125km<\/p>\n<p>8. Nationaler Park Insel Mljet \u2013 105 km<\/p>\n<p>9. Nationaler Park Krka Wasserf\u00e4lle \u2013 190km<\/p>\n<p>10. Sarajevo \u2013 Hauptstadt von Bosnien &amp; Herzegowina \u2013 210km<\/p>\n[\/vc_column_text][\/vc_column][vc_column width=&#8220;1\/3&#8243;][vc_column_text]\n<p><strong>Einhimishce Sehensw\u00fcrdigkeiten<\/strong><\/p>\n<p>11. Etno Dorf Kokorici- 10km zu Fuss \u00fcber die Berge- 35km mit dem Auto<\/p>\n<p>12. Bacina Seen \u2013 8km;<\/p>\n<p>13. Fluss Neretva \u201eSumpf Safari\u201c -25km<\/p>\n<p>14. Delta Fluss Neretva \u2013 20km<\/p>\n<p>15. Narona\u2013 30km<\/p>\n<p>16. Drasnice \u2013 Freih- Kletterzone \u2013 30km<\/p>\n<p>17. Makarska \u2013Administratives Zentrum von der makarska Riviera &#8211; 35km<\/p>\n<p>18. Omis \u2013 80km<\/p>\n<p>19. Naturpark Biokovo \u2013 40km<\/p>\n<p>20. Naturpark Blidinje (Herzegowina) &#8211; 130km<\/p>\n[\/vc_column_text][\/vc_column][vc_column width=&#8220;1\/3&#8243;][vc_column_text]\n<p><strong>Einhimishce Sehensw\u00fcrdigkeiten<\/strong><\/p>\n<p>21. Wasserf\u00e4lle Kravica (Herzegovina) &#8211; 43km<\/p>\n<p>22. Ston &#8211; 50km<\/p>\n<p>23. Canyon Cetina &#8211; 65km<\/p>\n<p>24. Vjetrenica (Herzegowina) \u201395km<\/p>\n<p>25. Weinstrasse Peljesac 15km mit boot- 50km mit Auto<\/p>\n<p>26. Weinstrasse Herzegowina \u2013 45km<\/p>\n<p>27. Weinstrasse Imotski \u2013 75km<\/p>\n<p>28. Weinstrasse Konavle \u2013 120km<\/p>\n<p>29. HutovoBlato (Herzegowina) \u201350km<\/p>\n<p>30. Pocitelji (Herzegowina) \u2013 65km<\/p>\n<p>31. Lokale Bergspitzen Paskal, Vrisje, St. Ilja, Viter 3km-10km<\/p>\n[\/vc_column_text][\/vc_column][\/vc_row]\n<\/div>","protected":false},"excerpt":{"rendered":"<p>[vc_row full_width=&#8220;stretch_row_content_no_spaces&#8220; css=&#8220;.vc_custom_1582229591402{background-color: #0f2453 !important;background-position: center !important;background-repeat: no-repeat !important;background-size: cover !important;}&#8220;][vc_column][\/vc_column][\/vc_row][vc_row full_width=&#8220;stretch_row_content_no_spaces&#8220;][vc_column css=&#8220;.vc_custom_1582454331878{padding-top: 150px !important;padding-right: 150px !important;padding-bottom: 150px !important;padding-left: 150px !important;background-image: url(https:\/\/hotel-marcopolo.com\/wp-content\/uploads\/2020\/02\/experience.jpg?id=3340) !important;background-position: center !important;background-repeat: no-repeat !important;background-size: cover !important;}&#8220;][vc_column_text css=&#8220;.vc_custom_1582475791857{padding-top: 0px !important;padding-bottom: 0px !important;}&#8220;] [\/vc_column_text][\/vc_column][\/vc_row][vc_row full_width=&#8220;stretch_row_content&#8220; css=&#8220;.vc_custom_1582236526774{background-color: #0f2453 !important;}&#8220; el_id=&#8220;packages&#8220;][vc_column][vc_column_text] Wenn Sie w\u00e4hrend Ihres Urlaubs aktiv bleiben m\u00f6chten haben wir eine gro\u03b2e Auswahl an lustigen [&hellip;]<\/p>\n","protected":false},"author":1,"featured_media":0,"parent":0,"menu_order":0,"comment_status":"closed","ping_status":"closed","template":"","meta":{"footnotes":""},"class_list":["post-3504","page","type-page","status-publish","hentry"],"yoast_head":"<!-- This site is optimized with the Yoast SEO plugin v27.4 - https:\/\/yoast.com\/product\/yoast-seo-wordpress\/ -->\n<title>Erfahrung &#8211; Hotel Marco Polo<\/title>\n<meta name=\"description\" content=\"Wenn Sie w\u00e4hrend Ihres Urlaubs aktiv bleiben m\u00f6chten haben wir eine gro\u03b2e Auswahl an lustigen und unterhaltsamen Aktivit\u00e4ten. Es geht sich nicht nur...\" \/>\n<meta name=\"robots\" content=\"index, follow, max-snippet:-1, max-image-preview:large, max-video-preview:-1\" \/>\n<link rel=\"canonical\" href=\"https:\/\/hotel-marcopolo.com\/de\/erfahrung\/\" \/>\n<meta property=\"og:locale\" content=\"de_DE\" \/>\n<meta property=\"og:type\" content=\"article\" \/>\n<meta property=\"og:title\" content=\"Erfahrung &#8211; Hotel Marco Polo\" \/>\n<meta property=\"og:description\" content=\"Wenn Sie w\u00e4hrend Ihres Urlaubs aktiv bleiben m\u00f6chten haben wir eine gro\u03b2e Auswahl an lustigen und unterhaltsamen Aktivit\u00e4ten. Es geht sich nicht nur...\" \/>\n<meta property=\"og:url\" content=\"https:\/\/hotel-marcopolo.com\/de\/erfahrung\/\" \/>\n<meta property=\"og:site_name\" content=\"Hotel Marco Polo\" \/>\n<meta property=\"article:publisher\" content=\"https:\/\/www.facebook.com\/Boutiquehotelmarcopolo\" \/>\n<meta property=\"article:modified_time\" content=\"2024-10-18T16:00:55+00:00\" \/>\n<meta name=\"twitter:label1\" content=\"Gesch\u00e4tzte Lesezeit\" \/>\n\t<meta name=\"twitter:data1\" content=\"5\u00a0Minuten\" \/>\n<script type=\"application\/ld+json\" class=\"yoast-schema-graph\">{\"@context\":\"https:\\\/\\\/schema.org\",\"@graph\":[{\"@type\":\"WebPage\",\"@id\":\"https:\\\/\\\/hotel-marcopolo.com\\\/de\\\/erfahrung\\\/\",\"url\":\"https:\\\/\\\/hotel-marcopolo.com\\\/de\\\/erfahrung\\\/\",\"name\":\"Erfahrung &#8211; Hotel Marco Polo\",\"isPartOf\":{\"@id\":\"https:\\\/\\\/hotel-marcopolo.com\\\/hr\\\/#website\"},\"datePublished\":\"2020-02-23T16:35:21+00:00\",\"dateModified\":\"2024-10-18T16:00:55+00:00\",\"description\":\"Wenn Sie w\u00e4hrend Ihres Urlaubs aktiv bleiben m\u00f6chten haben wir eine gro\u03b2e Auswahl an lustigen und unterhaltsamen Aktivit\u00e4ten. Es geht sich nicht nur...\",\"breadcrumb\":{\"@id\":\"https:\\\/\\\/hotel-marcopolo.com\\\/de\\\/erfahrung\\\/#breadcrumb\"},\"inLanguage\":\"de\",\"potentialAction\":[{\"@type\":\"ReadAction\",\"target\":[\"https:\\\/\\\/hotel-marcopolo.com\\\/de\\\/erfahrung\\\/\"]}]},{\"@type\":\"BreadcrumbList\",\"@id\":\"https:\\\/\\\/hotel-marcopolo.com\\\/de\\\/erfahrung\\\/#breadcrumb\",\"itemListElement\":[{\"@type\":\"ListItem\",\"position\":1,\"name\":\"Home\",\"item\":\"https:\\\/\\\/hotel-marcopolo.com\\\/de\\\/\"},{\"@type\":\"ListItem\",\"position\":2,\"name\":\"Erfahrung\"}]},{\"@type\":\"WebSite\",\"@id\":\"https:\\\/\\\/hotel-marcopolo.com\\\/hr\\\/#website\",\"url\":\"https:\\\/\\\/hotel-marcopolo.com\\\/hr\\\/\",\"name\":\"Hotel Marco Polo\",\"description\":\"Boutique Hotel Marco Polo\",\"publisher\":{\"@id\":\"https:\\\/\\\/hotel-marcopolo.com\\\/hr\\\/#organization\"},\"potentialAction\":[{\"@type\":\"SearchAction\",\"target\":{\"@type\":\"EntryPoint\",\"urlTemplate\":\"https:\\\/\\\/hotel-marcopolo.com\\\/hr\\\/?s={search_term_string}\"},\"query-input\":{\"@type\":\"PropertyValueSpecification\",\"valueRequired\":true,\"valueName\":\"search_term_string\"}}],\"inLanguage\":\"de\"},{\"@type\":\"Organization\",\"@id\":\"https:\\\/\\\/hotel-marcopolo.com\\\/hr\\\/#organization\",\"name\":\"Hotel Marco Polo\",\"url\":\"https:\\\/\\\/hotel-marcopolo.com\\\/hr\\\/\",\"logo\":{\"@type\":\"ImageObject\",\"inLanguage\":\"de\",\"@id\":\"https:\\\/\\\/hotel-marcopolo.com\\\/hr\\\/#\\\/schema\\\/logo\\\/image\\\/\",\"url\":\"https:\\\/\\\/hotel-marcopolo.com\\\/wp-content\\\/uploads\\\/2020\\\/02\\\/cropped-logo_512.png\",\"contentUrl\":\"https:\\\/\\\/hotel-marcopolo.com\\\/wp-content\\\/uploads\\\/2020\\\/02\\\/cropped-logo_512.png\",\"width\":512,\"height\":512,\"caption\":\"Hotel Marco Polo\"},\"image\":{\"@id\":\"https:\\\/\\\/hotel-marcopolo.com\\\/hr\\\/#\\\/schema\\\/logo\\\/image\\\/\"},\"sameAs\":[\"https:\\\/\\\/www.facebook.com\\\/Boutiquehotelmarcopolo\",\"https:\\\/\\\/www.instagram.com\\\/boutiquehotelmarcopolo\\\/\",\"https:\\\/\\\/youtube.com\\\/user\\\/HotelMarcoPoloCRO\"]}]}<\/script>\n<!-- \/ Yoast SEO plugin. -->","yoast_head_json":{"title":"Erfahrung &#8211; Hotel Marco Polo","description":"Wenn Sie w\u00e4hrend Ihres Urlaubs aktiv bleiben m\u00f6chten haben wir eine gro\u03b2e Auswahl an lustigen und unterhaltsamen Aktivit\u00e4ten. Es geht sich nicht nur...","robots":{"index":"index","follow":"follow","max-snippet":"max-snippet:-1","max-image-preview":"max-image-preview:large","max-video-preview":"max-video-preview:-1"},"canonical":"https:\/\/hotel-marcopolo.com\/de\/erfahrung\/","og_locale":"de_DE","og_type":"article","og_title":"Erfahrung &#8211; Hotel Marco Polo","og_description":"Wenn Sie w\u00e4hrend Ihres Urlaubs aktiv bleiben m\u00f6chten haben wir eine gro\u03b2e Auswahl an lustigen und unterhaltsamen Aktivit\u00e4ten. Es geht sich nicht nur...","og_url":"https:\/\/hotel-marcopolo.com\/de\/erfahrung\/","og_site_name":"Hotel Marco Polo","article_publisher":"https:\/\/www.facebook.com\/Boutiquehotelmarcopolo","article_modified_time":"2024-10-18T16:00:55+00:00","twitter_misc":{"Gesch\u00e4tzte Lesezeit":"5\u00a0Minuten"},"schema":{"@context":"https:\/\/schema.org","@graph":[{"@type":"WebPage","@id":"https:\/\/hotel-marcopolo.com\/de\/erfahrung\/","url":"https:\/\/hotel-marcopolo.com\/de\/erfahrung\/","name":"Erfahrung &#8211; Hotel Marco Polo","isPartOf":{"@id":"https:\/\/hotel-marcopolo.com\/hr\/#website"},"datePublished":"2020-02-23T16:35:21+00:00","dateModified":"2024-10-18T16:00:55+00:00","description":"Wenn Sie w\u00e4hrend Ihres Urlaubs aktiv bleiben m\u00f6chten haben wir eine gro\u03b2e Auswahl an lustigen und unterhaltsamen Aktivit\u00e4ten. Es geht sich nicht nur...","breadcrumb":{"@id":"https:\/\/hotel-marcopolo.com\/de\/erfahrung\/#breadcrumb"},"inLanguage":"de","potentialAction":[{"@type":"ReadAction","target":["https:\/\/hotel-marcopolo.com\/de\/erfahrung\/"]}]},{"@type":"BreadcrumbList","@id":"https:\/\/hotel-marcopolo.com\/de\/erfahrung\/#breadcrumb","itemListElement":[{"@type":"ListItem","position":1,"name":"Home","item":"https:\/\/hotel-marcopolo.com\/de\/"},{"@type":"ListItem","position":2,"name":"Erfahrung"}]},{"@type":"WebSite","@id":"https:\/\/hotel-marcopolo.com\/hr\/#website","url":"https:\/\/hotel-marcopolo.com\/hr\/","name":"Hotel Marco Polo","description":"Boutique Hotel Marco Polo","publisher":{"@id":"https:\/\/hotel-marcopolo.com\/hr\/#organization"},"potentialAction":[{"@type":"SearchAction","target":{"@type":"EntryPoint","urlTemplate":"https:\/\/hotel-marcopolo.com\/hr\/?s={search_term_string}"},"query-input":{"@type":"PropertyValueSpecification","valueRequired":true,"valueName":"search_term_string"}}],"inLanguage":"de"},{"@type":"Organization","@id":"https:\/\/hotel-marcopolo.com\/hr\/#organization","name":"Hotel Marco Polo","url":"https:\/\/hotel-marcopolo.com\/hr\/","logo":{"@type":"ImageObject","inLanguage":"de","@id":"https:\/\/hotel-marcopolo.com\/hr\/#\/schema\/logo\/image\/","url":"https:\/\/hotel-marcopolo.com\/wp-content\/uploads\/2020\/02\/cropped-logo_512.png","contentUrl":"https:\/\/hotel-marcopolo.com\/wp-content\/uploads\/2020\/02\/cropped-logo_512.png","width":512,"height":512,"caption":"Hotel Marco Polo"},"image":{"@id":"https:\/\/hotel-marcopolo.com\/hr\/#\/schema\/logo\/image\/"},"sameAs":["https:\/\/www.facebook.com\/Boutiquehotelmarcopolo","https:\/\/www.instagram.com\/boutiquehotelmarcopolo\/","https:\/\/youtube.com\/user\/HotelMarcoPoloCRO"]}]}},"_links":{"self":[{"href":"https:\/\/hotel-marcopolo.com\/de\/wp-json\/wp\/v2\/pages\/3504","targetHints":{"allow":["GET"]}}],"collection":[{"href":"https:\/\/hotel-marcopolo.com\/de\/wp-json\/wp\/v2\/pages"}],"about":[{"href":"https:\/\/hotel-marcopolo.com\/de\/wp-json\/wp\/v2\/types\/page"}],"author":[{"embeddable":true,"href":"https:\/\/hotel-marcopolo.com\/de\/wp-json\/wp\/v2\/users\/1"}],"replies":[{"embeddable":true,"href":"https:\/\/hotel-marcopolo.com\/de\/wp-json\/wp\/v2\/comments?post=3504"}],"version-history":[{"count":22,"href":"https:\/\/hotel-marcopolo.com\/de\/wp-json\/wp\/v2\/pages\/3504\/revisions"}],"predecessor-version":[{"id":5235,"href":"https:\/\/hotel-marcopolo.com\/de\/wp-json\/wp\/v2\/pages\/3504\/revisions\/5235"}],"wp:attachment":[{"href":"https:\/\/hotel-marcopolo.com\/de\/wp-json\/wp\/v2\/media?parent=3504"}],"curies":[{"name":"wp","href":"https:\/\/api.w.org\/{rel}","templated":true}]}}